{"id":10368,"date":"2025-11-10T11:42:56","date_gmt":"2025-11-10T10:42:56","guid":{"rendered":"https:\/\/spryup.ch\/?page_id=10368"},"modified":"2026-03-15T19:43:06","modified_gmt":"2026-03-15T18:43:06","slug":"about-us","status":"publish","type":"page","link":"https:\/\/spryup.ch\/de\/about-us\/","title":{"rendered":"\u00dcber uns"},"content":{"rendered":"<div data-elementor-type=\"wp-page\" data-elementor-id=\"10368\" class=\"elementor elementor-10368\" data-elementor-post-type=\"page\">\n\t\t\t\t\t\t<section class=\"elementor-section elementor-top-section elementor-element elementor-element-583f6c4 elementor-section-boxed elementor-section-height-default elementor-section-height-default\" data-id=\"583f6c4\" data-element_type=\"section\" data-e-type=\"section\">\n\t\t\t\t\t\t<div class=\"elementor-container elementor-column-gap-default\">\n\t\t\t\t\t<div class=\"elementor-column elementor-col-50 elementor-top-column elementor-element elementor-element-669b4e23\" data-id=\"669b4e23\" data-element_type=\"column\" data-e-type=\"column\">\n\t\t\t<div class=\"elementor-widget-wrap elementor-element-populated\">\n\t\t\t\t\t\t<div class=\"elementor-element elementor-element-2ac44573 elementor-invisible elementor-widget elementor-widget-image\" data-id=\"2ac44573\" data-element_type=\"widget\" data-e-type=\"widget\" data-settings=\"{&quot;_animation&quot;:&quot;fadeInLeft&quot;}\" data-widget_type=\"image.default\">\n\t\t\t\t\t\t\t\t\t\t\t\t\t\t\t<img fetchpriority=\"high\" decoding=\"async\" width=\"451\" height=\"683\" src=\"https:\/\/spryup.ch\/wp-content\/uploads\/2025\/11\/Screenshot-from-2025-11-10-11-42-03.png\" class=\"attachment-1536x1536 size-1536x1536 wp-image-10382\" alt=\"\" srcset=\"https:\/\/spryup.ch\/wp-content\/uploads\/2025\/11\/Screenshot-from-2025-11-10-11-42-03.png 451w, https:\/\/spryup.ch\/wp-content\/uploads\/2025\/11\/Screenshot-from-2025-11-10-11-42-03-198x300.png 198w, https:\/\/spryup.ch\/wp-content\/uploads\/2025\/11\/Screenshot-from-2025-11-10-11-42-03-8x12.png 8w\" sizes=\"(max-width: 451px) 100vw, 451px\" title=\"\">\t\t\t\t\t\t\t\t\t\t\t\t\t\t\t<\/div>\n\t\t\t\t\t<\/div>\n\t\t<\/div>\n\t\t\t\t<div class=\"elementor-column elementor-col-50 elementor-top-column elementor-element elementor-element-2c32955f elementor-invisible\" data-id=\"2c32955f\" data-element_type=\"column\" data-e-type=\"column\" data-settings=\"{&quot;animation&quot;:&quot;fadeInRight&quot;}\">\n\t\t\t<div class=\"elementor-widget-wrap elementor-element-populated\">\n\t\t\t\t\t\t<div class=\"elementor-element elementor-element-a1f42de elementor-widget elementor-widget-heading\" data-id=\"a1f42de\" data-element_type=\"widget\" data-e-type=\"widget\" data-widget_type=\"heading.default\">\n\t\t\t\t\t<h2 class=\"elementor-heading-title elementor-size-default\">Wir von SPRY UP glauben, dass wahre Sch\u00f6nheit in Harmonie beginnt \u2013 zwischen Natur, Wissenschaft und t\u00e4glicher Pflege.<\/h2>\t\t\t\t<\/div>\n\t\t\t\t<div class=\"elementor-element elementor-element-513f0a32 elementor-widget elementor-widget-text-editor\" data-id=\"513f0a32\" data-element_type=\"widget\" data-e-type=\"widget\" data-widget_type=\"text-editor.default\">\n\t\t\t\t\t\t\t\t\t<p class=\"western\" lang=\"pt-BR\"><span lang=\"en-GB\">Kann Haarpflege gleichzeitig hocheffektiv und konsequent nachhaltig sein?<\/span><\/p>\t\t\t\t\t\t\t\t<\/div>\n\t\t\t\t<div class=\"elementor-element elementor-element-a2a4b7b elementor-widget elementor-widget-text-editor\" data-id=\"a2a4b7b\" data-element_type=\"widget\" data-e-type=\"widget\" data-widget_type=\"text-editor.default\">\n\t\t\t\t\t\t\t\t\t<p class=\"western\" lang=\"pt-BR\"><span lang=\"en-GB\">Wir haben uns vorgenommen, eine Linie zu entwickeln, die das beweist.<\/span><\/p><p class=\"western\" lang=\"pt-BR\"><span lang=\"en-GB\">Jedes Produkt ist 100% vegan. Wir w\u00e4hlen jede Komponente sorgf\u00e4ltig aus, um maximale Wirksamkeit ohne Kompromisse zu garantieren, und kombinieren pflanzliche Wirkstoffe mit sanfter gr\u00fcner Chemie.<\/span><\/p><p class=\"western\" lang=\"pt-BR\"><span lang=\"en-GB\">Unsere Verpackungen folgen der gleichen Philosophie: Sie sind auf pflanzlicher Basis hergestellt, biologisch abbaubar und industriell kompostierbar. Denn das, was das Produkt sch\u00fctzt, sollte genauso verantwortungsbewusst sein wie sein Inhalt.<\/span><\/p>\t\t\t\t\t\t\t\t<\/div>\n\t\t\t\t\t<\/div>\n\t\t<\/div>\n\t\t\t\t\t<\/div>\n\t\t<\/section>\n\t\t\t\t<section class=\"elementor-section elementor-top-section elementor-element elementor-element-678d6550 elementor-section-boxed elementor-section-height-default elementor-section-height-default elementor-invisible\" data-id=\"678d6550\" data-element_type=\"section\" data-e-type=\"section\" data-settings=\"{&quot;animation&quot;:&quot;fadeIn&quot;}\">\n\t\t\t\t\t\t<div class=\"elementor-container elementor-column-gap-default\">\n\t\t\t\t\t<div class=\"elementor-column elementor-col-100 elementor-top-column elementor-element elementor-element-622e6557\" data-id=\"622e6557\" data-element_type=\"column\" data-e-type=\"column\">\n\t\t\t<div class=\"elementor-widget-wrap elementor-element-populated\">\n\t\t\t\t\t\t<div class=\"elementor-element elementor-element-400c9fb3 elementor-widget elementor-widget-jet-headline\" data-id=\"400c9fb3\" data-element_type=\"widget\" data-e-type=\"widget\" data-widget_type=\"jet-headline.default\">\n\t\t\t\t<div class=\"elementor-widget-container\">\n\t\t\t\t\t<span class=\"jet-headline jet-headline--direction-horizontal\"><span class=\"jet-headline__part jet-headline__first\"><span class=\"jet-headline__label\">Warum<\/span><\/span><span class=\"jet-headline__space\">&nbsp;<\/span><span class=\"jet-headline__part jet-headline__second\"><span class=\"jet-headline__label\">Sie uns w\u00e4hlen sollten<\/span><\/span><\/span>\t\t\t\t<\/div>\n\t\t\t\t<\/div>\n\t\t\t\t<section class=\"elementor-section elementor-inner-section elementor-element elementor-element-273a59f2 elementor-section-boxed elementor-section-height-default elementor-section-height-default\" data-id=\"273a59f2\" data-element_type=\"section\" data-e-type=\"section\">\n\t\t\t\t\t\t<div class=\"elementor-container elementor-column-gap-default\">\n\t\t\t\t\t<div class=\"elementor-column elementor-col-100 elementor-inner-column elementor-element elementor-element-f2aa3c\" data-id=\"f2aa3c\" data-element_type=\"column\" data-e-type=\"column\">\n\t\t\t<div class=\"elementor-widget-wrap elementor-element-populated\">\n\t\t\t\t\t\t<div class=\"elementor-element elementor-element-70c7ac3e elementor-widget elementor-widget-text-editor\" data-id=\"70c7ac3e\" data-element_type=\"widget\" data-e-type=\"widget\" data-widget_type=\"text-editor.default\">\n\t\t\t\t\t\t\t\t\t<p class=\"western\" lang=\"pt-BR\"><span lang=\"en-GB\">Wir sind keine Massenmarke. Wir sind ein kleines, engagiertes Team, das von der \u00dcberzeugung angetrieben wird, dass weniger mehr ist \u2013 und dass Transparenz und Nachhaltigkeit keine Trends sind, sondern gelebte Werte.<\/span><\/p><p class=\"western\" lang=\"pt-BR\"><span lang=\"en-GB\">Unsere Produkte werden mit Sorgfalt entwickelt und hergestellt und folgen den Prinzipien der ethischen Beschaffung, der umweltfreundlichen Produktion und des \u00d6kodesigns.<\/span><\/p>\t\t\t\t\t\t\t\t<\/div>\n\t\t\t\t<div class=\"elementor-element elementor-element-3766cf7d elementor-widget elementor-widget-text-editor\" data-id=\"3766cf7d\" data-element_type=\"widget\" data-e-type=\"widget\" data-widget_type=\"text-editor.default\">\n\t\t\t\t\t\t\t\t\t<p class=\"western\" lang=\"pt-BR\"><span lang=\"en-GB\">Bei SPRY UP ist jedes Waschen mehr als ein Ritual der Selbstpflege - es ist ein kleiner Akt des Respekts f\u00fcr den Planeten.<\/span><\/p><p class=\"western\" lang=\"pt-BR\"><span lang=\"en-GB\">Wir laden Sie ein, sich uns in dieser Bewegung f\u00fcr einen achtsameren Umgang mit sich selbst und der Welt um Sie herum anzuschlie\u00dfen.<\/span><\/p>\t\t\t\t\t\t\t\t<\/div>\n\t\t\t\t\t<\/div>\n\t\t<\/div>\n\t\t\t\t\t<\/div>\n\t\t<\/section>\n\t\t\t\t\t<\/div>\n\t\t<\/div>\n\t\t\t\t\t<\/div>\n\t\t<\/section>\n\t\t<div class=\"elementor-element elementor-element-c027ba4 e-con-full e-flex e-con e-parent\" data-id=\"c027ba4\" data-element_type=\"container\" data-e-type=\"container\" data-settings=\"{&quot;background_background&quot;:&quot;classic&quot;}\">\n\t\t\t\t<\/div>\n\t\t\t\t<section class=\"elementor-section elementor-top-section elementor-element elementor-element-765aea0 elementor-section-boxed elementor-section-height-default elementor-section-height-default elementor-invisible\" data-id=\"765aea0\" data-element_type=\"section\" data-e-type=\"section\" data-settings=\"{&quot;animation&quot;:&quot;fadeIn&quot;}\">\n\t\t\t\t\t\t<div class=\"elementor-container elementor-column-gap-default\">\n\t\t\t\t\t<div class=\"elementor-column elementor-col-100 elementor-top-column elementor-element elementor-element-46b9698\" data-id=\"46b9698\" data-element_type=\"column\" data-e-type=\"column\">\n\t\t\t<div class=\"elementor-widget-wrap elementor-element-populated\">\n\t\t\t\t\t\t<div class=\"elementor-element elementor-element-de0770f elementor-widget elementor-widget-jet-headline\" data-id=\"de0770f\" data-element_type=\"widget\" data-e-type=\"widget\" data-widget_type=\"jet-headline.default\">\n\t\t\t\t<div class=\"elementor-widget-container\">\n\t\t\t\t\t<span class=\"jet-headline jet-headline--direction-horizontal\"><span class=\"jet-headline__part jet-headline__first\"><span class=\"jet-headline__label\">Unsere<\/span><\/span><span class=\"jet-headline__space\">&nbsp;<\/span><span class=\"jet-headline__part jet-headline__second\"><span class=\"jet-headline__label\">Werte<\/span><\/span><\/span>\t\t\t\t<\/div>\n\t\t\t\t<\/div>\n\t\t\t\t<section class=\"elementor-section elementor-inner-section elementor-element elementor-element-5be5402 elementor-section-boxed elementor-section-height-default elementor-section-height-default\" data-id=\"5be5402\" data-element_type=\"section\" data-e-type=\"section\">\n\t\t\t\t\t\t<div class=\"elementor-container elementor-column-gap-default\">\n\t\t\t\t\t<div class=\"elementor-column elementor-col-33 elementor-inner-column elementor-element elementor-element-fde12b7\" data-id=\"fde12b7\" data-element_type=\"column\" data-e-type=\"column\">\n\t\t\t<div class=\"elementor-widget-wrap elementor-element-populated\">\n\t\t\t\t\t\t<div class=\"elementor-element elementor-element-8de185a elementor-invisible elementor-widget elementor-widget-jet-services\" data-id=\"8de185a\" data-element_type=\"widget\" data-e-type=\"widget\" data-settings=\"{&quot;_animation&quot;:&quot;zoomIn&quot;}\" data-widget_type=\"jet-services.default\">\n\t\t\t\t<div class=\"elementor-widget-container\">\n\t\t\t\t\t<div class=\"elementor-jet-services jet-elements\"><div class=\"jet-services jet-services--header-position-top\">\n\t<div class=\"jet-services__inner\">\n\t\t\t\t<div class=\"jet-services__header\">\n\t\t\t<div class=\"jet-services__cover\"><\/div>\n\t\t<\/div>\n\t\t<div class=\"jet-services__content\"><h3 class=\"jet-services__title\"><span class=\"jet-services__title-text\">Transparenz<\/span><\/h3><p class=\"jet-services__desc\">Wir glauben an Ehrlichkeit - von unseren Zutatenlisten bis hin zu unseren Produktionsentscheidungen. Jede Rezeptur erz\u00e4hlt eine klare, einfache Geschichte dar\u00fcber, was sie enth\u00e4lt und warum.<\/p><\/div>\n\t\t\t<\/div>\n<\/div>\n<\/div>\t\t\t\t<\/div>\n\t\t\t\t<\/div>\n\t\t\t\t\t<\/div>\n\t\t<\/div>\n\t\t\t\t<div class=\"elementor-column elementor-col-33 elementor-inner-column elementor-element elementor-element-d3f9d2d\" data-id=\"d3f9d2d\" data-element_type=\"column\" data-e-type=\"column\">\n\t\t\t<div class=\"elementor-widget-wrap elementor-element-populated\">\n\t\t\t\t\t\t<div class=\"elementor-element elementor-element-0a8403c elementor-invisible elementor-widget elementor-widget-jet-services\" data-id=\"0a8403c\" data-element_type=\"widget\" data-e-type=\"widget\" data-settings=\"{&quot;_animation&quot;:&quot;zoomIn&quot;}\" data-widget_type=\"jet-services.default\">\n\t\t\t\t<div class=\"elementor-widget-container\">\n\t\t\t\t\t<div class=\"elementor-jet-services jet-elements\"><div class=\"jet-services jet-services--header-position-top\">\n\t<div class=\"jet-services__inner\">\n\t\t\t\t<div class=\"jet-services__header\">\n\t\t\t<div class=\"jet-services__cover\"><\/div>\n\t\t<\/div>\n\t\t<div class=\"jet-services__content\"><h3 class=\"jet-services__title\"><span class=\"jet-services__title-text\">Nachhaltigkeit<\/span><\/h3><p class=\"jet-services__desc\">Von der Formulierung bis zur Verpackung ist jeder Schritt darauf ausgerichtet, die Auswirkungen zu verringern. Wir verwenden biobasierte, biologisch abbaubare Materialien und umweltbewusste Prozesse, um unseren Planeten zu sch\u00fctzen.<\/p><\/div>\n\t\t\t<\/div>\n<\/div>\n<\/div>\t\t\t\t<\/div>\n\t\t\t\t<\/div>\n\t\t\t\t\t<\/div>\n\t\t<\/div>\n\t\t\t\t<div class=\"elementor-column elementor-col-33 elementor-inner-column elementor-element elementor-element-a5dc1a8\" data-id=\"a5dc1a8\" data-element_type=\"column\" data-e-type=\"column\">\n\t\t\t<div class=\"elementor-widget-wrap elementor-element-populated\">\n\t\t\t\t\t\t<div class=\"elementor-element elementor-element-856a2bb elementor-invisible elementor-widget elementor-widget-jet-services\" data-id=\"856a2bb\" data-element_type=\"widget\" data-e-type=\"widget\" data-settings=\"{&quot;_animation&quot;:&quot;zoomIn&quot;}\" data-widget_type=\"jet-services.default\">\n\t\t\t\t<div class=\"elementor-widget-container\">\n\t\t\t\t\t<div class=\"elementor-jet-services jet-elements\"><div class=\"jet-services jet-services--header-position-top\">\n\t<div class=\"jet-services__inner\">\n\t\t\t\t<div class=\"jet-services__header\">\n\t\t\t<div class=\"jet-services__cover\"><\/div>\n\t\t<\/div>\n\t\t<div class=\"jet-services__content\"><h3 class=\"jet-services__title\"><span class=\"jet-services__title-text\">Vereinfachung<\/span><\/h3><p class=\"jet-services__desc\">Wir halten die Dinge rein und wesentlich. Keine unn\u00f6tigen Zusatzstoffe, keine \u00fcberkomplizierten Routinen - nur saubere, effektive Pflege, die im Einklang mit Ihrem Haar und der Natur funktioniert.<\/p><\/div>\n\t\t\t<\/div>\n<\/div>\n<\/div>\t\t\t\t<\/div>\n\t\t\t\t<\/div>\n\t\t\t\t\t<\/div>\n\t\t<\/div>\n\t\t\t\t\t<\/div>\n\t\t<\/section>\n\t\t\t\t<section class=\"elementor-section elementor-inner-section elementor-element elementor-element-1f0506b elementor-section-boxed elementor-section-height-default elementor-section-height-default\" data-id=\"1f0506b\" data-element_type=\"section\" data-e-type=\"section\">\n\t\t\t\t\t\t<div class=\"elementor-container elementor-column-gap-default\">\n\t\t\t\t\t<div class=\"elementor-column elementor-col-33 elementor-inner-column elementor-element elementor-element-4322983\" data-id=\"4322983\" data-element_type=\"column\" data-e-type=\"column\">\n\t\t\t<div class=\"elementor-widget-wrap elementor-element-populated\">\n\t\t\t\t\t\t<div class=\"elementor-element elementor-element-4111f1e elementor-invisible elementor-widget elementor-widget-jet-services\" data-id=\"4111f1e\" data-element_type=\"widget\" data-e-type=\"widget\" data-settings=\"{&quot;_animation&quot;:&quot;zoomIn&quot;}\" data-widget_type=\"jet-services.default\">\n\t\t\t\t<div class=\"elementor-widget-container\">\n\t\t\t\t\t<div class=\"elementor-jet-services jet-elements\"><div class=\"jet-services jet-services--header-position-top\">\n\t<div class=\"jet-services__inner\">\n\t\t\t\t<div class=\"jet-services__header\">\n\t\t\t<div class=\"jet-services__cover\"><\/div>\n\t\t<\/div>\n\t\t<div class=\"jet-services__content\"><h3 class=\"jet-services__title\"><span class=\"jet-services__title-text\">Respekt vor der Natur<\/span><\/h3><p class=\"jet-services__desc\">Die Natur ist unser wertvollster Partner. Wir w\u00e4hlen erneuerbare, pflanzliche Inhaltsstoffe und unterst\u00fctzen Methoden, die die Artenvielfalt und das nat\u00fcrliche Gleichgewicht erhalten.<\/p><\/div>\n\t\t\t<\/div>\n<\/div>\n<\/div>\t\t\t\t<\/div>\n\t\t\t\t<\/div>\n\t\t\t\t\t<\/div>\n\t\t<\/div>\n\t\t\t\t<div class=\"elementor-column elementor-col-33 elementor-inner-column elementor-element elementor-element-e05d13f\" data-id=\"e05d13f\" data-element_type=\"column\" data-e-type=\"column\">\n\t\t\t<div class=\"elementor-widget-wrap elementor-element-populated\">\n\t\t\t\t\t\t<div class=\"elementor-element elementor-element-ed3bbdf elementor-invisible elementor-widget elementor-widget-jet-services\" data-id=\"ed3bbdf\" data-element_type=\"widget\" data-e-type=\"widget\" data-settings=\"{&quot;_animation&quot;:&quot;zoomIn&quot;}\" data-widget_type=\"jet-services.default\">\n\t\t\t\t<div class=\"elementor-widget-container\">\n\t\t\t\t\t<div class=\"elementor-jet-services jet-elements\"><div class=\"jet-services jet-services--header-position-top\">\n\t<div class=\"jet-services__inner\">\n\t\t\t\t<div class=\"jet-services__header\">\n\t\t\t<div class=\"jet-services__cover\"><\/div>\n\t\t<\/div>\n\t\t<div class=\"jet-services__content\"><h3 class=\"jet-services__title\"><span class=\"jet-services__title-text\">Integrit\u00e4t<\/span><\/h3><p class=\"jet-services__desc\">Wir jagen keinen kurzlebigen Trends oder leeren Versprechungen hinterher. Unser Engagement gilt der Qualit\u00e4t, der Verantwortung und der Authentizit\u00e4t bei allem, was wir schaffen.<\/p><\/div>\n\t\t\t<\/div>\n<\/div>\n<\/div>\t\t\t\t<\/div>\n\t\t\t\t<\/div>\n\t\t\t\t\t<\/div>\n\t\t<\/div>\n\t\t\t\t<div class=\"elementor-column elementor-col-33 elementor-inner-column elementor-element elementor-element-0ea4e66\" data-id=\"0ea4e66\" data-element_type=\"column\" data-e-type=\"column\">\n\t\t\t<div class=\"elementor-widget-wrap\">\n\t\t\t\t\t\t\t<\/div>\n\t\t<\/div>\n\t\t\t\t\t<\/div>\n\t\t<\/section>\n\t\t\t\t\t<\/div>\n\t\t<\/div>\n\t\t\t\t\t<\/div>\n\t\t<\/section>\n\t\t\t\t<\/div>","protected":false},"excerpt":{"rendered":"<p>At SPRY UP, we believe that true beauty begins with harmony \u2014 between nature, science, and everyday care. Our journey started with a simple question: Can haircare be truly effective and genuinely sustainable? We set out to create a line that proves it can. Each product is 100% vegan. We carefully select every component to [&hellip;]<\/p>\n","protected":false},"author":3,"featured_media":0,"parent":0,"menu_order":0,"comment_status":"closed","ping_status":"closed","template":"","meta":{"footnotes":""},"class_list":["post-10368","page","type-page","status-publish","hentry"],"_links":{"self":[{"href":"https:\/\/spryup.ch\/de\/wp-json\/wp\/v2\/pages\/10368","targetHints":{"allow":["GET"]}}],"collection":[{"href":"https:\/\/spryup.ch\/de\/wp-json\/wp\/v2\/pages"}],"about":[{"href":"https:\/\/spryup.ch\/de\/wp-json\/wp\/v2\/types\/page"}],"author":[{"embeddable":true,"href":"https:\/\/spryup.ch\/de\/wp-json\/wp\/v2\/users\/3"}],"replies":[{"embeddable":true,"href":"https:\/\/spryup.ch\/de\/wp-json\/wp\/v2\/comments?post=10368"}],"version-history":[{"count":3,"href":"https:\/\/spryup.ch\/de\/wp-json\/wp\/v2\/pages\/10368\/revisions"}],"predecessor-version":[{"id":11191,"href":"https:\/\/spryup.ch\/de\/wp-json\/wp\/v2\/pages\/10368\/revisions\/11191"}],"wp:attachment":[{"href":"https:\/\/spryup.ch\/de\/wp-json\/wp\/v2\/media?parent=10368"}],"curies":[{"name":"wp","href":"https:\/\/api.w.org\/{rel}","templated":true}]}}