{"id":11093,"date":"2026-02-14T17:06:42","date_gmt":"2026-02-14T16:06:42","guid":{"rendered":"https:\/\/spryup.ch\/?page_id=11093"},"modified":"2026-02-14T17:28:45","modified_gmt":"2026-02-14T16:28:45","slug":"why-spry-up","status":"publish","type":"page","link":"https:\/\/spryup.ch\/de\/why-spry-up\/","title":{"rendered":"Warum SPRY UP"},"content":{"rendered":"<div data-elementor-type=\"wp-page\" data-elementor-id=\"11093\" class=\"elementor elementor-11093\" data-elementor-post-type=\"page\">\n\t\t\t\t<div class=\"elementor-element elementor-element-4f82e0fd e-flex e-con-boxed e-con e-parent\" data-id=\"4f82e0fd\" data-element_type=\"container\" data-e-type=\"container\">\n\t\t\t\t\t<div class=\"e-con-inner\">\n\t\t\t\t<div class=\"elementor-element elementor-element-5069a6c2 elementor-widget elementor-widget-text-editor\" data-id=\"5069a6c2\" data-element_type=\"widget\" data-e-type=\"widget\" data-widget_type=\"text-editor.default\">\n\t\t\t\t\t\t\t\t\t\n<h3 class=\"wp-block-heading\">Die Harmonie von professioneller Leistung und bewusster Sch\u00f6nheit.<\/h3>\n\n<p>Betreten Sie den Garten.<\/p>\n\n<p>Wir von SPRY UP sind der Meinung, dass Ihr Haar die gleiche Pflege, Nahrung und Vitalit\u00e4t verdient, wie sie in einem bl\u00fchenden botanischen Garten zu finden ist. Unsere <strong>GARTEN<\/strong> Kollektion ist das Ergebnis unseres t\u00e4glichen Engagements f\u00fcr ein klares, ehrliches Ziel: professionelle Ergebnisse zu erzielen und gleichzeitig unser Bestes zu tun, um die Auswirkungen auf die Natur zu minimieren.<\/p>\n\n<p>Es ist ein Weg der bewussten Entscheidungen, bei dem wir die \u201cGr\u00fcne Chemie\u201d in den Vordergrund stellen, um die respektvollsten L\u00f6sungen f\u00fcr Ihre Sch\u00f6nheitsroutine zu finden. Wir erheben nicht den Anspruch, perfekt zu sein, aber wir setzen alles daran, dass hochwertige Haarpflege und Umweltverantwortung endlich zusammenwachsen k\u00f6nnen.<\/p>\n\n<p>Hier ist der Grund, warum die <strong>GARTEN<\/strong> Kollektion die ultimative Wahl f\u00fcr Ihr Haar ist:<\/p>\n\n<p><strong>1. Die Kraft der botanischen Inspiration<\/strong> Jedes Produkt aus unserem Sortiment - von der feuchtigkeitsspendenden <strong>\"Garden Dew\"<\/strong> zu unseren nahrhaften <strong>\"nat\u00fcrlichen Garden Oils\"<\/strong>werden mit konzentrierten Pflanzenextrakten formuliert. Wir verlassen uns auf die nat\u00fcrliche Intelligenz der Pflanzen, um tiefe Feuchtigkeit, strukturelle St\u00e4rke und einen brillanten Glanz zu gew\u00e4hrleisten, und bleiben dabei unserer Verpflichtung treu, wirksame Alternativen zu synthetischen Inhaltsstoffen zu finden. Frei von Silikonen.<\/p>\n\n<h3 class=\"wp-block-heading\">2. 100% vegane und biobasierte Integrit\u00e4t<\/h3>\n\n<p>Wir respektieren das Leben in all seinen Formen. Die <strong>GARTEN<\/strong> Kollektion ist streng <strong>100% Vegan<\/strong> und tierversuchsfrei. Au\u00dferdem sch\u00fctzen wir die Erde, auf der unsere Zutaten wachsen, indem wir <strong>Biobasierte Verpackungen<\/strong> , wo immer es der Stand der Technik zul\u00e4sst - wie bei unseren Shampoos, Pflegesp\u00fclungen und Repair-Masken.<\/p>\n\n<p>F\u00fcr Produkte, f\u00fcr die es noch keine biobasierten Optionen gibt, wie unsere Leave-in-Haarmasken und nat\u00fcrlichen Seren, w\u00e4hlen wir <strong>Glasbeh\u00e4lter<\/strong> mit hochwertigen Kunststoffpumpen. Wir bem\u00fchen uns st\u00e4ndig, unseren CO2-Fussabdruck zu verringern und Plastikm\u00fcll zu minimieren - eine bewusste Entscheidung nach der anderen.<\/p>\n\n<h3 class=\"wp-block-heading\">3. Professionelle Ergebnisse, nat\u00fcrlich<\/h3>\n\n<p>SPRY UP schliesst die L\u00fccke zwischen Labor und Gew\u00e4chshaus. Unsere <strong>GARTEN<\/strong> - Produkte werden von Fachleuten getestet und f\u00fcr gut befunden, um sicherzustellen, dass sie den h\u00f6chsten Salonstandards entsprechen. Sie erhalten ein luxuri\u00f6ses Erlebnis und ein makelloses Finish, das ganz und gar der Natur entspringt.<\/p>\n\n<h3 class=\"wp-block-heading\">4. Rein, Ehrlich, Transparent<\/h3>\n\n<p>In unserem <strong>GARTEN<\/strong>: Es gibt keine versteckten Inhaltsstoffe. Wir verzichten auf scharfe Sulfate, Parabene, Silikone und unn\u00f6tige F\u00fcllstoffe. Was bleibt, ist eine saubere, minimalistische und hochwirksame Formel, die das empfindliche Gleichgewicht Ihres Haares und Ihrer Kopfhaut respektiert.<\/p>\n\n<h3 class=\"wp-block-heading\">5. Ein Ritual der Sinne<\/h3>\n\n<p>Haarpflege sollte eine Flucht sein. Die <strong>GARTEN<\/strong> Kollektion bietet ein einzigartiges sensorisches Erlebnis - frische, nat\u00fcrliche D\u00fcfte und leichte Texturen, die Ihre t\u00e4gliche Dusche in einen belebenden Moment der Selbstpflege verwandeln.<\/p>\n<hr class=\"wp-block-separator has-alpha-channel-opacity\" \/>\n<h3 class=\"wp-block-heading\">Unser Versprechen<\/h3>\n\n<p>Die <strong>GARTEN<\/strong> Linie von SPRY UP steht f\u00fcr eine neue \u00c4ra der Sch\u00f6nheit: eine, die nachhaltig, transparent und unbestreitbar effektiv ist. Wir waschen oder stylen das Haar nicht einfach nur, wir pflegen es von der Wurzel an.<\/p>\n\n<p><strong>Kultiviere deine Sch\u00f6nheit. Respektiere die Erde. SPRY UP.<\/strong><\/p>\n\t\t\t\t\t\t\t\t<\/div>\n\t\t\t\t\t<\/div>\n\t\t\t\t<\/div>\n\t\t\t\t<\/div>","protected":false},"excerpt":{"rendered":"<p>The Harmony of Professional Performance and Conscious Beauty. Step Into the Garden. At SPRY UP, we believe your hair deserves the same care, nourishment, and vitality found in a thriving botanical garden. Our GARDEN line is the result of our daily commitment to a clear, honest goal: achieving professional-grade results while doing our absolute best [&hellip;]<\/p>\n","protected":false},"author":6,"featured_media":0,"parent":0,"menu_order":0,"comment_status":"closed","ping_status":"closed","template":"","meta":{"footnotes":""},"class_list":["post-11093","page","type-page","status-publish","hentry"],"_links":{"self":[{"href":"https:\/\/spryup.ch\/de\/wp-json\/wp\/v2\/pages\/11093","targetHints":{"allow":["GET"]}}],"collection":[{"href":"https:\/\/spryup.ch\/de\/wp-json\/wp\/v2\/pages"}],"about":[{"href":"https:\/\/spryup.ch\/de\/wp-json\/wp\/v2\/types\/page"}],"author":[{"embeddable":true,"href":"https:\/\/spryup.ch\/de\/wp-json\/wp\/v2\/users\/6"}],"replies":[{"embeddable":true,"href":"https:\/\/spryup.ch\/de\/wp-json\/wp\/v2\/comments?post=11093"}],"version-history":[{"count":4,"href":"https:\/\/spryup.ch\/de\/wp-json\/wp\/v2\/pages\/11093\/revisions"}],"predecessor-version":[{"id":11100,"href":"https:\/\/spryup.ch\/de\/wp-json\/wp\/v2\/pages\/11093\/revisions\/11100"}],"wp:attachment":[{"href":"https:\/\/spryup.ch\/de\/wp-json\/wp\/v2\/media?parent=11093"}],"curies":[{"name":"wp","href":"https:\/\/api.w.org\/{rel}","templated":true}]}}