{"id":11103,"date":"2026-02-14T17:48:03","date_gmt":"2026-02-14T16:48:03","guid":{"rendered":"https:\/\/spryup.ch\/?page_id=11103"},"modified":"2026-02-14T17:52:47","modified_gmt":"2026-02-14T16:52:47","slug":"our-labels","status":"publish","type":"page","link":"https:\/\/spryup.ch\/de\/our-labels\/","title":{"rendered":"Unsere Etiketten"},"content":{"rendered":"<div data-elementor-type=\"wp-page\" data-elementor-id=\"11103\" class=\"elementor elementor-11103\" data-elementor-post-type=\"page\">\n\t\t\t\t<div class=\"elementor-element elementor-element-74b70eeb e-flex e-con-boxed e-con e-parent\" data-id=\"74b70eeb\" data-element_type=\"container\" data-e-type=\"container\">\n\t\t\t\t\t<div class=\"e-con-inner\">\n\t\t\t\t<div class=\"elementor-element elementor-element-57d0bf3a elementor-widget elementor-widget-text-editor\" data-id=\"57d0bf3a\" data-element_type=\"widget\" data-e-type=\"widget\" data-widget_type=\"text-editor.default\">\n\t\t\t\t\t\t\t\t\t<p><\/p>\n<h2 class=\"wp-block-heading\">Die Sch\u00f6nheit der Unversehrtheit<\/h2>\n<p><\/p>\n<p>Bei SPRY UP geht unser Engagement f\u00fcr den Planeten tief in die Haut - und es reicht bis zum Etikett. Als wir das Design der <strong>GARTEN<\/strong> Linie standen wir vor der Wahl: \u00e4sthetische Perfektion oder \u00f6kologische Ehrlichkeit. <strong>Wir haben uns f\u00fcr die Erde entschieden.<\/strong><\/p>\n<p><\/p>\n<h3 class=\"wp-block-heading\">100% Plastikfrei und biologisch abbaubar<\/h3>\n<p><\/p>\n<p>Die meisten \u201cumweltfreundlichen\u201d Flaschen verwenden immer noch kunststoffbeschichtete Etiketten oder synthetische Schutzfolien, um ihre Unversehrtheit zu bewahren. Wir haben beschlossen, noch weiter zu gehen. Unsere Etiketten werden hergestellt aus <strong>vollst\u00e4ndig biologisch abbaubare Materialien<\/strong>, Die Produkte sind v\u00f6llig frei von Kunststofflaminaten oder Schutzbeschichtungen.<\/p>\n<p><\/p>\n<h3 class=\"wp-block-heading\">Warum sie \u201cempfindlich\u201d sind\u201d<\/h3>\n<p><\/p>\n<p>Da unsere Etiketten roh und nat\u00fcrlich sind, reagieren sie sehr sensibel auf ihre Umwelt - genau wie ein echter Garten.<\/p>\n<p><\/p>\n<ul class=\"wp-block-list\"><p><\/p>\n<li><strong>Wasser und Dampf:<\/strong> In der feuchten Umgebung einer Dusche kann das biologisch abbaubare Material aufweichen oder Verschlei\u00dferscheinungen zeigen.<\/li>\n<p><\/p>\n<li><strong>Nat\u00fcrliche Abnutzung:<\/strong> Ohne eine sch\u00fctzende Kunststofffolie k\u00f6nnen die Etiketten durch Handhabung und Transport leicht kleine Kratzer oder \u201cSch\u00f6nheitsfehler\u201d aufweisen.<\/li>\n<p><\/p><\/ul>\n<p><\/p>\n<h3 class=\"wp-block-heading\">Das \u201cNormale\u201d annehmen\u201d<\/h3>\n<p><\/p>\n<p>Wenn Sie einen kleinen Fleck, eine verblasste Kante oder eine Textur\u00e4nderung auf Ihrem <strong>GARTEN<\/strong> Flasche, wissen Sie bitte, dass dies eine <strong>v\u00f6llig normal<\/strong>.<\/p>\n<p><\/p>\n<p>Es ist kein Fehler im Produkt, sondern der sichtbare Beweis daf\u00fcr, dass wir uns geweigert haben, unn\u00f6tiges Mikroplastik zu verwenden. Es ist ein Zeichen f\u00fcr ein Etikett, das schlie\u00dflich in die Erde zur\u00fcckkehren wird, ohne Spuren zu hinterlassen.<\/p>\n<p><\/p>\n<h3 class=\"wp-block-heading\">Unsere Philosophie<\/h3>\n<p><\/p>\n<p>Wir glauben, dass ein zerkratztes, nat\u00fcrliches Etikett sch\u00f6ner ist als ein perfektes Plastiketikett. F\u00fcr uns sind diese kleinen Gebrauchsspuren eine bewusste Entscheidung f\u00fcr den Schutz unserer Ozeane und unseres Bodens.<\/p>\n<p><\/p>\n<p><strong>Reiner Inhalt. Ehrliche Verpackung. Keine Kompromisse.<\/strong><\/p>\n<p><\/p>\t\t\t\t\t\t\t\t<\/div>\n\t\t\t\t\t<\/div>\n\t\t\t\t<\/div>\n\t\t\t\t<\/div>","protected":false},"excerpt":{"rendered":"<p>The Beauty of Raw Integrity At SPRY UP, our commitment to the planet is skin-deep\u2014and it goes all the way to the label. When we designed the GARDEN line, we faced a choice: aesthetic perfection or environmental honesty. We chose the Earth. 100% Plastic-Free &amp; Biodegradable Most &#8220;eco-friendly&#8221; bottles still use plastic-coated labels or protective [&hellip;]<\/p>\n","protected":false},"author":6,"featured_media":0,"parent":0,"menu_order":0,"comment_status":"closed","ping_status":"closed","template":"","meta":{"footnotes":""},"class_list":["post-11103","page","type-page","status-publish","hentry"],"_links":{"self":[{"href":"https:\/\/spryup.ch\/de\/wp-json\/wp\/v2\/pages\/11103","targetHints":{"allow":["GET"]}}],"collection":[{"href":"https:\/\/spryup.ch\/de\/wp-json\/wp\/v2\/pages"}],"about":[{"href":"https:\/\/spryup.ch\/de\/wp-json\/wp\/v2\/types\/page"}],"author":[{"embeddable":true,"href":"https:\/\/spryup.ch\/de\/wp-json\/wp\/v2\/users\/6"}],"replies":[{"embeddable":true,"href":"https:\/\/spryup.ch\/de\/wp-json\/wp\/v2\/comments?post=11103"}],"version-history":[{"count":7,"href":"https:\/\/spryup.ch\/de\/wp-json\/wp\/v2\/pages\/11103\/revisions"}],"predecessor-version":[{"id":11110,"href":"https:\/\/spryup.ch\/de\/wp-json\/wp\/v2\/pages\/11103\/revisions\/11110"}],"wp:attachment":[{"href":"https:\/\/spryup.ch\/de\/wp-json\/wp\/v2\/media?parent=11103"}],"curies":[{"name":"wp","href":"https:\/\/api.w.org\/{rel}","templated":true}]}}