{"id":10644,"date":"2025-11-11T11:07:23","date_gmt":"2025-11-11T10:07:23","guid":{"rendered":"https:\/\/spryup.ch\/?post_type=product&#038;p=10644"},"modified":"2025-12-04T15:44:01","modified_gmt":"2025-12-04T14:44:01","slug":"garden-cream-vegan-hydrating-conditioner","status":"publish","type":"product","link":"https:\/\/spryup.ch\/de\/prodotto\/garden-cream-vegan-hydrating-conditioner\/","title":{"rendered":"Garden Cream - Vegan Hydrating Conditioner"},"content":{"rendered":"<p><strong>Garden Cream ist eine leichte, n\u00e4hrende Pflegesp\u00fclung<\/strong> das Feuchtigkeit spendet, ohne zu beschweren, und jede Str\u00e4hne weich, geschmeidig und voller Leben macht. Es entwirrt und pflegt Ihr Haar im Handumdrehen und gibt ihm mit m\u00fcheloser Leichtigkeit seinen nat\u00fcrlichen Glanz zur\u00fcck.<br \/>\nInfundiert mit einer Mischung aus <strong>nat\u00fcrliche \u00d6le - Kokosnuss, Argan, Leinsamen und Macadamia<\/strong> - Es spendet intensive Feuchtigkeit, verleiht dem Haar Glanz und stellt seine nat\u00fcrliche Vitalit\u00e4t wieder her.<\/p>\n<p>Die Formel ist angereichert mit <strong>Bio-Kastanienextrakt<\/strong> (aus biologisch angebauten Castanea Sativa-Fr\u00fcchten) und ein <strong>Biobasierter Feuchtigkeitskomplex<\/strong> (aus Maiszucker), um die Haut zu sch\u00fctzen, aufzuf\u00fcllen und eine lang anhaltende Feuchtigkeitsversorgung zu gew\u00e4hrleisten.<\/p>\n<p>Ihr Haar ist links <strong>seidig, handlich und strahlend<\/strong>, mit neuer Bewegung und Kraft - nat\u00fcrlich sch\u00f6n.<br \/>\nAuf die mittleren L\u00e4ngen und Spitzen auftragen, dabei die Kopfhaut aussparen. Ein paar Minuten einwirken lassen, dann gut aussp\u00fclen.<\/p>\n<p><strong>Nachhaltigkeit im Mittelpunkt<\/strong><br \/>\nDie Verpackungen von Garden Dew werden aus erneuerbaren organischen Materialien hergestellt und sind zu 100% aus biologischem Anbau und v\u00f6llig frei von Erd\u00f6l. Diese Wahl reduziert die Treibhausgasemissionen im Vergleich zu herk\u00f6mmlichen Kunststoffen um mindestens 50%.<\/p>\n<p>Dar\u00fcber hinaus sind unsere in Europa hergestellten Flaschen und Verschl\u00fcsse biologisch abbaubar und industriell kompostierbar, zertifiziert nach der europ\u00e4ischen Norm EN13432. Bitte erkundigen Sie sich bei Ihrer Gemeindeverwaltung nach der richtigen Entsorgung dieser Flaschen.<\/p>\n<p>Unsere Etiketten sind au\u00dferdem biobasiert und frei von Kunststoffbeschichtungen. Daher k\u00f6nnen sie nat\u00fcrlich abplatzen oder abbl\u00e4ttern, wenn sie Wasser oder Feuchtigkeit ausgesetzt sind - ein kleines Zeichen f\u00fcr unser echtes Engagement f\u00fcr nachhaltige, umweltfreundliche Materialien.<\/p>\n<p><strong>INCI<\/strong><br \/>\n<strong>Inhaltsstoffe<\/strong>: aqua\/water, cetearyl alcohol, glycerin, cetrimonium chloride, dicaprylyl ether, cocos nucifera (coconut) oil, macadamia ternifolia seed oil, hydrolyzed chestnut extract, saccharide isomerate, Linum usitatissimum (Lein\u00f6l), Argania spinosa Kern\u00f6l, Tocopherylacetat, Quaternium-22, Tocopherol, Ascorbylpalmitat, Lecithin, Sklerotiumgummi, Parfum\/Duftstoff, Glucons\u00e4ure, Milchs\u00e4ure, Behentrimoniummethosulfat, C15-19-Alkan, Ceteareth-20, Weins\u00e4ure, Polysorbat 20, Propandiol, Zitronens\u00e4ure, Natriumbenzoat, Guarhydroxypropyltrimoniumchlorid, Tetranatriumglutamatdiacetat, Kaliumsorbat, Natriumcitrat, Citrus-Aurantium-Bergamia-Schalen\u00f6l, Natriumhydroxid, Tetramethylacetyloctahydronaphthaline, Lynalylacetat, Hexamethylindanopyran, Linalool.<\/p>","protected":false},"excerpt":{"rendered":"<p>Garden Cream - Vegan Hydrating Conditioner - 100% biobasierte Verpackung.<br \/>\nF\u00fcr alle Haartypen - frei von Sulfaten, Silikonen und Parabenen.<\/p>","protected":false},"featured_media":10997,"template":"","meta":[],"product_brand":[],"product_cat":[157],"product_tag":[159],"class_list":{"0":"post-10644","1":"product","2":"type-product","3":"status-publish","4":"has-post-thumbnail","6":"product_cat-conditioner","7":"product_tag-vegan","9":"first","10":"instock","11":"shipping-taxable","12":"purchasable","13":"product-type-variable"},"_links":{"self":[{"href":"https:\/\/spryup.ch\/de\/wp-json\/wp\/v2\/product\/10644","targetHints":{"allow":["GET"]}}],"collection":[{"href":"https:\/\/spryup.ch\/de\/wp-json\/wp\/v2\/product"}],"about":[{"href":"https:\/\/spryup.ch\/de\/wp-json\/wp\/v2\/types\/product"}],"version-history":[{"count":0,"href":"https:\/\/spryup.ch\/de\/wp-json\/wp\/v2\/product\/10644\/revisions"}],"wp:featuredmedia":[{"embeddable":true,"href":"https:\/\/spryup.ch\/de\/wp-json\/wp\/v2\/media\/10997"}],"wp:attachment":[{"href":"https:\/\/spryup.ch\/de\/wp-json\/wp\/v2\/media?parent=10644"}],"wp:term":[{"taxonomy":"product_brand","embeddable":true,"href":"https:\/\/spryup.ch\/de\/wp-json\/wp\/v2\/product_brand?post=10644"},{"taxonomy":"product_cat","embeddable":true,"href":"https:\/\/spryup.ch\/de\/wp-json\/wp\/v2\/product_cat?post=10644"},{"taxonomy":"product_tag","embeddable":true,"href":"https:\/\/spryup.ch\/de\/wp-json\/wp\/v2\/product_tag?post=10644"}],"curies":[{"name":"wp","href":"https:\/\/api.w.org\/{rel}","templated":true}]}}