{"id":10654,"date":"2025-11-11T11:17:09","date_gmt":"2025-11-11T10:17:09","guid":{"rendered":"https:\/\/spryup.ch\/?post_type=product&#038;p=10654"},"modified":"2026-04-14T13:53:00","modified_gmt":"2026-04-14T11:53:00","slug":"garden-dew-vegan-hydrating-shampoo","status":"publish","type":"product","link":"https:\/\/spryup.ch\/de\/prodotto\/garden-dew-vegan-hydrating-shampoo\/","title":{"rendered":"Garden Dew - Vegan Hydrating Shampoo"},"content":{"rendered":"<p>Dieses luxuri\u00f6se Shampoo ist eine Mischung:<br \/>\n<strong>Bio-Kastanienextrakt<\/strong> (aus biologisch angebauten Castanea sativa Fr\u00fcchten)<br \/>\n<strong>Wakame-Algen-Extrakt<\/strong> (reich an essenziellen Aminos\u00e4uren), und ein<br \/>\n<strong>Biobasierter Feuchtigkeitskomplex<\/strong> (nat\u00fcrlich aus Maiszucker gewonnen)<\/p>\n<p>f\u00fcr eine tiefgreifende Feuchtigkeitszufuhr und eine lang anhaltende nat\u00fcrliche Sch\u00f6nheit bei gleichzeitiger Wiederherstellung von Geschmeidigkeit und nat\u00fcrlichem Glanz.<\/p>\n<p>Vervollst\u00e4ndigen Sie Ihr Ritual mit unserem Garden Cream Vegan Hydrating Conditioner, der Ihr Haar mit N\u00e4hrstoffen versorgt und es seidig weich macht. Wenn Ihr Haar eine Extraportion Pflege braucht, verw\u00f6hnen Sie es mit unserer Garden Dream Vegan Repair Hair Mask - eine reichhaltige, aufbauende Behandlung, die die nat\u00fcrliche Sch\u00f6nheit Ihres Haares tiefgreifend wiederherstellt und revitalisiert.<\/p>\n<p><strong>Nachhaltigkeit im Mittelpunkt<\/strong><br \/>\nDie Verpackungen von Garden Dew werden aus erneuerbaren organischen Materialien hergestellt und sind zu 100% aus biologischem Anbau und v\u00f6llig frei von Erd\u00f6l. Diese Wahl reduziert die Treibhausgasemissionen im Vergleich zu herk\u00f6mmlichen Kunststoffen um mindestens 50%.<\/p>\n<p>Dar\u00fcber hinaus sind unsere in Europa hergestellten Flaschen und Verschl\u00fcsse biologisch abbaubar und industriell kompostierbar, zertifiziert nach der europ\u00e4ischen Norm EN13432. Bitte erkundigen Sie sich bei Ihrer Gemeindeverwaltung nach der richtigen Entsorgung dieser Flaschen.<\/p>\n<p>Unsere Etiketten sind au\u00dferdem biobasiert und frei von Kunststoffbeschichtungen. Daher k\u00f6nnen sie nat\u00fcrlich abplatzen oder abbl\u00e4ttern, wenn sie Wasser oder Feuchtigkeit ausgesetzt sind - ein kleines Zeichen f\u00fcr unser echtes Engagement f\u00fcr nachhaltige, umweltfreundliche Materialien.<\/p>\n<h4>INCI<\/h4>\n<p>Zutaten: Aqua\/Wasser, Natrium-C14-16-Olefinsulfonat, Cocamidopropylbetain, Glycerin, Coco-Betain, hydrolysierter Kastanienextrakt, Undaria pinnatifida-Extrakt, Saccharid-Isomerat, Aloe-Barbadensis-Blattsaft, Panthenol, Quaternium-22, Natrium-Cocoyl-Isethionat, Natrium-Methyl-Cocoyl-Taurat, Parfum\/Duftstoff, Tetranatriumglutamat-Diacetat, Natriumcitrat, PEG-9, Propylenglykol, Benzylalkohol, Natriumbenzoat, Kaliumsorbat, Zitronens\u00e4ure, Methylisothiazolinon, Methylchlorisothiazolinon, Magnesiumnitrat, Schalen\u00f6l von Citrus aurantium bergamia, Lynalylacetat, Hexamethylindanopyran, Tetramethylacetyloctahydronaphthaline, Linalool.<\/p>","protected":false},"excerpt":{"rendered":"<p>Garden Dew - Vegan Hydrating Shampoo - 100% biobasierte Verpackung, frei von Sulfaten, Silikonen und Parabenen, geeignet f\u00fcr alle Haartypen.<\/p>\n<p>Garden Dew Shampoo ist ein feuchtigkeitsspendendes und mild reinigendes Shampoo, das ein perfektes Gleichgewicht zwischen sanfter Reinigung, Feuchtigkeitszufuhr und Kopfhautpflege herstellt. Mit Pflanzenextrakten und feuchtigkeitsspendenden Wirkstoffen versorgt es Ihre Kopfhaut nachhaltig mit Feuchtigkeit und sorgt f\u00fcr ein frisches und gesundes Gef\u00fchl.<\/p>","protected":false},"featured_media":10989,"template":"","meta":[],"product_brand":[],"product_cat":[156],"product_tag":[159],"class_list":{"0":"post-10654","1":"product","2":"type-product","3":"status-publish","4":"has-post-thumbnail","6":"product_cat-shampoo","7":"product_tag-vegan","9":"first","10":"instock","11":"shipping-taxable","12":"purchasable","13":"product-type-variable"},"_links":{"self":[{"href":"https:\/\/spryup.ch\/de\/wp-json\/wp\/v2\/product\/10654","targetHints":{"allow":["GET"]}}],"collection":[{"href":"https:\/\/spryup.ch\/de\/wp-json\/wp\/v2\/product"}],"about":[{"href":"https:\/\/spryup.ch\/de\/wp-json\/wp\/v2\/types\/product"}],"version-history":[{"count":1,"href":"https:\/\/spryup.ch\/de\/wp-json\/wp\/v2\/product\/10654\/revisions"}],"predecessor-version":[{"id":11213,"href":"https:\/\/spryup.ch\/de\/wp-json\/wp\/v2\/product\/10654\/revisions\/11213"}],"wp:featuredmedia":[{"embeddable":true,"href":"https:\/\/spryup.ch\/de\/wp-json\/wp\/v2\/media\/10989"}],"wp:attachment":[{"href":"https:\/\/spryup.ch\/de\/wp-json\/wp\/v2\/media?parent=10654"}],"wp:term":[{"taxonomy":"product_brand","embeddable":true,"href":"https:\/\/spryup.ch\/de\/wp-json\/wp\/v2\/product_brand?post=10654"},{"taxonomy":"product_cat","embeddable":true,"href":"https:\/\/spryup.ch\/de\/wp-json\/wp\/v2\/product_cat?post=10654"},{"taxonomy":"product_tag","embeddable":true,"href":"https:\/\/spryup.ch\/de\/wp-json\/wp\/v2\/product_tag?post=10654"}],"curies":[{"name":"wp","href":"https:\/\/api.w.org\/{rel}","templated":true}]}}