{"id":10720,"date":"2025-11-11T17:37:47","date_gmt":"2025-11-11T16:37:47","guid":{"rendered":"https:\/\/spryup.ch\/?post_type=product&#038;p=10720"},"modified":"2025-12-04T15:39:29","modified_gmt":"2025-12-04T14:39:29","slug":"garden-breeze-vegan-leave-in-hair-mask","status":"publish","type":"product","link":"https:\/\/spryup.ch\/de\/prodotto\/garden-breeze-vegan-leave-in-hair-mask\/","title":{"rendered":"Garden Breeze - Vegan spray Leave-in Hair Mask"},"content":{"rendered":"<p>Die leichte, milchige Formel enth\u00e4lt pflanzliche \u00d6le, Spirulina-Algenextrakt, Bio-Kastanienextrakt und Saccharid-Isomerat, eine erstklassige Mischung, die intensive Feuchtigkeit und Geschmeidigkeit spendet und trockenem oder gesch\u00e4digtem Haar Geschmeidigkeit, Glanz und Handhabbarkeit verleiht.<\/p>\n<p><strong>Wie zu verwenden<\/strong>: Es kann auch zwischen den Haarw\u00e4schen verwendet werden, um das Haar zu erfrischen und zu beleben und ihm seinen nat\u00fcrlichen Glanz und seine Geschmeidigkeit zur\u00fcckzugeben. Auf das leicht feuchte Haar spr\u00fchen, dann durchk\u00e4mmen und wie gewohnt stylen.<\/p>\n<p><strong>Tipp<\/strong>: Garden Breeze hat eine leichte, milchige Textur und wird als feiner Nebel verteilt. Z\u00f6gern Sie also nicht, beim Auftragen fest in die Mitte des Zerst\u00e4ubers zu dr\u00fccken, um ein optimales Ergebnis zu erzielen.<\/p>\n<p><strong>Verpackung<\/strong>Braunglasflasche mit Spr\u00fchkopf aus Kunststoff und einer Schachtel aus hochwertigem Zellulosepapier.<\/p>\n<p>Unsere Etiketten sind biobasiert und frei von Kunststoffbeschichtungen. Daher k\u00f6nnen sie nat\u00fcrlich abplatzen oder abbl\u00e4ttern, wenn sie Wasser oder Feuchtigkeit ausgesetzt sind - ein kleines Zeichen f\u00fcr unser echtes Engagement f\u00fcr nachhaltige, umweltfreundliche Materialien.<\/p>\n<h4>INCI<\/h4>\n<p>Inhaltsstoffe: Aqua\/Wasser, Cetearylalkohol, Isopropylmyristat, C15-19-Alkan, Linum usitatissimum (Leinsamen) Samen\u00f6l, Argania spinosa Kern\u00f6l, Macadamia ternifolia Samen\u00f6l, hydrolysierter Kastanienextrakt, Saccharidisomerat, Spirulina maxima Extrakt, Tocopherylacetat, Isopropylpalmitat, Quaternium-22, Cetrimoniumchlorid, Behentrimoniummethosulfat, Parfum\/Duftstoff, Milchs\u00e4ure,Polysorbat 20, Glucons\u00e4ure, Weins\u00e4ure, Propandiol, Zitronens\u00e4ure, Tetranatriumglutamatdiacetat, Propylenglykol, Natriumbenzoat, Natriumcitrat, Natriumhydroxid, Kaliumsorbat, citrus aurantium bergamia peel oil, pelargonium graveolens oil, tetramethyl acetyloctahydronaphthalenes, citronellol, limonene, linalool, linalyl acetate, hexamethylindanopyran, geraniol, citral.<\/p>","protected":false},"excerpt":{"rendered":"<p>Sofortige Feuchtigkeit und K\u00e4mmbarkeit, frei von Sulfaten, Silikonen und Parabenen.<\/p>\n<p>Pflegende Sch\u00f6nheitsbehandlung, Leave-in-Spray; geeignet f\u00fcr alle Haartypen.<br \/>\n- entwirrt und hydratisiert selbst das feinste Haar, ohne es zu beschweren,<br \/>\n- bek\u00e4mpft l\u00e4stiges Frizz und verhindert Spliss,<br \/>\n- sch\u00fctzt Ihr Haar vor W\u00e4rmequellen.<\/p>","protected":false},"featured_media":10993,"template":"","meta":[],"product_brand":[],"product_cat":[158],"product_tag":[159],"class_list":{"0":"post-10720","1":"product","2":"type-product","3":"status-publish","4":"has-post-thumbnail","6":"product_cat-mask","7":"product_tag-vegan","9":"first","10":"instock","11":"shipping-taxable","12":"purchasable","13":"product-type-simple"},"_links":{"self":[{"href":"https:\/\/spryup.ch\/de\/wp-json\/wp\/v2\/product\/10720","targetHints":{"allow":["GET"]}}],"collection":[{"href":"https:\/\/spryup.ch\/de\/wp-json\/wp\/v2\/product"}],"about":[{"href":"https:\/\/spryup.ch\/de\/wp-json\/wp\/v2\/types\/product"}],"version-history":[{"count":0,"href":"https:\/\/spryup.ch\/de\/wp-json\/wp\/v2\/product\/10720\/revisions"}],"wp:featuredmedia":[{"embeddable":true,"href":"https:\/\/spryup.ch\/de\/wp-json\/wp\/v2\/media\/10993"}],"wp:attachment":[{"href":"https:\/\/spryup.ch\/de\/wp-json\/wp\/v2\/media?parent=10720"}],"wp:term":[{"taxonomy":"product_brand","embeddable":true,"href":"https:\/\/spryup.ch\/de\/wp-json\/wp\/v2\/product_brand?post=10720"},{"taxonomy":"product_cat","embeddable":true,"href":"https:\/\/spryup.ch\/de\/wp-json\/wp\/v2\/product_cat?post=10720"},{"taxonomy":"product_tag","embeddable":true,"href":"https:\/\/spryup.ch\/de\/wp-json\/wp\/v2\/product_tag?post=10720"}],"curies":[{"name":"wp","href":"https:\/\/api.w.org\/{rel}","templated":true}]}}