{"id":10743,"date":"2025-11-12T14:00:03","date_gmt":"2025-11-12T13:00:03","guid":{"rendered":"https:\/\/spryup.ch\/?post_type=product&#038;p=10743"},"modified":"2025-12-11T10:26:43","modified_gmt":"2025-12-11T09:26:43","slug":"garden-dream-vegan-repair-hair-mask","status":"publish","type":"product","link":"https:\/\/spryup.ch\/de\/prodotto\/garden-dream-vegan-repair-hair-mask\/","title":{"rendered":"Garden Dream - Vegan Repair Hair Mask"},"content":{"rendered":"<p><strong>Garden Dream - Vegan Repair Hair Mask - 100% biobasierte Verpackung, frei von Sulfaten, Silikonen und Parabenen<\/strong><\/p>\n<p>Die Garden Dream Haarmaske kombiniert hochwirksame Pflegestoffe mit nat\u00fcrlichen Pflanzen\u00f6len und -extrakten, um jede einzelne Haarstr\u00e4hne zu reparieren, mit Feuchtigkeit zu versorgen und zu sch\u00fctzen.<\/p>\n<p>Formuliert mit <strong>Argan\u00f6l, Leinsamen\u00f6l und Macadamia\u00f6l<\/strong>, Es liefert intensive Pflege und Geschmeidigkeit und hilft, trockenem oder gesch\u00e4digtem Haar Geschmeidigkeit, Glanz und Handhabbarkeit zur\u00fcckzugeben.<\/p>\n<p>A beruhigend <strong>Komplex aus Saccharid-Isomerat und Aloe-Barbadensis-Extrakt<\/strong> verbessert die Feuchtigkeitszufuhr und macht das Haar seidig, geschmeidig und leicht zu entwirren.<br \/>\nDas Herzst\u00fcck der Formel ist <strong>Bio-Kastanienextrakt<\/strong>, bekannt f\u00fcr seine st\u00e4rkenden und aufbauenden Eigenschaften. Durch einen fortschrittlichen enzymatischen Prozess hilft es, gesch\u00e4digtes Haar zu reparieren, die Schuppenschicht zu versiegeln und wichtige Feuchtigkeit einzuschlie\u00dfen, um die Widerstandsf\u00e4higkeit gegen Hitze und Umweltstress zu erh\u00f6hen.<\/p>\n<p><strong>Angereichert mit Vitamin E, Panthenol und Lecithin<\/strong>, Diese Maske pflegt die Haut bis in die Tiefe, gibt ihr die verlorene Feuchtigkeit zur\u00fcck und sch\u00fctzt sie vor oxidativem Stress.<\/p>\n<p><strong>Nachhaltigkeit im Mittelpunkt<\/strong><\/p>\n<p>Die Verpackungen von Garden Dream werden aus erneuerbaren organischen Materialien hergestellt und sind zu 100% aus biologischem Anbau und v\u00f6llig frei von Erd\u00f6l. Diese Wahl reduziert die Treibhausgasemissionen im Vergleich zu herk\u00f6mmlichen Kunststoffen um mindestens 50%.<\/p>\n<p>Dar\u00fcber hinaus sind unsere in Europa hergestellten Gl\u00e4ser und Deckel biologisch abbaubar und industriell kompostierbar, zertifiziert nach der europ\u00e4ischen Norm EN13432. Bitte erkundigen Sie sich bei Ihrer Gemeindeverwaltung nach der richtigen Entsorgung dieser Flaschen.<br \/>\nUnsere Etiketten sind au\u00dferdem biobasiert und frei von Kunststoffbeschichtungen. Daher k\u00f6nnen sie nat\u00fcrlich abplatzen oder abbl\u00e4ttern, wenn sie Wasser oder Feuchtigkeit ausgesetzt sind - ein kleines Zeichen f\u00fcr unser echtes Engagement f\u00fcr nachhaltige, umweltfreundliche Materialien.<\/p>\n<h4>INCI<\/h4>\n<p>Zutaten: Aqua\/Wasser, Cetearylalkohol, Glycerin, Behentrimoniummethosulfat, Cetrimoniumchlorid, C15-19-Alkan, Aloe Barbadensis Blattsaft, hydrolisierter Kastanienextrakt, Argania Spinosa Kern\u00f6l, Leinsamen\u00f6l (Linum usitatissimum), Macadamia ternifolia-Samen\u00f6l, Spirulina maxima-Extrakt, Saccharidisomerat, Tocopherylacetat, Panthenol, Lecithin, Tocopherol, Ascorbylpalmitat, Glycerylstearat, Quaternium-22, Parfum\/Duftstoff, Ceteareth-20, Guarhydroxypropyltrimoniumchlorid, hydriertes Polyfarnesen, Propylenglykol, PEG-9, Natriumbenzoat, Tetranatriumglutamatdiacetat, Zitronens\u00e4ure, Natriumcitrat, Kaliumsorbat, Benzylalkohol, Magnesiumnitrat, Methylchlorisothiazolinon, Methylisothiazolinon, Tetramethylacetyloctahydronaphthaline, Linalool, Citrus aurantium bergamia peel, Lynalylacetat, Hexamethylindanopyran.<\/p>","protected":false},"excerpt":{"rendered":"<p>Garden Dream - vegane Repair-Haarmaske - 100% biobasierte Verpackung, frei von Sulfaten, Silikonen und Parabenen.<\/p>\n<p>Die tief regenerierende und revitalisierende Garden Dream Haarmaske kombiniert fortschrittliche Pflegestoffe mit nat\u00fcrlichen Pflanzen\u00f6len und -extrakten, um jede einzelne Haarstr\u00e4hne zu reparieren, mit Feuchtigkeit zu versorgen und zu sch\u00fctzen.<\/p>","protected":false},"featured_media":10995,"template":"","meta":[],"product_brand":[],"product_cat":[158],"product_tag":[159],"class_list":{"0":"post-10743","1":"product","2":"type-product","3":"status-publish","4":"has-post-thumbnail","6":"product_cat-mask","7":"product_tag-vegan","9":"first","10":"instock","11":"shipping-taxable","12":"purchasable","13":"product-type-simple"},"_links":{"self":[{"href":"https:\/\/spryup.ch\/de\/wp-json\/wp\/v2\/product\/10743","targetHints":{"allow":["GET"]}}],"collection":[{"href":"https:\/\/spryup.ch\/de\/wp-json\/wp\/v2\/product"}],"about":[{"href":"https:\/\/spryup.ch\/de\/wp-json\/wp\/v2\/types\/product"}],"version-history":[{"count":0,"href":"https:\/\/spryup.ch\/de\/wp-json\/wp\/v2\/product\/10743\/revisions"}],"wp:featuredmedia":[{"embeddable":true,"href":"https:\/\/spryup.ch\/de\/wp-json\/wp\/v2\/media\/10995"}],"wp:attachment":[{"href":"https:\/\/spryup.ch\/de\/wp-json\/wp\/v2\/media?parent=10743"}],"wp:term":[{"taxonomy":"product_brand","embeddable":true,"href":"https:\/\/spryup.ch\/de\/wp-json\/wp\/v2\/product_brand?post=10743"},{"taxonomy":"product_cat","embeddable":true,"href":"https:\/\/spryup.ch\/de\/wp-json\/wp\/v2\/product_cat?post=10743"},{"taxonomy":"product_tag","embeddable":true,"href":"https:\/\/spryup.ch\/de\/wp-json\/wp\/v2\/product_tag?post=10743"}],"curies":[{"name":"wp","href":"https:\/\/api.w.org\/{rel}","templated":true}]}}