{"id":10754,"date":"2025-11-12T15:37:23","date_gmt":"2025-11-12T14:37:23","guid":{"rendered":"https:\/\/spryup.ch\/?post_type=product&#038;p=10754"},"modified":"2026-03-04T11:27:21","modified_gmt":"2026-03-04T10:27:21","slug":"garden-oils-vegan-natural-hair-serum-spray-formulation","status":"publish","type":"product","link":"https:\/\/spryup.ch\/de\/prodotto\/garden-oils-vegan-natural-hair-serum-spray-formulation\/","title":{"rendered":"Garden Oils - Vegan &amp; Natural Hair Serum - Spray formulation"},"content":{"rendered":"<p><strong>Garden Oils - Vegan &amp; Natural Hair Serum - Sprayformulierung, formuliert ohne Silikone und Mineral\u00f6le.\u00a0<\/strong><\/p>\n<p>Ein leichtes, sensorisches \u00d6lspray mit einer Mischung aus pflanzlichen \u00d6len.<br \/>\nSeine Formel kombiniert <strong>Macadamia-, Camelina-, Leinsamen- und Oliven\u00f6l<\/strong> n\u00e4hrt und gl\u00e4ttet das Haar tiefenwirksam und verleiht ihm Geschmeidigkeit und nat\u00fcrlichen Glanz.<\/p>\n<p>Ein leichtes \u00d6l, das feines bis mittellanges Haar intensiv pflegt, ohne es zu beschweren.<br \/>\n<strong>Angereichert mit Vitamin E<\/strong> f\u00fcr antioxidativen Schutz, macht das Haar seidig, k\u00e4mmbar und gl\u00e4nzend.<\/p>\n<p>Garden Oils ist ein Mehrzweckprodukt, das sich hervorragend f\u00fcr die Pflege, das Styling und das Finish eignet und dem Haar Glanz verleiht.<\/p>\n<p><strong>Wie zu verwenden<\/strong>: Auf das leicht feuchte Haar spr\u00fchen, dann durchk\u00e4mmen und wie gew\u00fcnscht stylen.<br \/>\nEs kann auch verwendet werden, um das Haar zwischen den W\u00e4schen zu erfrischen und zu beleben und ihm seinen nat\u00fcrlichen Glanz und seine Geschmeidigkeit zur\u00fcckzugeben.<\/p>\n<p><strong>Verpackung<\/strong>Braunglasflasche mit Spr\u00fchkopf aus Kunststoff und einer Schachtel aus hochwertigem Zellulosepapier.<br \/>\nUnsere Etiketten sind biobasiert und frei von Kunststoffbeschichtungen. Daher k\u00f6nnen sie nat\u00fcrlich abplatzen oder abbl\u00e4ttern, wenn sie Wasser oder Feuchtigkeit ausgesetzt sind - ein kleines Zeichen f\u00fcr unser echtes Engagement f\u00fcr nachhaltige, umweltfreundliche Materialien.<\/p>\n<h4>INCI<\/h4>\n<p>Inhaltsstoffe: C15-19-Alkan, hydriertes Farnesen, Parfum\/Duftstoff, Linum usitatissimum (Leinsamen) Samen\u00f6l, Macadamia ternifolia Samen\u00f6l, Camelina sativa Samen\u00f6l, Oliven\u00f6l, Tocopherylacetat, Citrus aurantium bergamia Schalen\u00f6l, Pelargonium graveolens oil, Geraniol, Lynalylacetat, Citral, Citronellol, Cumarin, Tetramethylacetyloctahydronaphthaline, Limonen, Linalool, Hexamethyllindanopyran, Alpha-Isomethylionon.<\/p>","protected":false},"excerpt":{"rendered":"<p>Garten\u00f6le - veganes &amp; nat\u00fcrliches Haarserum - Sprayformulierung, formuliert ohne Silikone und Mineral\u00f6le.<\/p>\n<p>Ein leichtes, sensorisches \u00d6lspray mit einer Mischung aus pflanzlichen \u00d6len.<br \/>\nDie Formel kombiniert Macadamia-, Lein-, Kamelien- und Oliven\u00f6l, um das Haar tiefgehend zu n\u00e4hren und zu gl\u00e4tten und ihm Geschmeidigkeit und nat\u00fcrlichen Glanz zur\u00fcckzugeben.<\/p>","protected":false},"featured_media":10991,"template":"","meta":[],"product_brand":[],"product_cat":[158],"product_tag":[159],"class_list":{"0":"post-10754","1":"product","2":"type-product","3":"status-publish","4":"has-post-thumbnail","6":"product_cat-mask","7":"product_tag-vegan","9":"first","10":"instock","11":"shipping-taxable","12":"purchasable","13":"product-type-simple"},"_links":{"self":[{"href":"https:\/\/spryup.ch\/de\/wp-json\/wp\/v2\/product\/10754","targetHints":{"allow":["GET"]}}],"collection":[{"href":"https:\/\/spryup.ch\/de\/wp-json\/wp\/v2\/product"}],"about":[{"href":"https:\/\/spryup.ch\/de\/wp-json\/wp\/v2\/types\/product"}],"version-history":[{"count":2,"href":"https:\/\/spryup.ch\/de\/wp-json\/wp\/v2\/product\/10754\/revisions"}],"predecessor-version":[{"id":11160,"href":"https:\/\/spryup.ch\/de\/wp-json\/wp\/v2\/product\/10754\/revisions\/11160"}],"wp:featuredmedia":[{"embeddable":true,"href":"https:\/\/spryup.ch\/de\/wp-json\/wp\/v2\/media\/10991"}],"wp:attachment":[{"href":"https:\/\/spryup.ch\/de\/wp-json\/wp\/v2\/media?parent=10754"}],"wp:term":[{"taxonomy":"product_brand","embeddable":true,"href":"https:\/\/spryup.ch\/de\/wp-json\/wp\/v2\/product_brand?post=10754"},{"taxonomy":"product_cat","embeddable":true,"href":"https:\/\/spryup.ch\/de\/wp-json\/wp\/v2\/product_cat?post=10754"},{"taxonomy":"product_tag","embeddable":true,"href":"https:\/\/spryup.ch\/de\/wp-json\/wp\/v2\/product_tag?post=10754"}],"curies":[{"name":"wp","href":"https:\/\/api.w.org\/{rel}","templated":true}]}}