{"id":11093,"date":"2026-02-14T17:06:42","date_gmt":"2026-02-14T16:06:42","guid":{"rendered":"https:\/\/spryup.ch\/?page_id=11093"},"modified":"2026-02-14T17:28:45","modified_gmt":"2026-02-14T16:28:45","slug":"why-spry-up","status":"publish","type":"page","link":"https:\/\/spryup.ch\/es\/why-spry-up\/","title":{"rendered":"Por qu\u00e9 SPRY UP"},"content":{"rendered":"<div data-elementor-type=\"wp-page\" data-elementor-id=\"11093\" class=\"elementor elementor-11093\" data-elementor-post-type=\"page\">\n\t\t\t\t<div class=\"elementor-element elementor-element-4f82e0fd e-flex e-con-boxed e-con e-parent\" data-id=\"4f82e0fd\" data-element_type=\"container\" data-e-type=\"container\">\n\t\t\t\t\t<div class=\"e-con-inner\">\n\t\t\t\t<div class=\"elementor-element elementor-element-5069a6c2 elementor-widget elementor-widget-text-editor\" data-id=\"5069a6c2\" data-element_type=\"widget\" data-e-type=\"widget\" data-widget_type=\"text-editor.default\">\n\t\t\t\t\t\t\t\t\t\n<h3 class=\"wp-block-heading\">La armon\u00eda del rendimiento profesional y la belleza consciente.<\/h3>\n\n<p>Entra en el jard\u00edn.<\/p>\n\n<p>En SPRY UP, creemos que su cabello merece el mismo cuidado, nutrici\u00f3n y vitalidad que se encuentra en un pr\u00f3spero jard\u00edn bot\u00e1nico. Nuestro <strong>JARD\u00cdN<\/strong> es el resultado de nuestro compromiso diario con un objetivo claro y honesto: conseguir resultados de calidad profesional haciendo todo lo posible por minimizar nuestro impacto en la naturaleza.<\/p>\n\n<p>Es un camino de elecciones conscientes, en el que damos prioridad a la \u201cQu\u00edmica Verde\u201d para encontrar las soluciones m\u00e1s respetuosas para tu rutina de belleza. No pretendemos ser perfectos, pero ponemos todo nuestro empe\u00f1o en garantizar que el cuidado del cabello de alta calidad y la responsabilidad medioambiental puedan por fin crecer juntos.<\/p>\n\n<p>He aqu\u00ed por qu\u00e9 el <strong>JARD\u00cdN<\/strong> es la mejor opci\u00f3n para tu cabello:<\/p>\n\n<p><strong>1. El poder de la inspiraci\u00f3n bot\u00e1nica<\/strong> Todos los productos de nuestra gama, desde el hidratante <strong>Roc\u00edo de jard\u00edn<\/strong> a nuestra nutritiva <strong>Aceites naturales Garden<\/strong>-est\u00e1 formulado con extractos vegetales concentrados. Confiamos en la inteligencia natural de los productos bot\u00e1nicos para proporcionar una hidrataci\u00f3n profunda, resistencia estructural y un brillo resplandeciente, manteni\u00e9ndonos fieles a nuestro compromiso de encontrar alternativas eficaces a los ingredientes sint\u00e9ticos. Sin siliconas.<\/p>\n\n<h3 class=\"wp-block-heading\">2. 100% Integridad vegana y de base biol\u00f3gica<\/h3>\n\n<p>Respetamos la vida en todas sus formas. En <strong>JARD\u00cdN<\/strong> l\u00ednea es estrictamente <strong>100% Vegano<\/strong> y sin crueldad. Adem\u00e1s, protegemos la tierra en la que crecen nuestros ingredientes utilizando <strong>Envases de base biol\u00f3gica<\/strong> siempre que la tecnolog\u00eda actual lo permita, como se ve en nuestros champ\u00fas, acondicionadores y mascarillas reparadoras.<\/p>\n\n<p>Para los productos en los que a\u00fan no existen opciones de base biol\u00f3gica, como nuestras mascarillas capilares sin aclarado y los sueros naturales, elegimos <strong>envases de vidrio<\/strong> con bombas de pl\u00e1stico de alta calidad. Es un esfuerzo constante para reducir nuestra huella de carbono y minimizar los residuos pl\u00e1sticos, una elecci\u00f3n consciente cada vez.<\/p>\n\n<h3 class=\"wp-block-heading\">3. Resultados profesionales, naturalmente<\/h3>\n\n<p>SPRY UP tiende un puente entre el laboratorio y el invernadero. Nuestro sitio <strong>JARD\u00cdN<\/strong> han sido probados y cuentan con la confianza de los profesionales para garantizar que cumplen las normas m\u00e1s exigentes de los salones de belleza. Disfrutar\u00e1 de una experiencia de lujo y de un acabado impecable, totalmente natural.<\/p>\n\n<h3 class=\"wp-block-heading\">4. Puro, honesto, transparente<\/h3>\n\n<p>En nuestra <strong>JARD\u00cdN<\/strong>, no hay \u201cmalas hierbas\u201d ocultas. Eliminamos los sulfatos agresivos, los parabenos, las siliconas y los rellenos innecesarios. Lo que queda es una f\u00f3rmula limpia, minimalista y altamente eficaz que respeta el delicado equilibrio de su cabello y cuero cabelludo.<\/p>\n\n<h3 class=\"wp-block-heading\">5. Un ritual sensorial<\/h3>\n\n<p>El cuidado del cabello debe ser una v\u00eda de escape. El <strong>JARD\u00cdN<\/strong> ofrece una experiencia sensorial \u00fanica: aromas frescos y naturales y texturas ligeras que convierten la ducha diaria en un momento revitalizante de cuidado personal.<\/p>\n<hr class=\"wp-block-separator has-alpha-channel-opacity\" \/>\n<h3 class=\"wp-block-heading\">Nuestra promesa<\/h3>\n\n<p>En <strong>JARD\u00cdN<\/strong> de SPRY UP representa una nueva era de la belleza: sostenible, transparente e innegablemente eficaz. No nos limitamos a lavar o peinar el cabello, sino que lo nutrimos desde la ra\u00edz.<\/p>\n\n<p><strong>Cultiva tu belleza. Respeta la Tierra. SPRY UP.<\/strong><\/p>\n\t\t\t\t\t\t\t\t<\/div>\n\t\t\t\t\t<\/div>\n\t\t\t\t<\/div>\n\t\t\t\t<\/div>","protected":false},"excerpt":{"rendered":"<p>The Harmony of Professional Performance and Conscious Beauty. Step Into the Garden. At SPRY UP, we believe your hair deserves the same care, nourishment, and vitality found in a thriving botanical garden. Our GARDEN line is the result of our daily commitment to a clear, honest goal: achieving professional-grade results while doing our absolute best [&hellip;]<\/p>\n","protected":false},"author":6,"featured_media":0,"parent":0,"menu_order":0,"comment_status":"closed","ping_status":"closed","template":"","meta":{"footnotes":""},"class_list":["post-11093","page","type-page","status-publish","hentry"],"_links":{"self":[{"href":"https:\/\/spryup.ch\/es\/wp-json\/wp\/v2\/pages\/11093","targetHints":{"allow":["GET"]}}],"collection":[{"href":"https:\/\/spryup.ch\/es\/wp-json\/wp\/v2\/pages"}],"about":[{"href":"https:\/\/spryup.ch\/es\/wp-json\/wp\/v2\/types\/page"}],"author":[{"embeddable":true,"href":"https:\/\/spryup.ch\/es\/wp-json\/wp\/v2\/users\/6"}],"replies":[{"embeddable":true,"href":"https:\/\/spryup.ch\/es\/wp-json\/wp\/v2\/comments?post=11093"}],"version-history":[{"count":4,"href":"https:\/\/spryup.ch\/es\/wp-json\/wp\/v2\/pages\/11093\/revisions"}],"predecessor-version":[{"id":11100,"href":"https:\/\/spryup.ch\/es\/wp-json\/wp\/v2\/pages\/11093\/revisions\/11100"}],"wp:attachment":[{"href":"https:\/\/spryup.ch\/es\/wp-json\/wp\/v2\/media?parent=11093"}],"curies":[{"name":"wp","href":"https:\/\/api.w.org\/{rel}","templated":true}]}}