{"id":11103,"date":"2026-02-14T17:48:03","date_gmt":"2026-02-14T16:48:03","guid":{"rendered":"https:\/\/spryup.ch\/?page_id=11103"},"modified":"2026-02-14T17:52:47","modified_gmt":"2026-02-14T16:52:47","slug":"our-labels","status":"publish","type":"page","link":"https:\/\/spryup.ch\/es\/our-labels\/","title":{"rendered":"Nuestras etiquetas"},"content":{"rendered":"<div data-elementor-type=\"wp-page\" data-elementor-id=\"11103\" class=\"elementor elementor-11103\" data-elementor-post-type=\"page\">\n\t\t\t\t<div class=\"elementor-element elementor-element-74b70eeb e-flex e-con-boxed e-con e-parent\" data-id=\"74b70eeb\" data-element_type=\"container\" data-e-type=\"container\">\n\t\t\t\t\t<div class=\"e-con-inner\">\n\t\t\t\t<div class=\"elementor-element elementor-element-57d0bf3a elementor-widget elementor-widget-text-editor\" data-id=\"57d0bf3a\" data-element_type=\"widget\" data-e-type=\"widget\" data-widget_type=\"text-editor.default\">\n\t\t\t\t\t\t\t\t\t<p><\/p>\n<h2 class=\"wp-block-heading\">La belleza de la integridad en bruto<\/h2>\n<p><\/p>\n<p>En SPRY UP, nuestro compromiso con el planeta est\u00e1 a flor de piel y llega hasta la etiqueta. Cuando dise\u00f1amos el <strong>JARD\u00cdN<\/strong> nos enfrentamos a una disyuntiva: perfecci\u00f3n est\u00e9tica u honestidad medioambiental. <strong>Elegimos la Tierra.<\/strong><\/p>\n<p><\/p>\n<h3 class=\"wp-block-heading\">100% Sin pl\u00e1stico y biodegradable<\/h3>\n<p><\/p>\n<p>La mayor\u00eda de las botellas \u201cecol\u00f3gicas\u201d siguen utilizando etiquetas plastificadas o pel\u00edculas sint\u00e9ticas protectoras para mantenerse impolutas. Nosotros hemos decidido ir m\u00e1s all\u00e1. Nuestras etiquetas est\u00e1n hechas de <strong>materiales totalmente biodegradables<\/strong>, completamente libre de laminados pl\u00e1sticos o revestimientos protectores.<\/p>\n<p><\/p>\n<h3 class=\"wp-block-heading\">Por qu\u00e9 son \u201csensibles\u201d<\/h3>\n<p><\/p>\n<p>Como nuestras etiquetas son crudas y naturales, son muy sensibles a su entorno, como un jard\u00edn de verdad.<\/p>\n<p><\/p>\n<ul class=\"wp-block-list\"><p><\/p>\n<li><strong>Agua y vapor:<\/strong> En el ambiente h\u00famedo de una ducha, el material biodegradable puede reblandecerse o mostrar signos de desgaste.<\/li>\n<p><\/p>\n<li><strong>Desgaste natural:<\/strong> Sin una pel\u00edcula de pl\u00e1stico que las proteja, las etiquetas pueden mostrar f\u00e1cilmente peque\u00f1os ara\u00f1azos o \u201cmarcas de belleza\u201d por la manipulaci\u00f3n y el transporte.<\/li>\n<p><\/p><\/ul>\n<p><\/p>\n<h3 class=\"wp-block-heading\">Aceptar lo \u201cnormal\u201d<\/h3>\n<p><\/p>\n<p>Si encuentra una peque\u00f1a marca, un borde descolorido o un cambio de textura en su <strong>JARD\u00cdN<\/strong> botella, por favor sepa que esto es <strong>perfectamente normal<\/strong>.<\/p>\n<p><\/p>\n<p>No es un defecto del producto; es la prueba visible de que nos hemos negado a utilizar micropl\u00e1sticos innecesarios. Es la se\u00f1al de una etiqueta que acabar\u00e1 volviendo a la tierra sin dejar rastro.<\/p>\n<p><\/p>\n<h3 class=\"wp-block-heading\">Nuestra filosof\u00eda<\/h3>\n<p><\/p>\n<p>Creemos que una etiqueta rayada y natural es m\u00e1s bonita que una perfecta de pl\u00e1stico. Para nosotros, estos peque\u00f1os signos de desgaste representan una elecci\u00f3n consciente para proteger nuestros oc\u00e9anos y nuestro suelo.<\/p>\n<p><\/p>\n<p><strong>Contenido puro. Embalaje honesto. Sin compromisos.<\/strong><\/p>\n<p><\/p>\t\t\t\t\t\t\t\t<\/div>\n\t\t\t\t\t<\/div>\n\t\t\t\t<\/div>\n\t\t\t\t<\/div>","protected":false},"excerpt":{"rendered":"<p>The Beauty of Raw Integrity At SPRY UP, our commitment to the planet is skin-deep\u2014and it goes all the way to the label. When we designed the GARDEN line, we faced a choice: aesthetic perfection or environmental honesty. We chose the Earth. 100% Plastic-Free &amp; Biodegradable Most &#8220;eco-friendly&#8221; bottles still use plastic-coated labels or protective [&hellip;]<\/p>\n","protected":false},"author":6,"featured_media":0,"parent":0,"menu_order":0,"comment_status":"closed","ping_status":"closed","template":"","meta":{"footnotes":""},"class_list":["post-11103","page","type-page","status-publish","hentry"],"_links":{"self":[{"href":"https:\/\/spryup.ch\/es\/wp-json\/wp\/v2\/pages\/11103","targetHints":{"allow":["GET"]}}],"collection":[{"href":"https:\/\/spryup.ch\/es\/wp-json\/wp\/v2\/pages"}],"about":[{"href":"https:\/\/spryup.ch\/es\/wp-json\/wp\/v2\/types\/page"}],"author":[{"embeddable":true,"href":"https:\/\/spryup.ch\/es\/wp-json\/wp\/v2\/users\/6"}],"replies":[{"embeddable":true,"href":"https:\/\/spryup.ch\/es\/wp-json\/wp\/v2\/comments?post=11103"}],"version-history":[{"count":7,"href":"https:\/\/spryup.ch\/es\/wp-json\/wp\/v2\/pages\/11103\/revisions"}],"predecessor-version":[{"id":11110,"href":"https:\/\/spryup.ch\/es\/wp-json\/wp\/v2\/pages\/11103\/revisions\/11110"}],"wp:attachment":[{"href":"https:\/\/spryup.ch\/es\/wp-json\/wp\/v2\/media?parent=11103"}],"curies":[{"name":"wp","href":"https:\/\/api.w.org\/{rel}","templated":true}]}}