{"id":10644,"date":"2025-11-11T11:07:23","date_gmt":"2025-11-11T10:07:23","guid":{"rendered":"https:\/\/spryup.ch\/?post_type=product&#038;p=10644"},"modified":"2025-12-04T15:44:01","modified_gmt":"2025-12-04T14:44:01","slug":"garden-cream-vegan-hydrating-conditioner","status":"publish","type":"product","link":"https:\/\/spryup.ch\/es\/prodotto\/garden-cream-vegan-hydrating-conditioner\/","title":{"rendered":"Garden Cream - Acondicionador hidratante vegano"},"content":{"rendered":"<p><strong>Garden Cream es un acondicionador ligero y nutritivo<\/strong> que hidrata sin apelmazar, dejando cada mech\u00f3n suave, flexible y lleno de vida. Desenreda suavemente y nutre el cabello en un instante, devolvi\u00e9ndole su brillo natural con una ligereza sin esfuerzo.<br \/>\nCon una mezcla de <strong>aceites naturales de coco, arg\u00e1n, linaza y macadamia<\/strong> - hidrata en profundidad, realza el brillo y restaura la vitalidad natural del cabello.<\/p>\n<p>La f\u00f3rmula est\u00e1 enriquecida con <strong>Extracto de casta\u00f1a ecol\u00f3gico<\/strong> (de frutos de Castanea Sativa de cultivo ecol\u00f3gico) y un <strong>Complejo hidratante de base biol\u00f3gica<\/strong> (derivado de az\u00facares de ma\u00edz) para proteger, reponer y mantener una hidrataci\u00f3n duradera.<\/p>\n<p>Tu pelo queda <strong>sedoso, manejable y radiante<\/strong>, ...con renovado movimiento y fuerza, naturalmente hermosa.<br \/>\nAplicar en medios y puntas, evitando el cuero cabelludo. Dejar actuar unos minutos y aclarar con abundante agua.<\/p>\n<p><strong>La sostenibilidad en su n\u00facleo<\/strong><br \/>\nLos envases de Garden Dew se fabrican con materiales org\u00e1nicos renovables y son 100% de origen biol\u00f3gico, completamente libres de petr\u00f3leo. Esta elecci\u00f3n reduce las emisiones de gases de efecto invernadero en al menos 50% en comparaci\u00f3n con los pl\u00e1sticos convencionales.<\/p>\n<p>Adem\u00e1s, nuestras botellas y tapones -fabricados en Europa- son biodegradables y compostables industrialmente, certificados seg\u00fan la norma europea EN13432. Consulte a las autoridades municipales de su localidad para que le orienten sobre la eliminaci\u00f3n adecuada de estas botellas.<\/p>\n<p>Nuestras etiquetas tambi\u00e9n son de base biol\u00f3gica y no llevan revestimientos de pl\u00e1stico. Por ello, pueden astillarse o despegarse de forma natural cuando se exponen al agua o la humedad, una peque\u00f1a muestra de nuestra aut\u00e9ntica dedicaci\u00f3n a los materiales sostenibles y ecol\u00f3gicos.<\/p>\n<p><strong>INCI<\/strong><br \/>\n<strong>Ingredientes<\/strong>: aqua\/agua, alcohol cetear\u00edlico, glicerina, cloruro de cetrimonio, dicaprilil \u00e9ter, aceite de cocos nucifera (coco), aceite de semillas de macadamia ternifolia, extracto hidrolizado de casta\u00f1a, isomerato de sac\u00e1ridos, aceite de semilla de linum usitatissimum (lino), aceite de semilla de argania spinosa, acetato de tocoferilo, quaternium-22, tocoferol, palmitato de ascorbilo, lecitina, goma esclerotium, parfum\/fragancia, \u00e1cido gluc\u00f3nico, \u00e1cido l\u00e1ctico, metosulfato de behentrimonio, alcano C15-19, ceteareth-20, \u00e1cido tart\u00e1rico, polisorbato 20, propanediol, \u00e1cido c\u00edtrico, benzoato s\u00f3dico, cloruro de hidroxipropiltrimonio guar, diacetato de glutamato tetras\u00f3dico, sorbato pot\u00e1sico, citrato s\u00f3dico, aceite de c\u00e1scara de citrus aurantium bergamia, hidr\u00f3xido s\u00f3dico, tetrametilacetilacetohidronaftalenos, acetato de linalilo, hexametilindanopirano, linalol.<\/p>","protected":false},"excerpt":{"rendered":"<p>Garden Cream - Acondicionador hidratante vegano - 100% envase de base biol\u00f3gica.<br \/>\nPara todo tipo de cabellos - sin sulfatos, siliconas ni parabenos.<\/p>","protected":false},"featured_media":10997,"template":"","meta":[],"product_brand":[],"product_cat":[157],"product_tag":[159],"class_list":{"0":"post-10644","1":"product","2":"type-product","3":"status-publish","4":"has-post-thumbnail","6":"product_cat-conditioner","7":"product_tag-vegan","9":"first","10":"instock","11":"shipping-taxable","12":"purchasable","13":"product-type-variable"},"_links":{"self":[{"href":"https:\/\/spryup.ch\/es\/wp-json\/wp\/v2\/product\/10644","targetHints":{"allow":["GET"]}}],"collection":[{"href":"https:\/\/spryup.ch\/es\/wp-json\/wp\/v2\/product"}],"about":[{"href":"https:\/\/spryup.ch\/es\/wp-json\/wp\/v2\/types\/product"}],"version-history":[{"count":0,"href":"https:\/\/spryup.ch\/es\/wp-json\/wp\/v2\/product\/10644\/revisions"}],"wp:featuredmedia":[{"embeddable":true,"href":"https:\/\/spryup.ch\/es\/wp-json\/wp\/v2\/media\/10997"}],"wp:attachment":[{"href":"https:\/\/spryup.ch\/es\/wp-json\/wp\/v2\/media?parent=10644"}],"wp:term":[{"taxonomy":"product_brand","embeddable":true,"href":"https:\/\/spryup.ch\/es\/wp-json\/wp\/v2\/product_brand?post=10644"},{"taxonomy":"product_cat","embeddable":true,"href":"https:\/\/spryup.ch\/es\/wp-json\/wp\/v2\/product_cat?post=10644"},{"taxonomy":"product_tag","embeddable":true,"href":"https:\/\/spryup.ch\/es\/wp-json\/wp\/v2\/product_tag?post=10644"}],"curies":[{"name":"wp","href":"https:\/\/api.w.org\/{rel}","templated":true}]}}