{"id":10654,"date":"2025-11-11T11:17:09","date_gmt":"2025-11-11T10:17:09","guid":{"rendered":"https:\/\/spryup.ch\/?post_type=product&#038;p=10654"},"modified":"2026-04-14T13:53:00","modified_gmt":"2026-04-14T11:53:00","slug":"garden-dew-vegan-hydrating-shampoo","status":"publish","type":"product","link":"https:\/\/spryup.ch\/es\/prodotto\/garden-dew-vegan-hydrating-shampoo\/","title":{"rendered":"Garden Dew - Champ\u00fa hidratante vegano"},"content":{"rendered":"<p>Este lujoso champ\u00fa se mezcla:<br \/>\n<strong>Extracto de casta\u00f1a ecol\u00f3gico<\/strong> (de frutos de Castanea sativa de cultivo ecol\u00f3gico)<br \/>\n<strong>Extracto de algas wakame<\/strong> (rico en amino\u00e1cidos esenciales), y un<br \/>\n<strong>Complejo hidratante de base biol\u00f3gica<\/strong> (derivado naturalmente de az\u00facares de ma\u00edz)<\/p>\n<p>para potenciar la hidrataci\u00f3n profunda y realzar la belleza natural de larga duraci\u00f3n, al tiempo que restaura la suavidad y el brillo natural.<\/p>\n<p>Completa tu ritual con nuestro acondicionador hidratante vegano Garden Cream, que aporta a tu cabello la nutrici\u00f3n y la suavidad sedosa que necesita. Para el cabello que necesita un cuidado extra, date un capricho con un toque de nuestra mascarilla capilar reparadora vegana Garden Dream, un tratamiento rico y reparador que restaura y revitaliza en profundidad la belleza natural de tu cabello.<\/p>\n<p><strong>La sostenibilidad en su n\u00facleo<\/strong><br \/>\nLos envases de Garden Dew se fabrican con materiales org\u00e1nicos renovables y son 100% de origen biol\u00f3gico, completamente libres de petr\u00f3leo. Esta elecci\u00f3n reduce las emisiones de gases de efecto invernadero en al menos 50% en comparaci\u00f3n con los pl\u00e1sticos convencionales.<\/p>\n<p>Adem\u00e1s, nuestras botellas y tapones -fabricados en Europa- son biodegradables y compostables industrialmente, certificados seg\u00fan la norma europea EN13432. Consulte a las autoridades municipales de su localidad para que le orienten sobre la eliminaci\u00f3n adecuada de estas botellas.<\/p>\n<p>Nuestras etiquetas tambi\u00e9n son de base biol\u00f3gica y no llevan revestimientos de pl\u00e1stico. Por ello, pueden astillarse o despegarse de forma natural cuando se exponen al agua o la humedad, una peque\u00f1a muestra de nuestra aut\u00e9ntica dedicaci\u00f3n a los materiales sostenibles y ecol\u00f3gicos.<\/p>\n<h4>INCI<\/h4>\n<p>Ingredientes: aqua\/agua, sulfonato de olefina C14-16 de sodio, cocamidopropil beta\u00edna, glicerina, coco-beta\u00edna, extracto hidrolizado de casta\u00f1a, extracto de undaria pinnatifida, isomerato de sac\u00e1ridos, zumo de hoja de aloe barbadensis, pantenol, quaternium-22, cocoyl isetionato de sodio, metil cocoyl taurato de sodio, parfum\/fragancia, diacetato de glutamato tetras\u00f3dico, citrato s\u00f3dico, PEG-9, propilenglicol, alcohol benc\u00edlico, benzoato s\u00f3dico, sorbato pot\u00e1sico, \u00e1cido c\u00edtrico, metilisotiazolinona, metilcloroisotiazolinona, nitrato de magnesio, aceite de c\u00e1scara de citrus aurantium bergamia, acetato de linalilo, hexametilindanopirano, tetrametilacetilhidroxinaftalenos, linalol.<\/p>","protected":false},"excerpt":{"rendered":"<p>Garden Dew - Champ\u00fa hidratante vegano - 100% envase de base biol\u00f3gica, sin sulfatos, siliconas ni parabenos, apto para todo tipo de cabellos.<\/p>\n<p>El champ\u00fa Garden Dew es una f\u00f3rmula hidratante y suavemente limpiadora que consigue un equilibrio perfecto entre limpieza suave, hidrataci\u00f3n y cuidado del cuero cabelludo. Repleto de extractos bot\u00e1nicos y humectantes, proporciona una hidrataci\u00f3n duradera y mantiene el cuero cabelludo fresco y sano.<\/p>","protected":false},"featured_media":10989,"template":"","meta":[],"product_brand":[],"product_cat":[156],"product_tag":[159],"class_list":{"0":"post-10654","1":"product","2":"type-product","3":"status-publish","4":"has-post-thumbnail","6":"product_cat-shampoo","7":"product_tag-vegan","9":"first","10":"instock","11":"shipping-taxable","12":"purchasable","13":"product-type-variable"},"_links":{"self":[{"href":"https:\/\/spryup.ch\/es\/wp-json\/wp\/v2\/product\/10654","targetHints":{"allow":["GET"]}}],"collection":[{"href":"https:\/\/spryup.ch\/es\/wp-json\/wp\/v2\/product"}],"about":[{"href":"https:\/\/spryup.ch\/es\/wp-json\/wp\/v2\/types\/product"}],"version-history":[{"count":1,"href":"https:\/\/spryup.ch\/es\/wp-json\/wp\/v2\/product\/10654\/revisions"}],"predecessor-version":[{"id":11213,"href":"https:\/\/spryup.ch\/es\/wp-json\/wp\/v2\/product\/10654\/revisions\/11213"}],"wp:featuredmedia":[{"embeddable":true,"href":"https:\/\/spryup.ch\/es\/wp-json\/wp\/v2\/media\/10989"}],"wp:attachment":[{"href":"https:\/\/spryup.ch\/es\/wp-json\/wp\/v2\/media?parent=10654"}],"wp:term":[{"taxonomy":"product_brand","embeddable":true,"href":"https:\/\/spryup.ch\/es\/wp-json\/wp\/v2\/product_brand?post=10654"},{"taxonomy":"product_cat","embeddable":true,"href":"https:\/\/spryup.ch\/es\/wp-json\/wp\/v2\/product_cat?post=10654"},{"taxonomy":"product_tag","embeddable":true,"href":"https:\/\/spryup.ch\/es\/wp-json\/wp\/v2\/product_tag?post=10654"}],"curies":[{"name":"wp","href":"https:\/\/api.w.org\/{rel}","templated":true}]}}