{"id":10720,"date":"2025-11-11T17:37:47","date_gmt":"2025-11-11T16:37:47","guid":{"rendered":"https:\/\/spryup.ch\/?post_type=product&#038;p=10720"},"modified":"2025-12-04T15:39:29","modified_gmt":"2025-12-04T14:39:29","slug":"garden-breeze-vegan-leave-in-hair-mask","status":"publish","type":"product","link":"https:\/\/spryup.ch\/es\/prodotto\/garden-breeze-vegan-leave-in-hair-mask\/","title":{"rendered":"Garden Breeze - Mascarilla capilar sin aclarado vegana"},"content":{"rendered":"<p>Su f\u00f3rmula ligera y lechosa contiene aceites bot\u00e1nicos, extracto de alga espirulina, extracto org\u00e1nico de casta\u00f1a e isomerato de sac\u00e1ridos, una mezcla de primera calidad que proporciona una hidrataci\u00f3n y suavidad intensas, al tiempo que ayuda a restaurar la suavidad, el brillo y la manejabilidad del cabello seco o da\u00f1ado.<\/p>\n<p><strong>C\u00f3mo utilizarlo<\/strong>: Tambi\u00e9n puede utilizarse para refrescar y reavivar el cabello entre lavados, devolvi\u00e9ndole su brillo y suavidad naturales. Pulverizar sobre el cabello ligeramente h\u00famedo, peinar y peinar como de costumbre.<\/p>\n<p><strong>Consejo<\/strong>: Garden Breeze tiene una textura ligera y lechosa y se dispensa en forma de fina niebla. As\u00ed que no dude en presionar firmemente en el centro del pulverizador durante la aplicaci\u00f3n; esto le ayudar\u00e1 a conseguir unos resultados \u00f3ptimos.<\/p>\n<p><strong>Embalaje<\/strong>Frasco de vidrio \u00e1mbar con dosificador de pl\u00e1stico, acompa\u00f1ado de una caja de papel de celulosa virgen de primera calidad.<\/p>\n<p>Nuestras etiquetas son de base biol\u00f3gica y no llevan revestimientos de pl\u00e1stico. Por ello, pueden astillarse o despegarse de forma natural cuando se exponen al agua o la humedad, una peque\u00f1a muestra de nuestra aut\u00e9ntica dedicaci\u00f3n a los materiales sostenibles y ecol\u00f3gicos.<\/p>\n<h4>INCI<\/h4>\n<p>Ingredientes: aqua\/agua, alcohol cetear\u00edlico, miristato de isopropilo, alcano C15-19, aceite de semilla de linum usitatissimum (linaza), aceite de semilla de argania spinosa, aceite de semilla de macadamia ternifolia, extracto hidrolizado de casta\u00f1a, isomerato de sac\u00e1ridos, extracto de espirulina m\u00e1xima, acetato de tocoferilo, palmitato de isopropilo, cuaternio-22, cloruro de cetrimonio, metosulfato de behentrimonio, parfum\/fragancia, \u00e1cido l\u00e1ctico,polisorbato 20, \u00e1cido gluc\u00f3nico, \u00e1cido tart\u00e1rico, propanediol, \u00e1cido c\u00edtrico, diacetato de glutamato tetras\u00f3dico, propilenglicol, benzoato s\u00f3dico, citrato s\u00f3dico, hidr\u00f3xido s\u00f3dico, sorbato pot\u00e1sico, aceite de c\u00e1scara de citrus aurantium bergamia, aceite de pelargonium graveolens, tetrametilacetilacetyloctahydronaphthalenes, citronelol, limoneno, linalol, acetato de linalilo, hexametilindanopirano, geraniol, citral.<\/p>","protected":false},"excerpt":{"rendered":"<p>Hidrataci\u00f3n instant\u00e1nea y peinabilidad sin sulfatos, siliconas ni parabenos.<\/p>\n<p>Tratamiento de belleza acondicionador, spray sin aclarado; adecuado para todo tipo de cabellos.<br \/>\n- desenreda e hidrata hasta el cabello m\u00e1s fino sin apelmazarlo,<br \/>\n- combate el molesto encrespamiento y evita las puntas abiertas,<br \/>\n- protege el cabello de las fuentes de calor.<\/p>","protected":false},"featured_media":10993,"template":"","meta":[],"product_brand":[],"product_cat":[158],"product_tag":[159],"class_list":{"0":"post-10720","1":"product","2":"type-product","3":"status-publish","4":"has-post-thumbnail","6":"product_cat-mask","7":"product_tag-vegan","9":"first","10":"instock","11":"shipping-taxable","12":"purchasable","13":"product-type-simple"},"_links":{"self":[{"href":"https:\/\/spryup.ch\/es\/wp-json\/wp\/v2\/product\/10720","targetHints":{"allow":["GET"]}}],"collection":[{"href":"https:\/\/spryup.ch\/es\/wp-json\/wp\/v2\/product"}],"about":[{"href":"https:\/\/spryup.ch\/es\/wp-json\/wp\/v2\/types\/product"}],"version-history":[{"count":0,"href":"https:\/\/spryup.ch\/es\/wp-json\/wp\/v2\/product\/10720\/revisions"}],"wp:featuredmedia":[{"embeddable":true,"href":"https:\/\/spryup.ch\/es\/wp-json\/wp\/v2\/media\/10993"}],"wp:attachment":[{"href":"https:\/\/spryup.ch\/es\/wp-json\/wp\/v2\/media?parent=10720"}],"wp:term":[{"taxonomy":"product_brand","embeddable":true,"href":"https:\/\/spryup.ch\/es\/wp-json\/wp\/v2\/product_brand?post=10720"},{"taxonomy":"product_cat","embeddable":true,"href":"https:\/\/spryup.ch\/es\/wp-json\/wp\/v2\/product_cat?post=10720"},{"taxonomy":"product_tag","embeddable":true,"href":"https:\/\/spryup.ch\/es\/wp-json\/wp\/v2\/product_tag?post=10720"}],"curies":[{"name":"wp","href":"https:\/\/api.w.org\/{rel}","templated":true}]}}