{"id":10743,"date":"2025-11-12T14:00:03","date_gmt":"2025-11-12T13:00:03","guid":{"rendered":"https:\/\/spryup.ch\/?post_type=product&#038;p=10743"},"modified":"2025-12-11T10:26:43","modified_gmt":"2025-12-11T09:26:43","slug":"garden-dream-vegan-repair-hair-mask","status":"publish","type":"product","link":"https:\/\/spryup.ch\/es\/prodotto\/garden-dream-vegan-repair-hair-mask\/","title":{"rendered":"Garden Dream - Mascarilla capilar reparadora vegana"},"content":{"rendered":"<p><strong>Garden Dream - Mascarilla capilar reparadora vegana - 100% envase de base biol\u00f3gica, sin sulfatos, siliconas ni parabenos<\/strong><\/p>\n<p>Profundamente reparadora y revitalizante, la mascarilla capilar Garden Dream combina agentes acondicionadores avanzados con aceites y extractos bot\u00e1nicos naturales para reparar, hidratar y proteger cada hebra.<\/p>\n<p>Formulado con <strong>Aceite de arg\u00e1n, aceite de linaza y aceite de macadamia<\/strong>, Este tratamiento, que proporciona una nutrici\u00f3n y suavidad intensas, ayuda a restaurar la suavidad, el brillo y la manejabilidad del cabello seco o da\u00f1ado.<\/p>\n<p>Un calmante <strong>Complejo de Isomerato de Sac\u00e1ridos y Extracto de Aloe Barbadensis<\/strong> mejora la hidrataci\u00f3n, dejando el cabello sedoso, flexible y f\u00e1cil de desenredar.<br \/>\nEn el coraz\u00f3n de la f\u00f3rmula se encuentra <strong>Extracto de casta\u00f1a ecol\u00f3gico<\/strong>, conocido por sus propiedades fortificantes y reparadoras. Mediante un avanzado proceso enzim\u00e1tico, ayuda a reparar el cabello da\u00f1ado, sellar las cut\u00edculas y retener la humedad esencial, mejorando la resistencia frente al calor y el estr\u00e9s ambiental.<\/p>\n<p><strong>Con vitamina E , pantenol y lecitina<\/strong>, Esta mascarilla acondiciona en profundidad y repone la hidrataci\u00f3n perdida al tiempo que protege contra el estr\u00e9s oxidativo.<\/p>\n<p><strong>La sostenibilidad en su n\u00facleo<\/strong><\/p>\n<p>Los envases de Garden Dream se fabrican con materiales org\u00e1nicos renovables y son 100% de origen biol\u00f3gico, completamente libres de petr\u00f3leo. Esta elecci\u00f3n reduce las emisiones de gases de efecto invernadero en al menos 50% en comparaci\u00f3n con los pl\u00e1sticos convencionales.<\/p>\n<p>Adem\u00e1s, nuestros tarros y tapas -fabricados en Europa- son biodegradables y compostables industrialmente, certificados seg\u00fan la norma europea EN13432. Consulte a las autoridades municipales de su localidad para que le orienten sobre la eliminaci\u00f3n adecuada de estos frascos.<br \/>\nNuestras etiquetas tambi\u00e9n son de base biol\u00f3gica y no llevan revestimientos de pl\u00e1stico. Por ello, pueden astillarse o despegarse de forma natural cuando se exponen al agua o la humedad, una peque\u00f1a muestra de nuestra aut\u00e9ntica dedicaci\u00f3n a los materiales sostenibles y ecol\u00f3gicos.<\/p>\n<h4>INCI<\/h4>\n<p>Ingredientes: aqua\/agua, alcohol cetear\u00edlico, glicerina, metosulfato de behentrimonio, cloruro de cetrimonio, alcano C15-19, zumo de hoja de aloe barbadensis, extracto hidrolizado de casta\u00f1a, aceite de semilla de argania spinosa, aceite de semilla de linum usitatissimum (linaza), aceite de semilla de macadamia ternifolia, extracto de spirulina maxima, isomerado de sac\u00e1ridos, acetato de tocoferilo, pantenol, lecitina, tocoferol, palmitato de ascorbilo, estearato de glicerilo, quaternium-22, parfum\/fragancia, ceteareth-20, cloruro de hidroxipropiltrimonio guar, polifarneseno hidrogenado, propilenglicol, PEG-9, benzoato s\u00f3dico, diacetato de glutamato tetras\u00f3dico, \u00e1cido c\u00edtrico, citrato s\u00f3dico, sorbato pot\u00e1sico, alcohol benc\u00edlico, nitrato de magnesio, metilcloroisotiazolinona, metilisotiazolinona, tetrametilacetilacetohidronaftalenos, linalol, c\u00e1scara de citrus aurantium bergamia, acetato de linalilo, hexametilindanopirano.<\/p>","protected":false},"excerpt":{"rendered":"<p>Garden Dream - mascarilla capilar reparadora vegana - 100% envase de base biol\u00f3gica, sin sulfatos, siliconas ni parabenos.<\/p>\n<p>Profundamente reparadora y revitalizante, la mascarilla capilar Garden Dream combina agentes acondicionadores avanzados con aceites y extractos bot\u00e1nicos naturales para reparar, hidratar y proteger cada hebra.<\/p>","protected":false},"featured_media":10995,"template":"","meta":[],"product_brand":[],"product_cat":[158],"product_tag":[159],"class_list":{"0":"post-10743","1":"product","2":"type-product","3":"status-publish","4":"has-post-thumbnail","6":"product_cat-mask","7":"product_tag-vegan","9":"first","10":"instock","11":"shipping-taxable","12":"purchasable","13":"product-type-simple"},"_links":{"self":[{"href":"https:\/\/spryup.ch\/es\/wp-json\/wp\/v2\/product\/10743","targetHints":{"allow":["GET"]}}],"collection":[{"href":"https:\/\/spryup.ch\/es\/wp-json\/wp\/v2\/product"}],"about":[{"href":"https:\/\/spryup.ch\/es\/wp-json\/wp\/v2\/types\/product"}],"version-history":[{"count":0,"href":"https:\/\/spryup.ch\/es\/wp-json\/wp\/v2\/product\/10743\/revisions"}],"wp:featuredmedia":[{"embeddable":true,"href":"https:\/\/spryup.ch\/es\/wp-json\/wp\/v2\/media\/10995"}],"wp:attachment":[{"href":"https:\/\/spryup.ch\/es\/wp-json\/wp\/v2\/media?parent=10743"}],"wp:term":[{"taxonomy":"product_brand","embeddable":true,"href":"https:\/\/spryup.ch\/es\/wp-json\/wp\/v2\/product_brand?post=10743"},{"taxonomy":"product_cat","embeddable":true,"href":"https:\/\/spryup.ch\/es\/wp-json\/wp\/v2\/product_cat?post=10743"},{"taxonomy":"product_tag","embeddable":true,"href":"https:\/\/spryup.ch\/es\/wp-json\/wp\/v2\/product_tag?post=10743"}],"curies":[{"name":"wp","href":"https:\/\/api.w.org\/{rel}","templated":true}]}}