{"id":10754,"date":"2025-11-12T15:37:23","date_gmt":"2025-11-12T14:37:23","guid":{"rendered":"https:\/\/spryup.ch\/?post_type=product&#038;p=10754"},"modified":"2026-03-04T11:27:21","modified_gmt":"2026-03-04T10:27:21","slug":"garden-oils-vegan-natural-hair-serum-spray-formulation","status":"publish","type":"product","link":"https:\/\/spryup.ch\/es\/prodotto\/garden-oils-vegan-natural-hair-serum-spray-formulation\/","title":{"rendered":"Garden Oils - Suero capilar vegano y natural - formulaci\u00f3n en spray"},"content":{"rendered":"<p><strong>Garden Oils - Suero capilar vegano y natural - formulaci\u00f3n en spray, formulado sin siliconas ni aceites minerales.\u00a0<\/strong><\/p>\n<p>Un aceite en spray ligero y sensorial con una mezcla de aceites bot\u00e1nicos.<br \/>\nSu f\u00f3rmula combina <strong>Aceites de macadamia, camelina, linaza y olus<\/strong> para nutrir en profundidad y suavizar el cabello, devolvi\u00e9ndole su suavidad y brillo natural.<\/p>\n<p>Un aceite ligero creado para nutrir en profundidad el cabello fino a medio sin apelmazarlo.<br \/>\n<strong>Enriquecido con vitamina E<\/strong> para una protecci\u00f3n antioxidante, deja el cabello sedoso, manejable y luminoso.<\/p>\n<p>Garden Oils es un producto multiusos, excelente para acondicionar, peinar y dar acabado, dejando el cabello brillante.<\/p>\n<p><strong>C\u00f3mo utilizarlo<\/strong>Pulverizar sobre el cabello ligeramente h\u00famedo, peinar y dar el estilo deseado.<br \/>\nTambi\u00e9n puede utilizarse para refrescar y reavivar el cabello entre lavados, devolvi\u00e9ndole su brillo y suavidad naturales.<\/p>\n<p><strong>Embalaje<\/strong>Frasco de vidrio \u00e1mbar con dosificador de pl\u00e1stico, acompa\u00f1ado de una caja de papel de celulosa virgen de primera calidad.<br \/>\nNuestras etiquetas son de base biol\u00f3gica y no llevan revestimientos de pl\u00e1stico. Por ello, pueden astillarse o despegarse de forma natural cuando se exponen al agua o la humedad, una peque\u00f1a muestra de nuestra aut\u00e9ntica dedicaci\u00f3n a los materiales sostenibles y ecol\u00f3gicos.<\/p>\n<h4>INCI<\/h4>\n<p>Ingredientes: alcano C15-19, farneseno hidrogenado, parfum\/fragancia, aceite de semilla de linum usitatissimum ( linaza ), aceite de semilla de macadamia ternifolia, aceite de semilla de camelina sativa, aceite de olus, acetato de tocoferilo, aceite de c\u00e1scara de citrus aurantium bergamia, aceite de pelargonium graveolens, geraniol, acetato de linalilo, citral, citronelol, cumarina, tetrametilacetilhidronaftalenos, limoneno, linalol, hexametillindanopirano, ionona alfa-isometil.<\/p>","protected":false},"excerpt":{"rendered":"<p>Aceites de jard\u00edn - suero capilar vegano y natural - formulaci\u00f3n en spray, formulado sin siliconas ni aceites minerales.<\/p>\n<p>Un aceite en spray ligero y sensorial con una mezcla de aceites bot\u00e1nicos.<br \/>\nSu f\u00f3rmula combina aceites de macadamia, camelina, linaza y olus para nutrir en profundidad y suavizar el cabello, devolvi\u00e9ndole su suavidad y brillo natural.<\/p>","protected":false},"featured_media":10991,"template":"","meta":[],"product_brand":[],"product_cat":[158],"product_tag":[159],"class_list":{"0":"post-10754","1":"product","2":"type-product","3":"status-publish","4":"has-post-thumbnail","6":"product_cat-mask","7":"product_tag-vegan","9":"first","10":"instock","11":"shipping-taxable","12":"purchasable","13":"product-type-simple"},"_links":{"self":[{"href":"https:\/\/spryup.ch\/es\/wp-json\/wp\/v2\/product\/10754","targetHints":{"allow":["GET"]}}],"collection":[{"href":"https:\/\/spryup.ch\/es\/wp-json\/wp\/v2\/product"}],"about":[{"href":"https:\/\/spryup.ch\/es\/wp-json\/wp\/v2\/types\/product"}],"version-history":[{"count":2,"href":"https:\/\/spryup.ch\/es\/wp-json\/wp\/v2\/product\/10754\/revisions"}],"predecessor-version":[{"id":11160,"href":"https:\/\/spryup.ch\/es\/wp-json\/wp\/v2\/product\/10754\/revisions\/11160"}],"wp:featuredmedia":[{"embeddable":true,"href":"https:\/\/spryup.ch\/es\/wp-json\/wp\/v2\/media\/10991"}],"wp:attachment":[{"href":"https:\/\/spryup.ch\/es\/wp-json\/wp\/v2\/media?parent=10754"}],"wp:term":[{"taxonomy":"product_brand","embeddable":true,"href":"https:\/\/spryup.ch\/es\/wp-json\/wp\/v2\/product_brand?post=10754"},{"taxonomy":"product_cat","embeddable":true,"href":"https:\/\/spryup.ch\/es\/wp-json\/wp\/v2\/product_cat?post=10754"},{"taxonomy":"product_tag","embeddable":true,"href":"https:\/\/spryup.ch\/es\/wp-json\/wp\/v2\/product_tag?post=10754"}],"curies":[{"name":"wp","href":"https:\/\/api.w.org\/{rel}","templated":true}]}}