{"id":10368,"date":"2025-11-10T11:42:56","date_gmt":"2025-11-10T10:42:56","guid":{"rendered":"https:\/\/spryup.ch\/?page_id=10368"},"modified":"2026-03-15T19:43:06","modified_gmt":"2026-03-15T18:43:06","slug":"about-us","status":"publish","type":"page","link":"https:\/\/spryup.ch\/fr\/about-us\/","title":{"rendered":"\u00c0 propos de nous"},"content":{"rendered":"<div data-elementor-type=\"wp-page\" data-elementor-id=\"10368\" class=\"elementor elementor-10368\" data-elementor-post-type=\"page\">\n\t\t\t\t\t\t<section class=\"elementor-section elementor-top-section elementor-element elementor-element-583f6c4 elementor-section-boxed elementor-section-height-default elementor-section-height-default\" data-id=\"583f6c4\" data-element_type=\"section\" data-e-type=\"section\">\n\t\t\t\t\t\t<div class=\"elementor-container elementor-column-gap-default\">\n\t\t\t\t\t<div class=\"elementor-column elementor-col-50 elementor-top-column elementor-element elementor-element-669b4e23\" data-id=\"669b4e23\" data-element_type=\"column\" data-e-type=\"column\">\n\t\t\t<div class=\"elementor-widget-wrap elementor-element-populated\">\n\t\t\t\t\t\t<div class=\"elementor-element elementor-element-2ac44573 elementor-invisible elementor-widget elementor-widget-image\" data-id=\"2ac44573\" data-element_type=\"widget\" data-e-type=\"widget\" data-settings=\"{&quot;_animation&quot;:&quot;fadeInLeft&quot;}\" data-widget_type=\"image.default\">\n\t\t\t\t\t\t\t\t\t\t\t\t\t\t\t<img fetchpriority=\"high\" decoding=\"async\" width=\"451\" height=\"683\" src=\"https:\/\/spryup.ch\/wp-content\/uploads\/2025\/11\/Screenshot-from-2025-11-10-11-42-03.png\" class=\"attachment-1536x1536 size-1536x1536 wp-image-10382\" alt=\"\" srcset=\"https:\/\/spryup.ch\/wp-content\/uploads\/2025\/11\/Screenshot-from-2025-11-10-11-42-03.png 451w, https:\/\/spryup.ch\/wp-content\/uploads\/2025\/11\/Screenshot-from-2025-11-10-11-42-03-198x300.png 198w, https:\/\/spryup.ch\/wp-content\/uploads\/2025\/11\/Screenshot-from-2025-11-10-11-42-03-8x12.png 8w\" sizes=\"(max-width: 451px) 100vw, 451px\" title=\"\">\t\t\t\t\t\t\t\t\t\t\t\t\t\t\t<\/div>\n\t\t\t\t\t<\/div>\n\t\t<\/div>\n\t\t\t\t<div class=\"elementor-column elementor-col-50 elementor-top-column elementor-element elementor-element-2c32955f elementor-invisible\" data-id=\"2c32955f\" data-element_type=\"column\" data-e-type=\"column\" data-settings=\"{&quot;animation&quot;:&quot;fadeInRight&quot;}\">\n\t\t\t<div class=\"elementor-widget-wrap elementor-element-populated\">\n\t\t\t\t\t\t<div class=\"elementor-element elementor-element-a1f42de elementor-widget elementor-widget-heading\" data-id=\"a1f42de\" data-element_type=\"widget\" data-e-type=\"widget\" data-widget_type=\"heading.default\">\n\t\t\t\t\t<h2 class=\"elementor-heading-title elementor-size-default\">Chez SPRY UP, nous pensons que la vraie beaut\u00e9 commence par l'harmonie entre la nature, la science et les soins quotidiens.<\/h2>\t\t\t\t<\/div>\n\t\t\t\t<div class=\"elementor-element elementor-element-513f0a32 elementor-widget elementor-widget-text-editor\" data-id=\"513f0a32\" data-element_type=\"widget\" data-e-type=\"widget\" data-widget_type=\"text-editor.default\">\n\t\t\t\t\t\t\t\t\t<p class=\"western\" lang=\"pt-BR\"><span lang=\"en-GB\">Notre voyage a commenc\u00e9 par une simple question : Les soins capillaires peuvent-ils \u00eatre vraiment efficaces et v\u00e9ritablement durables ?<\/span><\/p>\t\t\t\t\t\t\t\t<\/div>\n\t\t\t\t<div class=\"elementor-element elementor-element-a2a4b7b elementor-widget elementor-widget-text-editor\" data-id=\"a2a4b7b\" data-element_type=\"widget\" data-e-type=\"widget\" data-widget_type=\"text-editor.default\">\n\t\t\t\t\t\t\t\t\t<p class=\"western\" lang=\"pt-BR\"><span lang=\"en-GB\">Nous avons d\u00e9cid\u00e9 de cr\u00e9er une ligne qui prouve que c'est possible.<\/span><\/p><p class=\"western\" lang=\"pt-BR\"><span lang=\"en-GB\">Chaque produit est 100% v\u00e9g\u00e9talien. Nous s\u00e9lectionnons soigneusement chaque composant pour garantir des performances \u00e9lev\u00e9es sans compromis, en associant des actifs botaniques \u00e0 une chimie verte douce.<\/span><\/p><p class=\"western\" lang=\"pt-BR\"><span lang=\"en-GB\">Nos emballages sont con\u00e7us selon la m\u00eame philosophie : biosourc\u00e9s, biod\u00e9gradables et industriellement compostables \u2013 parce que ce qui contient le produit doit \u00eatre aussi responsable que ce qu'il contient.<\/span><\/p>\t\t\t\t\t\t\t\t<\/div>\n\t\t\t\t\t<\/div>\n\t\t<\/div>\n\t\t\t\t\t<\/div>\n\t\t<\/section>\n\t\t\t\t<section class=\"elementor-section elementor-top-section elementor-element elementor-element-678d6550 elementor-section-boxed elementor-section-height-default elementor-section-height-default elementor-invisible\" data-id=\"678d6550\" data-element_type=\"section\" data-e-type=\"section\" data-settings=\"{&quot;animation&quot;:&quot;fadeIn&quot;}\">\n\t\t\t\t\t\t<div class=\"elementor-container elementor-column-gap-default\">\n\t\t\t\t\t<div class=\"elementor-column elementor-col-100 elementor-top-column elementor-element elementor-element-622e6557\" data-id=\"622e6557\" data-element_type=\"column\" data-e-type=\"column\">\n\t\t\t<div class=\"elementor-widget-wrap elementor-element-populated\">\n\t\t\t\t\t\t<div class=\"elementor-element elementor-element-400c9fb3 elementor-widget elementor-widget-jet-headline\" data-id=\"400c9fb3\" data-element_type=\"widget\" data-e-type=\"widget\" data-widget_type=\"jet-headline.default\">\n\t\t\t\t<div class=\"elementor-widget-container\">\n\t\t\t\t\t<span class=\"jet-headline jet-headline--direction-horizontal\"><span class=\"jet-headline__part jet-headline__first\"><span class=\"jet-headline__label\">Pourquoi<\/span><\/span><span class=\"jet-headline__space\">&nbsp;<\/span><span class=\"jet-headline__part jet-headline__second\"><span class=\"jet-headline__label\">nous choisir<\/span><\/span><\/span>\t\t\t\t<\/div>\n\t\t\t\t<\/div>\n\t\t\t\t<section class=\"elementor-section elementor-inner-section elementor-element elementor-element-273a59f2 elementor-section-boxed elementor-section-height-default elementor-section-height-default\" data-id=\"273a59f2\" data-element_type=\"section\" data-e-type=\"section\">\n\t\t\t\t\t\t<div class=\"elementor-container elementor-column-gap-default\">\n\t\t\t\t\t<div class=\"elementor-column elementor-col-100 elementor-inner-column elementor-element elementor-element-f2aa3c\" data-id=\"f2aa3c\" data-element_type=\"column\" data-e-type=\"column\">\n\t\t\t<div class=\"elementor-widget-wrap elementor-element-populated\">\n\t\t\t\t\t\t<div class=\"elementor-element elementor-element-70c7ac3e elementor-widget elementor-widget-text-editor\" data-id=\"70c7ac3e\" data-element_type=\"widget\" data-e-type=\"widget\" data-widget_type=\"text-editor.default\">\n\t\t\t\t\t\t\t\t\t<p class=\"western\" lang=\"pt-BR\"><span lang=\"en-GB\">Nous ne sommes pas une marque de masse. Nous sommes une petite \u00e9quipe consciente, anim\u00e9e par l'id\u00e9e que \u00ab moins, c'est plus \u00bb, et que la transparence et la durabilit\u00e9 ne sont pas des tendances mais des valeurs \u00e0 incarner.<\/span><\/p><p class=\"western\" lang=\"pt-BR\"><span lang=\"en-GB\">Nos produits sont d\u00e9velopp\u00e9s et fabriqu\u00e9s avec soin, selon des principes d'approvisionnement \u00e9thique, de production \u00e0 faible impact et d'\u00e9co-conception.<\/span><\/p>\t\t\t\t\t\t\t\t<\/div>\n\t\t\t\t<div class=\"elementor-element elementor-element-3766cf7d elementor-widget elementor-widget-text-editor\" data-id=\"3766cf7d\" data-element_type=\"widget\" data-e-type=\"widget\" data-widget_type=\"text-editor.default\">\n\t\t\t\t\t\t\t\t\t<p class=\"western\" lang=\"pt-BR\"><span lang=\"en-GB\">Chez SPRY UP, chaque lavage est plus qu'un rituel de soin personnel \u2013 c'est un petit acte de respect pour la plan\u00e8te.<\/span><\/p><p class=\"western\" lang=\"pt-BR\"><span lang=\"en-GB\">Nous vous invitons \u00e0 nous rejoindre dans ce mouvement vers une mani\u00e8re plus attentive de prendre soin de vous et du monde qui vous entoure.<\/span><\/p>\t\t\t\t\t\t\t\t<\/div>\n\t\t\t\t\t<\/div>\n\t\t<\/div>\n\t\t\t\t\t<\/div>\n\t\t<\/section>\n\t\t\t\t\t<\/div>\n\t\t<\/div>\n\t\t\t\t\t<\/div>\n\t\t<\/section>\n\t\t<div class=\"elementor-element elementor-element-c027ba4 e-con-full e-flex e-con e-parent\" data-id=\"c027ba4\" data-element_type=\"container\" data-e-type=\"container\" data-settings=\"{&quot;background_background&quot;:&quot;classic&quot;}\">\n\t\t\t\t<\/div>\n\t\t\t\t<section class=\"elementor-section elementor-top-section elementor-element elementor-element-765aea0 elementor-section-boxed elementor-section-height-default elementor-section-height-default elementor-invisible\" data-id=\"765aea0\" data-element_type=\"section\" data-e-type=\"section\" data-settings=\"{&quot;animation&quot;:&quot;fadeIn&quot;}\">\n\t\t\t\t\t\t<div class=\"elementor-container elementor-column-gap-default\">\n\t\t\t\t\t<div class=\"elementor-column elementor-col-100 elementor-top-column elementor-element elementor-element-46b9698\" data-id=\"46b9698\" data-element_type=\"column\" data-e-type=\"column\">\n\t\t\t<div class=\"elementor-widget-wrap elementor-element-populated\">\n\t\t\t\t\t\t<div class=\"elementor-element elementor-element-de0770f elementor-widget elementor-widget-jet-headline\" data-id=\"de0770f\" data-element_type=\"widget\" data-e-type=\"widget\" data-widget_type=\"jet-headline.default\">\n\t\t\t\t<div class=\"elementor-widget-container\">\n\t\t\t\t\t<span class=\"jet-headline jet-headline--direction-horizontal\"><span class=\"jet-headline__part jet-headline__first\"><span class=\"jet-headline__label\">Nos<\/span><\/span><span class=\"jet-headline__space\">&nbsp;<\/span><span class=\"jet-headline__part jet-headline__second\"><span class=\"jet-headline__label\">Valeurs<\/span><\/span><\/span>\t\t\t\t<\/div>\n\t\t\t\t<\/div>\n\t\t\t\t<section class=\"elementor-section elementor-inner-section elementor-element elementor-element-5be5402 elementor-section-boxed elementor-section-height-default elementor-section-height-default\" data-id=\"5be5402\" data-element_type=\"section\" data-e-type=\"section\">\n\t\t\t\t\t\t<div class=\"elementor-container elementor-column-gap-default\">\n\t\t\t\t\t<div class=\"elementor-column elementor-col-33 elementor-inner-column elementor-element elementor-element-fde12b7\" data-id=\"fde12b7\" data-element_type=\"column\" data-e-type=\"column\">\n\t\t\t<div class=\"elementor-widget-wrap elementor-element-populated\">\n\t\t\t\t\t\t<div class=\"elementor-element elementor-element-8de185a elementor-invisible elementor-widget elementor-widget-jet-services\" data-id=\"8de185a\" data-element_type=\"widget\" data-e-type=\"widget\" data-settings=\"{&quot;_animation&quot;:&quot;zoomIn&quot;}\" data-widget_type=\"jet-services.default\">\n\t\t\t\t<div class=\"elementor-widget-container\">\n\t\t\t\t\t<div class=\"elementor-jet-services jet-elements\"><div class=\"jet-services jet-services--header-position-top\">\n\t<div class=\"jet-services__inner\">\n\t\t\t\t<div class=\"jet-services__header\">\n\t\t\t<div class=\"jet-services__cover\"><\/div>\n\t\t<\/div>\n\t\t<div class=\"jet-services__content\"><h3 class=\"jet-services__title\"><span class=\"jet-services__title-text\">Transparence<\/span><\/h3><p class=\"jet-services__desc\">Nous croyons en l'honn\u00eatet\u00e9 - de nos listes d'ingr\u00e9dients \u00e0 nos choix de production. Chaque formule explique clairement et simplement ce qu'elle contient et pourquoi.<\/p><\/div>\n\t\t\t<\/div>\n<\/div>\n<\/div>\t\t\t\t<\/div>\n\t\t\t\t<\/div>\n\t\t\t\t\t<\/div>\n\t\t<\/div>\n\t\t\t\t<div class=\"elementor-column elementor-col-33 elementor-inner-column elementor-element elementor-element-d3f9d2d\" data-id=\"d3f9d2d\" data-element_type=\"column\" data-e-type=\"column\">\n\t\t\t<div class=\"elementor-widget-wrap elementor-element-populated\">\n\t\t\t\t\t\t<div class=\"elementor-element elementor-element-0a8403c elementor-invisible elementor-widget elementor-widget-jet-services\" data-id=\"0a8403c\" data-element_type=\"widget\" data-e-type=\"widget\" data-settings=\"{&quot;_animation&quot;:&quot;zoomIn&quot;}\" data-widget_type=\"jet-services.default\">\n\t\t\t\t<div class=\"elementor-widget-container\">\n\t\t\t\t\t<div class=\"elementor-jet-services jet-elements\"><div class=\"jet-services jet-services--header-position-top\">\n\t<div class=\"jet-services__inner\">\n\t\t\t\t<div class=\"jet-services__header\">\n\t\t\t<div class=\"jet-services__cover\"><\/div>\n\t\t<\/div>\n\t\t<div class=\"jet-services__content\"><h3 class=\"jet-services__title\"><span class=\"jet-services__title-text\">Durabilit\u00e9<\/span><\/h3><p class=\"jet-services__desc\">De la formulation \u00e0 l'emballage, chaque \u00e9tape est con\u00e7ue pour r\u00e9duire l'impact. Nous utilisons des mat\u00e9riaux biosourc\u00e9s et biod\u00e9gradables ainsi que des proc\u00e9d\u00e9s respectueux de l'environnement afin de prot\u00e9ger la plan\u00e8te que nous partageons tous.<\/p><\/div>\n\t\t\t<\/div>\n<\/div>\n<\/div>\t\t\t\t<\/div>\n\t\t\t\t<\/div>\n\t\t\t\t\t<\/div>\n\t\t<\/div>\n\t\t\t\t<div class=\"elementor-column elementor-col-33 elementor-inner-column elementor-element elementor-element-a5dc1a8\" data-id=\"a5dc1a8\" data-element_type=\"column\" data-e-type=\"column\">\n\t\t\t<div class=\"elementor-widget-wrap elementor-element-populated\">\n\t\t\t\t\t\t<div class=\"elementor-element elementor-element-856a2bb elementor-invisible elementor-widget elementor-widget-jet-services\" data-id=\"856a2bb\" data-element_type=\"widget\" data-e-type=\"widget\" data-settings=\"{&quot;_animation&quot;:&quot;zoomIn&quot;}\" data-widget_type=\"jet-services.default\">\n\t\t\t\t<div class=\"elementor-widget-container\">\n\t\t\t\t\t<div class=\"elementor-jet-services jet-elements\"><div class=\"jet-services jet-services--header-position-top\">\n\t<div class=\"jet-services__inner\">\n\t\t\t\t<div class=\"jet-services__header\">\n\t\t\t<div class=\"jet-services__cover\"><\/div>\n\t\t<\/div>\n\t\t<div class=\"jet-services__content\"><h3 class=\"jet-services__title\"><span class=\"jet-services__title-text\">Simplicit\u00e9<\/span><\/h3><p class=\"jet-services__desc\">Nous gardons les choses pures et essentielles. Pas d'additifs inutiles, pas de routines trop compliqu\u00e9es - juste des soins propres et efficaces qui fonctionnent en harmonie avec vos cheveux et la nature.<\/p><\/div>\n\t\t\t<\/div>\n<\/div>\n<\/div>\t\t\t\t<\/div>\n\t\t\t\t<\/div>\n\t\t\t\t\t<\/div>\n\t\t<\/div>\n\t\t\t\t\t<\/div>\n\t\t<\/section>\n\t\t\t\t<section class=\"elementor-section elementor-inner-section elementor-element elementor-element-1f0506b elementor-section-boxed elementor-section-height-default elementor-section-height-default\" data-id=\"1f0506b\" data-element_type=\"section\" data-e-type=\"section\">\n\t\t\t\t\t\t<div class=\"elementor-container elementor-column-gap-default\">\n\t\t\t\t\t<div class=\"elementor-column elementor-col-33 elementor-inner-column elementor-element elementor-element-4322983\" data-id=\"4322983\" data-element_type=\"column\" data-e-type=\"column\">\n\t\t\t<div class=\"elementor-widget-wrap elementor-element-populated\">\n\t\t\t\t\t\t<div class=\"elementor-element elementor-element-4111f1e elementor-invisible elementor-widget elementor-widget-jet-services\" data-id=\"4111f1e\" data-element_type=\"widget\" data-e-type=\"widget\" data-settings=\"{&quot;_animation&quot;:&quot;zoomIn&quot;}\" data-widget_type=\"jet-services.default\">\n\t\t\t\t<div class=\"elementor-widget-container\">\n\t\t\t\t\t<div class=\"elementor-jet-services jet-elements\"><div class=\"jet-services jet-services--header-position-top\">\n\t<div class=\"jet-services__inner\">\n\t\t\t\t<div class=\"jet-services__header\">\n\t\t\t<div class=\"jet-services__cover\"><\/div>\n\t\t<\/div>\n\t\t<div class=\"jet-services__content\"><h3 class=\"jet-services__title\"><span class=\"jet-services__title-text\">Respect de la nature<\/span><\/h3><p class=\"jet-services__desc\">La nature est notre partenaire le plus pr\u00e9cieux. Nous choisissons des ingr\u00e9dients renouvelables \u00e0 base de plantes et soutenons des m\u00e9thodes qui pr\u00e9servent la biodiversit\u00e9 et l'\u00e9quilibre naturel.<\/p><\/div>\n\t\t\t<\/div>\n<\/div>\n<\/div>\t\t\t\t<\/div>\n\t\t\t\t<\/div>\n\t\t\t\t\t<\/div>\n\t\t<\/div>\n\t\t\t\t<div class=\"elementor-column elementor-col-33 elementor-inner-column elementor-element elementor-element-e05d13f\" data-id=\"e05d13f\" data-element_type=\"column\" data-e-type=\"column\">\n\t\t\t<div class=\"elementor-widget-wrap elementor-element-populated\">\n\t\t\t\t\t\t<div class=\"elementor-element elementor-element-ed3bbdf elementor-invisible elementor-widget elementor-widget-jet-services\" data-id=\"ed3bbdf\" data-element_type=\"widget\" data-e-type=\"widget\" data-settings=\"{&quot;_animation&quot;:&quot;zoomIn&quot;}\" data-widget_type=\"jet-services.default\">\n\t\t\t\t<div class=\"elementor-widget-container\">\n\t\t\t\t\t<div class=\"elementor-jet-services jet-elements\"><div class=\"jet-services jet-services--header-position-top\">\n\t<div class=\"jet-services__inner\">\n\t\t\t\t<div class=\"jet-services__header\">\n\t\t\t<div class=\"jet-services__cover\"><\/div>\n\t\t<\/div>\n\t\t<div class=\"jet-services__content\"><h3 class=\"jet-services__title\"><span class=\"jet-services__title-text\">Int\u00e9grit\u00e9<\/span><\/h3><p class=\"jet-services__desc\">Nous ne courons pas apr\u00e8s les tendances ou les promesses vides. Nous nous engageons \u00e0 respecter la qualit\u00e9, la responsabilit\u00e9 et l'authenticit\u00e9 dans tout ce que nous cr\u00e9ons.<\/p><\/div>\n\t\t\t<\/div>\n<\/div>\n<\/div>\t\t\t\t<\/div>\n\t\t\t\t<\/div>\n\t\t\t\t\t<\/div>\n\t\t<\/div>\n\t\t\t\t<div class=\"elementor-column elementor-col-33 elementor-inner-column elementor-element elementor-element-0ea4e66\" data-id=\"0ea4e66\" data-element_type=\"column\" data-e-type=\"column\">\n\t\t\t<div class=\"elementor-widget-wrap\">\n\t\t\t\t\t\t\t<\/div>\n\t\t<\/div>\n\t\t\t\t\t<\/div>\n\t\t<\/section>\n\t\t\t\t\t<\/div>\n\t\t<\/div>\n\t\t\t\t\t<\/div>\n\t\t<\/section>\n\t\t\t\t<\/div>","protected":false},"excerpt":{"rendered":"<p>At SPRY UP, we believe that true beauty begins with harmony \u2014 between nature, science, and everyday care. Our journey started with a simple question: Can haircare be truly effective and genuinely sustainable? We set out to create a line that proves it can. Each product is 100% vegan. We carefully select every component to [&hellip;]<\/p>\n","protected":false},"author":3,"featured_media":0,"parent":0,"menu_order":0,"comment_status":"closed","ping_status":"closed","template":"","meta":{"footnotes":""},"class_list":["post-10368","page","type-page","status-publish","hentry"],"_links":{"self":[{"href":"https:\/\/spryup.ch\/fr\/wp-json\/wp\/v2\/pages\/10368","targetHints":{"allow":["GET"]}}],"collection":[{"href":"https:\/\/spryup.ch\/fr\/wp-json\/wp\/v2\/pages"}],"about":[{"href":"https:\/\/spryup.ch\/fr\/wp-json\/wp\/v2\/types\/page"}],"author":[{"embeddable":true,"href":"https:\/\/spryup.ch\/fr\/wp-json\/wp\/v2\/users\/3"}],"replies":[{"embeddable":true,"href":"https:\/\/spryup.ch\/fr\/wp-json\/wp\/v2\/comments?post=10368"}],"version-history":[{"count":3,"href":"https:\/\/spryup.ch\/fr\/wp-json\/wp\/v2\/pages\/10368\/revisions"}],"predecessor-version":[{"id":11191,"href":"https:\/\/spryup.ch\/fr\/wp-json\/wp\/v2\/pages\/10368\/revisions\/11191"}],"wp:attachment":[{"href":"https:\/\/spryup.ch\/fr\/wp-json\/wp\/v2\/media?parent=10368"}],"curies":[{"name":"wp","href":"https:\/\/api.w.org\/{rel}","templated":true}]}}