{"id":11093,"date":"2026-02-14T17:06:42","date_gmt":"2026-02-14T16:06:42","guid":{"rendered":"https:\/\/spryup.ch\/?page_id=11093"},"modified":"2026-02-14T17:28:45","modified_gmt":"2026-02-14T16:28:45","slug":"why-spry-up","status":"publish","type":"page","link":"https:\/\/spryup.ch\/fr\/why-spry-up\/","title":{"rendered":"Pourquoi SPRY UP"},"content":{"rendered":"<div data-elementor-type=\"wp-page\" data-elementor-id=\"11093\" class=\"elementor elementor-11093\" data-elementor-post-type=\"page\">\n\t\t\t\t<div class=\"elementor-element elementor-element-4f82e0fd e-flex e-con-boxed e-con e-parent\" data-id=\"4f82e0fd\" data-element_type=\"container\" data-e-type=\"container\">\n\t\t\t\t\t<div class=\"e-con-inner\">\n\t\t\t\t<div class=\"elementor-element elementor-element-5069a6c2 elementor-widget elementor-widget-text-editor\" data-id=\"5069a6c2\" data-element_type=\"widget\" data-e-type=\"widget\" data-widget_type=\"text-editor.default\">\n\t\t\t\t\t\t\t\t\t\n<h3 class=\"wp-block-heading\">L'harmonie de la performance professionnelle et de la beaut\u00e9 consciente.<\/h3>\n\n<p>Entrez dans le jardin  ( GARDEN ).<\/p>\n\n<p>Chez SPRY UP, nous pensons que vos cheveux m\u00e9ritent le m\u00eame soin, la m\u00eame nutrition et la m\u00eame vitalit\u00e9 que ceux que l'on trouve dans un jardin botanique florissant. Notre <strong>JARDIN<\/strong> est le r\u00e9sultat de notre engagement quotidien envers un objectif clair : obtenir des r\u00e9sultats professionnels tout en pr\u00e9servant la nature.<\/p>\n\n<p>C'est un chemin de choix conscients, o\u00f9 nous privil\u00e9gions la \u00ab chimie verte \u00bb pour cr\u00e9er votre routine de beaut\u00e9. Nous ne pr\u00e9tendons pas \u00eatre parfaits, mais nous mettons tout en \u0153uvre pour que soins capillaires de haute qualit\u00e9 et responsabilit\u00e9 environnementale \u00e9voluent enfin ensemble.<\/p>\n\n<p>Voici pourquoi <strong>JARDIN<\/strong> est le choix ultime pour vos cheveux :<\/p>\n\n<p><strong>1. Le pouvoir de l'inspiration botanique<\/strong> Tous les produits de notre gamme, <strong>de la cr\u00e8me hydratante aux huiles capillaires<\/strong> sont formul\u00e9s \u00e0 partir d'extraits v\u00e9g\u00e9taux concentr\u00e9s. <strong>Huiles naturelles de jardin<\/strong>-est formul\u00e9 \u00e0 partir d'extraits v\u00e9g\u00e9taux concentr\u00e9s. Nous nous appuyons sur l'intelligence naturelle des plantes per assurer une hydratation en profondeur, une r\u00e9sistance structurelle et une brillance \u00e9clatante, sans silicone.<\/p>\n\n<h3 class=\"wp-block-heading\">2. 100% Int\u00e9grit\u00e9 v\u00e9gane et bio<\/h3>\n\n<p>Nous respectons la vie sous toutes ses formes. Nous <strong>JARDIN<\/strong> La ligne de d\u00e9marcation est strictement <strong>100% Vegan<\/strong> et sans cruaut\u00e9. En outre, nous prot\u00e9geons la terre o\u00f9 poussent nos ingr\u00e9dients en utilisant <strong>Emballages biosourc\u00e9s<\/strong> chaque fois que la technologie actuelle le permet, comme le montrent nos shampooings, nos apr\u00e8s-shampooings et nos masques r\u00e9parateurs.<\/p>\n\n<p>Pour les produits pour lesquels il n'existe pas encore d'options biosourc\u00e9es, tels que nos masques capillaires sans rin\u00e7age et nos s\u00e9rums naturels, nous choisissons <strong>r\u00e9cipients en verre<\/strong> avec des pompes en plastique de haute qualit\u00e9. Il s'agit d'un effort constant pour r\u00e9duire notre empreinte carbone et minimiser les d\u00e9chets plastiques, un choix conscient \u00e0 la fois.<\/p>\n\n<h3 class=\"wp-block-heading\">3. Des r\u00e9sultats professionnels, naturellement<\/h3>\n\n<p>SPRY UP fait le lien entre le laboratoire et la serre. Notre <strong>JARDIN<\/strong> sont test\u00e9s et approuv\u00e9s par des professionnels afin de garantir qu'ils r\u00e9pondent aux normes les plus strictes des salons de coiffure. Vous b\u00e9n\u00e9ficiez d'une exp\u00e9rience de luxe et d'une finition impeccable, gr\u00e2ce \u00e0 la nature.<\/p>\n\n<h3 class=\"wp-block-heading\">4. Puret\u00e9, honn\u00eatet\u00e9, transparence<\/h3>\n\n<p>Dans notre <strong>JARDIN<\/strong>, Il n'y a donc pas de \u201cmauvaises herbes\u201d cach\u00e9es. Nous \u00e9liminons les sulfates, les parab\u00e8nes, les silicones et les substances de remplissage inutiles. Il ne reste qu'une formule propre, minimaliste et hautement efficace qui respecte l'\u00e9quilibre d\u00e9licat de vos cheveux et de votre cuir chevelu.<\/p>\n\n<h3 class=\"wp-block-heading\">5. Un rituel sensoriel<\/h3>\n\n<p>Les soins capillaires devraient \u00eatre un moyen d'\u00e9vasion. Les <strong>JARDIN<\/strong> offre une exp\u00e9rience sensorielle unique - des parfums frais et naturels et des textures l\u00e9g\u00e8res qui transforment votre douche quotidienne en un moment de soin revitalisant.<\/p>\n<hr class=\"wp-block-separator has-alpha-channel-opacity\" \/>\n<h3 class=\"wp-block-heading\">Notre promesse<\/h3>\n\n<p>Le <strong>JARDIN<\/strong> de SPRY UP repr\u00e9sente une nouvelle \u00e8re de la beaut\u00e9 : durable, transparente et ind\u00e9niablement efficace. Nous ne nous contentons pas de laver ou de coiffer les cheveux, nous les nourrissons \u00e0 partir de la racine.<\/p>\n\n<p><strong>Cultivez votre beaut\u00e9. Respectez la Terre. SPRY UP<\/strong><\/p>\n\t\t\t\t\t\t\t\t<\/div>\n\t\t\t\t\t<\/div>\n\t\t\t\t<\/div>\n\t\t\t\t<\/div>","protected":false},"excerpt":{"rendered":"<p>The Harmony of Professional Performance and Conscious Beauty. Step Into the Garden. At SPRY UP, we believe your hair deserves the same care, nourishment, and vitality found in a thriving botanical garden. Our GARDEN line is the result of our daily commitment to a clear, honest goal: achieving professional-grade results while doing our absolute best [&hellip;]<\/p>\n","protected":false},"author":6,"featured_media":0,"parent":0,"menu_order":0,"comment_status":"closed","ping_status":"closed","template":"","meta":{"footnotes":""},"class_list":["post-11093","page","type-page","status-publish","hentry"],"_links":{"self":[{"href":"https:\/\/spryup.ch\/fr\/wp-json\/wp\/v2\/pages\/11093","targetHints":{"allow":["GET"]}}],"collection":[{"href":"https:\/\/spryup.ch\/fr\/wp-json\/wp\/v2\/pages"}],"about":[{"href":"https:\/\/spryup.ch\/fr\/wp-json\/wp\/v2\/types\/page"}],"author":[{"embeddable":true,"href":"https:\/\/spryup.ch\/fr\/wp-json\/wp\/v2\/users\/6"}],"replies":[{"embeddable":true,"href":"https:\/\/spryup.ch\/fr\/wp-json\/wp\/v2\/comments?post=11093"}],"version-history":[{"count":4,"href":"https:\/\/spryup.ch\/fr\/wp-json\/wp\/v2\/pages\/11093\/revisions"}],"predecessor-version":[{"id":11100,"href":"https:\/\/spryup.ch\/fr\/wp-json\/wp\/v2\/pages\/11093\/revisions\/11100"}],"wp:attachment":[{"href":"https:\/\/spryup.ch\/fr\/wp-json\/wp\/v2\/media?parent=11093"}],"curies":[{"name":"wp","href":"https:\/\/api.w.org\/{rel}","templated":true}]}}