{"id":11103,"date":"2026-02-14T17:48:03","date_gmt":"2026-02-14T16:48:03","guid":{"rendered":"https:\/\/spryup.ch\/?page_id=11103"},"modified":"2026-02-14T17:52:47","modified_gmt":"2026-02-14T16:52:47","slug":"our-labels","status":"publish","type":"page","link":"https:\/\/spryup.ch\/fr\/our-labels\/","title":{"rendered":"Nos \u00e9tiquettes"},"content":{"rendered":"<div data-elementor-type=\"wp-page\" data-elementor-id=\"11103\" class=\"elementor elementor-11103\" data-elementor-post-type=\"page\">\n\t\t\t\t<div class=\"elementor-element elementor-element-74b70eeb e-flex e-con-boxed e-con e-parent\" data-id=\"74b70eeb\" data-element_type=\"container\" data-e-type=\"container\">\n\t\t\t\t\t<div class=\"e-con-inner\">\n\t\t\t\t<div class=\"elementor-element elementor-element-57d0bf3a elementor-widget elementor-widget-text-editor\" data-id=\"57d0bf3a\" data-element_type=\"widget\" data-e-type=\"widget\" data-widget_type=\"text-editor.default\">\n\t\t\t\t\t\t\t\t\t<p><\/p>\n<h2 class=\"wp-block-heading\">La beaut\u00e9 de l'int\u00e9grit\u00e9 brute<\/h2>\n<p><\/p>\n<p>Chez SPRY UP, notre engagement envers la plan\u00e8te est \u00e0 fleur de peau et va jusqu'\u00e0 l'\u00e9tiquette. Lorsque nous avons con\u00e7u le <strong>JARDIN<\/strong> nous avons d\u00fb faire un choix : la perfection esth\u00e9tique ou l'honn\u00eatet\u00e9 environnementale. <strong>Nous avons choisi la Terre.<\/strong><\/p>\n<p><\/p>\n<h3 class=\"wp-block-heading\">100% Sans plastique et biod\u00e9gradable<\/h3>\n<p><\/p>\n<p>La plupart des bouteilles \u201c\u00e9cologiques\u201d utilisent encore des \u00e9tiquettes plastifi\u00e9es ou des films synth\u00e9tiques de protection pour rester intactes. Nous avons d\u00e9cid\u00e9 d'aller plus loin. Nos \u00e9tiquettes sont fabriqu\u00e9es \u00e0 partir de <strong>mat\u00e9riaux enti\u00e8rement biod\u00e9gradables<\/strong>, Les produits de cette cat\u00e9gorie ne contiennent aucun lamin\u00e9 plastique ni aucun rev\u00eatement de protection.<\/p>\n<p><\/p>\n<h3 class=\"wp-block-heading\">Pourquoi sont-ils \u201csensibles\u201d ?\u201d<\/h3>\n<p><\/p>\n<p>Parce que nos labels sont bruts et naturels, ils sont tr\u00e8s sensibles \u00e0 leur environnement, comme un vrai jardin.<\/p>\n<p><\/p>\n<ul class=\"wp-block-list\"><p><\/p>\n<li><strong>Eau et vapeur :<\/strong> Dans l'environnement humide d'une douche, le mat\u00e9riau biod\u00e9gradable peut se ramollir ou montrer des signes d'usure.<\/li>\n<p><\/p>\n<li><strong>Port naturel :<\/strong> Sans film plastique pour les prot\u00e9ger, les \u00e9tiquettes peuvent facilement pr\u00e9senter de petites rayures ou \u201cmarques de beaut\u00e9\u201d dues \u00e0 la manipulation et au transport.<\/li>\n<p><\/p><\/ul>\n<p><\/p>\n<h3 class=\"wp-block-heading\">Accepter la \u201cnormalit\u00e9\u201d<\/h3>\n<p><\/p>\n<p>Si vous trouvez une petite marque, un bord d\u00e9color\u00e9 ou un changement de texture sur votre <strong>JARDIN<\/strong> bouteille, sachez qu'il s'agit d'une <strong>tout \u00e0 fait normal<\/strong>.<\/p>\n<p><\/p>\n<p>Ce n'est pas un d\u00e9faut du produit, c'est la preuve visible que nous avons refus\u00e9 d'utiliser des micro-plastiques inutiles. C'est le signe d'un label qui finira par retourner \u00e0 la terre sans laisser de trace.<\/p>\n<p><\/p>\n<h3 class=\"wp-block-heading\">Notre philosophie<\/h3>\n<p><\/p>\n<p>Nous pensons qu'une \u00e9tiquette naturelle et ray\u00e9e est plus belle qu'une \u00e9tiquette parfaite en plastique. Pour nous, ces petits signes d'usure repr\u00e9sentent un choix conscient de prot\u00e9ger nos oc\u00e9ans et nos sols.<\/p>\n<p><\/p>\n<p><strong>Un contenu pur. Un emballage honn\u00eate. Pas de compromis.<\/strong><\/p>\n<p><\/p>\t\t\t\t\t\t\t\t<\/div>\n\t\t\t\t\t<\/div>\n\t\t\t\t<\/div>\n\t\t\t\t<\/div>","protected":false},"excerpt":{"rendered":"<p>The Beauty of Raw Integrity At SPRY UP, our commitment to the planet is skin-deep\u2014and it goes all the way to the label. When we designed the GARDEN line, we faced a choice: aesthetic perfection or environmental honesty. We chose the Earth. 100% Plastic-Free &amp; Biodegradable Most &#8220;eco-friendly&#8221; bottles still use plastic-coated labels or protective [&hellip;]<\/p>\n","protected":false},"author":6,"featured_media":0,"parent":0,"menu_order":0,"comment_status":"closed","ping_status":"closed","template":"","meta":{"footnotes":""},"class_list":["post-11103","page","type-page","status-publish","hentry"],"_links":{"self":[{"href":"https:\/\/spryup.ch\/fr\/wp-json\/wp\/v2\/pages\/11103","targetHints":{"allow":["GET"]}}],"collection":[{"href":"https:\/\/spryup.ch\/fr\/wp-json\/wp\/v2\/pages"}],"about":[{"href":"https:\/\/spryup.ch\/fr\/wp-json\/wp\/v2\/types\/page"}],"author":[{"embeddable":true,"href":"https:\/\/spryup.ch\/fr\/wp-json\/wp\/v2\/users\/6"}],"replies":[{"embeddable":true,"href":"https:\/\/spryup.ch\/fr\/wp-json\/wp\/v2\/comments?post=11103"}],"version-history":[{"count":7,"href":"https:\/\/spryup.ch\/fr\/wp-json\/wp\/v2\/pages\/11103\/revisions"}],"predecessor-version":[{"id":11110,"href":"https:\/\/spryup.ch\/fr\/wp-json\/wp\/v2\/pages\/11103\/revisions\/11110"}],"wp:attachment":[{"href":"https:\/\/spryup.ch\/fr\/wp-json\/wp\/v2\/media?parent=11103"}],"curies":[{"name":"wp","href":"https:\/\/api.w.org\/{rel}","templated":true}]}}