{"id":10644,"date":"2025-11-11T11:07:23","date_gmt":"2025-11-11T10:07:23","guid":{"rendered":"https:\/\/spryup.ch\/?post_type=product&#038;p=10644"},"modified":"2025-12-04T15:44:01","modified_gmt":"2025-12-04T14:44:01","slug":"garden-cream-vegan-hydrating-conditioner","status":"publish","type":"product","link":"https:\/\/spryup.ch\/fr\/prodotto\/garden-cream-vegan-hydrating-conditioner\/","title":{"rendered":"Garden Cream - Apr\u00e8s-shampoo hydratant vegan"},"content":{"rendered":"<p><strong>Garden Cream est un apr\u00e8s-shampoing l\u00e9ger et nourrissant.<\/strong> qui hydrate sans accumulation, laissant chaque m\u00e8che douce, souple et pleine de vie. D\u00e9m\u00eale et nourrit d\u00e9licatement vos cheveux en un instant, leur redonnant leur \u00e9clat naturel avec une l\u00e9g\u00e8ret\u00e9 sans effort.<br \/>\nInfus\u00e9 d'un m\u00e9lange de <strong>huiles naturelles - noix de coco, argan, graines de lin et macadamia<\/strong> - Il hydrate en profondeur, renforce la brillance et redonne aux cheveux leur vitalit\u00e9 naturelle.<\/p>\n<p>La formule est enrichie de <strong>Extrait de ch\u00e2taigne biologique<\/strong> (\u00e0 partir de fruits de Castanea Sativa issus de l'agriculture biologique) et d'un <strong>Complexe hydratant biosourc\u00e9<\/strong> (d\u00e9riv\u00e9 des sucres de ma\u00efs) pour prot\u00e9ger, reconstituer et maintenir une hydratation durable.<\/p>\n<p>Vos cheveux sont laiss\u00e9s <strong>soyeux, maniable et \u00e9clatant<\/strong>, L'homme est un \u00eatre humain, avec un mouvement et une force renouvel\u00e9s - il est naturellement beau.<br \/>\nAppliquer sur les mi-longueurs et les pointes, en \u00e9vitant le cuir chevelu. Laisser agir quelques minutes, puis rincer abondamment.<\/p>\n<p><strong>La durabilit\u00e9 au c\u0153ur de l'action<\/strong><br \/>\nL'emballage de Garden Dew est fabriqu\u00e9 \u00e0 partir de mat\u00e9riaux organiques renouvelables et est 100% bio-sourc\u00e9, totalement exempt de p\u00e9trole. Ce choix permet de r\u00e9duire les \u00e9missions de gaz \u00e0 effet de serre d'au moins 50% par rapport aux plastiques conventionnels.<\/p>\n<p>De plus, nos bouteilles et bouchons - fabriqu\u00e9s en Europe - sont biod\u00e9gradables et industriellement compostables, certifi\u00e9s selon la norme europ\u00e9enne EN13432. Veuillez consulter les autorit\u00e9s locales pour obtenir des conseils sur l'\u00e9limination appropri\u00e9e de ces bouteilles.<\/p>\n<p>Nos \u00e9tiquettes sont \u00e9galement biosourc\u00e9es et d\u00e9pourvues de rev\u00eatement plastique. Par cons\u00e9quent, elles peuvent naturellement s'\u00e9cailler ou se d\u00e9coller lorsqu'elles sont expos\u00e9es \u00e0 l'eau ou \u00e0 l'humidit\u00e9 - un petit signe de notre engagement sinc\u00e8re en faveur des mat\u00e9riaux durables et \u00e9cologiques.<\/p>\n<p><strong>INCI<\/strong><br \/>\n<strong>Ingr\u00e9dients<\/strong>: aqua\/eau, alcool c\u00e9t\u00e9arylique, glyc\u00e9rine, chlorure de c\u00e9trimonium, \u00e9ther dicaprylylique, huile de cocos nucifera (noix de coco), huile de graines de macadamia ternifolia, extrait de ch\u00e2taigne hydrolys\u00e9, isom\u00e9rat de saccharide, linum usitatissimum (huile de lin), huile de noyau d'argania spinosa, ac\u00e9tate de tocoph\u00e9ryle, quaternium-22, tocoph\u00e9rol, palmitate d'ascorbyle, l\u00e9cithine, gomme scl\u00e9rotique, parfum, acide gluconique, acide lactique, behentrimonium, acide lactique, m\u00e9thosulfate de b\u00e9hentrimonium, alcane C15-19, c\u00e9t\u00e9areth-20, acide tartrique, polysorbate 20, propanediol, acide citrique, benzoate de sodium, chlorure de guar hydroxypropyltrimonium, diac\u00e9tate de glutamate t\u00e9trasodique, sorbate de potassium, citrate de sodium, huile de zeste de citrus aurantium bergamia, hydroxyde de sodium, ac\u00e9tyloctahydronaphtal\u00e8nes t\u00e9tram\u00e9thyliques, ac\u00e9tate de lynalyle, hexam\u00e9thylindanopyran, linalol.<\/p>","protected":false},"excerpt":{"rendered":"<p>Garden Cream - Vegan Hydrating Conditioner - 100% emballage biosourc\u00e9.<br \/>\nPour tous les types de cheveux - sans sulfates, silicones ni parab\u00e8nes.<\/p>","protected":false},"featured_media":10997,"template":"","meta":[],"product_brand":[],"product_cat":[157],"product_tag":[159],"class_list":{"0":"post-10644","1":"product","2":"type-product","3":"status-publish","4":"has-post-thumbnail","6":"product_cat-conditioner","7":"product_tag-vegan","9":"first","10":"instock","11":"shipping-taxable","12":"purchasable","13":"product-type-variable"},"_links":{"self":[{"href":"https:\/\/spryup.ch\/fr\/wp-json\/wp\/v2\/product\/10644","targetHints":{"allow":["GET"]}}],"collection":[{"href":"https:\/\/spryup.ch\/fr\/wp-json\/wp\/v2\/product"}],"about":[{"href":"https:\/\/spryup.ch\/fr\/wp-json\/wp\/v2\/types\/product"}],"version-history":[{"count":0,"href":"https:\/\/spryup.ch\/fr\/wp-json\/wp\/v2\/product\/10644\/revisions"}],"wp:featuredmedia":[{"embeddable":true,"href":"https:\/\/spryup.ch\/fr\/wp-json\/wp\/v2\/media\/10997"}],"wp:attachment":[{"href":"https:\/\/spryup.ch\/fr\/wp-json\/wp\/v2\/media?parent=10644"}],"wp:term":[{"taxonomy":"product_brand","embeddable":true,"href":"https:\/\/spryup.ch\/fr\/wp-json\/wp\/v2\/product_brand?post=10644"},{"taxonomy":"product_cat","embeddable":true,"href":"https:\/\/spryup.ch\/fr\/wp-json\/wp\/v2\/product_cat?post=10644"},{"taxonomy":"product_tag","embeddable":true,"href":"https:\/\/spryup.ch\/fr\/wp-json\/wp\/v2\/product_tag?post=10644"}],"curies":[{"name":"wp","href":"https:\/\/api.w.org\/{rel}","templated":true}]}}