{"id":10654,"date":"2025-11-11T11:17:09","date_gmt":"2025-11-11T10:17:09","guid":{"rendered":"https:\/\/spryup.ch\/?post_type=product&#038;p=10654"},"modified":"2026-04-14T13:53:00","modified_gmt":"2026-04-14T11:53:00","slug":"garden-dew-vegan-hydrating-shampoo","status":"publish","type":"product","link":"https:\/\/spryup.ch\/fr\/prodotto\/garden-dew-vegan-hydrating-shampoo\/","title":{"rendered":"Garden Dew - Shampoo hydratant vegan"},"content":{"rendered":"<p>Ce shampooing luxueux m\u00e9lange :<br \/>\n<strong>Extrait de ch\u00e2taigne biologique<\/strong> (\u00e0 partir de fruits de Castanea sativa cultiv\u00e9s biologiquement)<br \/>\n<strong>Extrait d'algue Wakame<\/strong> (riche en acides amin\u00e9s essentiels), et un<br \/>\n<strong>Complexe hydratant biosourc\u00e9<\/strong> (d\u00e9riv\u00e9 naturel des sucres de ma\u00efs)<\/p>\n<p>pour renforcer l'hydratation en profondeur et am\u00e9liorer la beaut\u00e9 naturelle \u00e0 long terme tout en restaurant la douceur et la brillance naturelle.<\/p>\n<p>Compl\u00e9tez votre rituel avec notre Garden Cream Vegan Hydrating Conditioner, qui nourrit vos cheveux et leur apporte la douceur soyeuse dont ils ont besoin. Pour les cheveux qui ont besoin d'un soin suppl\u00e9mentaire, offrez-vous une touche de notre masque capillaire r\u00e9parateur v\u00e9g\u00e9talien Garden Dream - un traitement riche et r\u00e9parateur qui restaure et revitalise en profondeur la beaut\u00e9 naturelle de vos cheveux.<\/p>\n<p><strong>La durabilit\u00e9 au c\u0153ur de l'action<\/strong><br \/>\nL'emballage de Garden Dew est fabriqu\u00e9 \u00e0 partir de mat\u00e9riaux organiques renouvelables et est 100% bio-sourc\u00e9, totalement exempt de p\u00e9trole. Ce choix permet de r\u00e9duire les \u00e9missions de gaz \u00e0 effet de serre d'au moins 50% par rapport aux plastiques conventionnels.<\/p>\n<p>De plus, nos bouteilles et bouchons - fabriqu\u00e9s en Europe - sont biod\u00e9gradables et industriellement compostables, certifi\u00e9s selon la norme europ\u00e9enne EN13432. Veuillez consulter les autorit\u00e9s locales pour obtenir des conseils sur l'\u00e9limination appropri\u00e9e de ces bouteilles.<\/p>\n<p>Nos \u00e9tiquettes sont \u00e9galement biosourc\u00e9es et d\u00e9pourvues de rev\u00eatement plastique. Par cons\u00e9quent, elles peuvent naturellement s'\u00e9cailler ou se d\u00e9coller lorsqu'elles sont expos\u00e9es \u00e0 l'eau ou \u00e0 l'humidit\u00e9 - un petit signe de notre engagement sinc\u00e8re en faveur des mat\u00e9riaux durables et \u00e9cologiques.<\/p>\n<h4>INCI<\/h4>\n<p>Ingr\u00e9dients : aqua\/eau, C14-16 olefin sulfonate de sodium, cocamidopropyl betaine, glyc\u00e9rine, coco-b\u00e9taine, extrait de ch\u00e2taigne hydrolys\u00e9, extrait d'undaria pinnatifida, isom\u00e8re de saccharide, jus de feuilles d'aloe barbadensis, panth\u00e9nol, quaternium-22, sodium cocoyl isethionate, sodium methyl cocoyl taurate, parfum\/fragrance, diac\u00e9tate de glutamate t\u00e9trasodique, citrate de sodium, PEG-9, propyl\u00e8ne glycol, alcool benzylique, benzoate de sodium, sorbate de potassium, acide citrique, m\u00e9thylisothiazolinone, m\u00e9thylchloroisothiazolinone, nitrate de magn\u00e9sium, huile de zeste de citrus aurantium bergamia, ac\u00e9tate de lynalyle, hexam\u00e9thylindanopyran, t\u00e9tram\u00e9thylac\u00e9tydronaphtal\u00e8nes, linalol.<\/p>","protected":false},"excerpt":{"rendered":"<p>Garden Dew - Vegan Hydrating Shampoo - 100% emballage bio, sans sulfates, silicones et parab\u00e8nes, convient \u00e0 tous les types de cheveux.<\/p>\n<p>Le shampooing Garden Dew est une formule hydratante et l\u00e9g\u00e8rement nettoyante qui \u00e9tablit un \u00e9quilibre parfait entre le nettoyage en douceur, l'hydratation et le soin du cuir chevelu. Gorg\u00e9 d'extraits botaniques et d'humectants favorisant l'hydratation, il procure une hydratation durable tout en gardant votre cuir chevelu frais et sain.<\/p>","protected":false},"featured_media":10989,"template":"","meta":[],"product_brand":[],"product_cat":[156],"product_tag":[159],"class_list":{"0":"post-10654","1":"product","2":"type-product","3":"status-publish","4":"has-post-thumbnail","6":"product_cat-shampoo","7":"product_tag-vegan","9":"first","10":"instock","11":"shipping-taxable","12":"purchasable","13":"product-type-variable"},"_links":{"self":[{"href":"https:\/\/spryup.ch\/fr\/wp-json\/wp\/v2\/product\/10654","targetHints":{"allow":["GET"]}}],"collection":[{"href":"https:\/\/spryup.ch\/fr\/wp-json\/wp\/v2\/product"}],"about":[{"href":"https:\/\/spryup.ch\/fr\/wp-json\/wp\/v2\/types\/product"}],"version-history":[{"count":1,"href":"https:\/\/spryup.ch\/fr\/wp-json\/wp\/v2\/product\/10654\/revisions"}],"predecessor-version":[{"id":11213,"href":"https:\/\/spryup.ch\/fr\/wp-json\/wp\/v2\/product\/10654\/revisions\/11213"}],"wp:featuredmedia":[{"embeddable":true,"href":"https:\/\/spryup.ch\/fr\/wp-json\/wp\/v2\/media\/10989"}],"wp:attachment":[{"href":"https:\/\/spryup.ch\/fr\/wp-json\/wp\/v2\/media?parent=10654"}],"wp:term":[{"taxonomy":"product_brand","embeddable":true,"href":"https:\/\/spryup.ch\/fr\/wp-json\/wp\/v2\/product_brand?post=10654"},{"taxonomy":"product_cat","embeddable":true,"href":"https:\/\/spryup.ch\/fr\/wp-json\/wp\/v2\/product_cat?post=10654"},{"taxonomy":"product_tag","embeddable":true,"href":"https:\/\/spryup.ch\/fr\/wp-json\/wp\/v2\/product_tag?post=10654"}],"curies":[{"name":"wp","href":"https:\/\/api.w.org\/{rel}","templated":true}]}}