{"id":10720,"date":"2025-11-11T17:37:47","date_gmt":"2025-11-11T16:37:47","guid":{"rendered":"https:\/\/spryup.ch\/?post_type=product&#038;p=10720"},"modified":"2025-12-04T15:39:29","modified_gmt":"2025-12-04T14:39:29","slug":"garden-breeze-vegan-leave-in-hair-mask","status":"publish","type":"product","link":"https:\/\/spryup.ch\/fr\/prodotto\/garden-breeze-vegan-leave-in-hair-mask\/","title":{"rendered":"Garden Breeze - Masque capillaire vegan sans rin\u00e7age"},"content":{"rendered":"<p>La formule l\u00e9g\u00e8re et laiteuse contient des huiles v\u00e9g\u00e9tales, de l'extrait d'algue spiruline, de l'extrait de ch\u00e2taigne biologique et de l'isom\u00e9rat de saccharide, un m\u00e9lange de premi\u00e8re qualit\u00e9 qui procure une hydratation et une douceur intenses tout en aidant \u00e0 restaurer la douceur, la brillance et la maniabilit\u00e9 des cheveux secs ou ab\u00eem\u00e9s.<\/p>\n<p><strong>Comment l'utiliser ?<\/strong>: Il peut \u00e9galement \u00eatre utilis\u00e9 pour rafra\u00eechir et raviver les cheveux entre les lavages, en leur redonnant leur \u00e9clat et leur douceur naturels. Vaporiser sur les cheveux l\u00e9g\u00e8rement humides, puis peigner et coiffer comme d'habitude.<\/p>\n<p><strong>Conseil<\/strong>: Garden Breeze a une texture l\u00e9g\u00e8re et laiteuse et se diffuse en fine brume. N'h\u00e9sitez donc pas \u00e0 appuyer fermement au centre du pulv\u00e9risateur lors de l'application, vous obtiendrez ainsi un r\u00e9sultat optimal.<\/p>\n<p><strong>Emballage<\/strong>Le produit se pr\u00e9sente sous la forme d'un flacon en verre ambr\u00e9 muni d'un vaporisateur en plastique et d'une bo\u00eete en papier cellulosique vierge de premi\u00e8re qualit\u00e9.<\/p>\n<p>Nos \u00e9tiquettes sont biosourc\u00e9es et d\u00e9pourvues de rev\u00eatement plastique. Par cons\u00e9quent, elles peuvent naturellement s'\u00e9cailler ou se d\u00e9coller lorsqu'elles sont expos\u00e9es \u00e0 l'eau ou \u00e0 l'humidit\u00e9, ce qui est un petit signe de notre engagement sinc\u00e8re en faveur de mat\u00e9riaux durables et \u00e9cologiques.<\/p>\n<h4>INCI<\/h4>\n<p>Ingr\u00e9dients : aqua\/eau, alcool c\u00e9t\u00e9arylique, myristate d'isopropyle, alcane C15-19, huile de graines de lin, huile de noyau d'argania spinosa, huile de graines de macadamia ternifolia, extrait hydrolys\u00e9 de ch\u00e2taigne, isom\u00e9rat de saccharide, extrait de spiruline, ac\u00e9tate de tocoph\u00e9ryle, palmitate d'isopropyle, quaternium-22, chlorure de c\u00e9trimonium, m\u00e9thosulfate de b\u00e9hentrimonium, parfum\/fragrance, acide lactique,polysorbate 20, acide gluconique, acide tartrique, propanediol, acide citrique, diac\u00e9tate de glutamate t\u00e9trasodique, propyl\u00e8ne glycol, benzoate de sodium, citrate de sodium, hydroxyde de sodium, sorbate de potassium, huile de zeste de citrus aurantium bergamia, huile de pelargonium graveolens, ac\u00e9tyloctahydronaphtal\u00e8nes t\u00e9tram\u00e9thyliques, citronellol, limon\u00e8ne, linalol, ac\u00e9tate de linalyle, hexam\u00e9thylindanopyran, g\u00e9raniol, citral.<\/p>","protected":false},"excerpt":{"rendered":"<p>Hydratation instantan\u00e9e et coiffage sans sulfates, silicones et parab\u00e8nes.<\/p>\n<p>Traitement de beaut\u00e9 revitalisant, spray sans rin\u00e7age ; convient \u00e0 tous les types de cheveux.<br \/>\n- d\u00e9m\u00eale et hydrate les cheveux les plus fins sans les alourdir,<br \/>\n- combat les frisottis g\u00eanants et pr\u00e9vient les pointes fourchues,<br \/>\n- prot\u00e8ge vos cheveux des sources de chaleur.<\/p>","protected":false},"featured_media":10993,"template":"","meta":[],"product_brand":[],"product_cat":[158],"product_tag":[159],"class_list":{"0":"post-10720","1":"product","2":"type-product","3":"status-publish","4":"has-post-thumbnail","6":"product_cat-mask","7":"product_tag-vegan","9":"first","10":"instock","11":"shipping-taxable","12":"purchasable","13":"product-type-simple"},"_links":{"self":[{"href":"https:\/\/spryup.ch\/fr\/wp-json\/wp\/v2\/product\/10720","targetHints":{"allow":["GET"]}}],"collection":[{"href":"https:\/\/spryup.ch\/fr\/wp-json\/wp\/v2\/product"}],"about":[{"href":"https:\/\/spryup.ch\/fr\/wp-json\/wp\/v2\/types\/product"}],"version-history":[{"count":0,"href":"https:\/\/spryup.ch\/fr\/wp-json\/wp\/v2\/product\/10720\/revisions"}],"wp:featuredmedia":[{"embeddable":true,"href":"https:\/\/spryup.ch\/fr\/wp-json\/wp\/v2\/media\/10993"}],"wp:attachment":[{"href":"https:\/\/spryup.ch\/fr\/wp-json\/wp\/v2\/media?parent=10720"}],"wp:term":[{"taxonomy":"product_brand","embeddable":true,"href":"https:\/\/spryup.ch\/fr\/wp-json\/wp\/v2\/product_brand?post=10720"},{"taxonomy":"product_cat","embeddable":true,"href":"https:\/\/spryup.ch\/fr\/wp-json\/wp\/v2\/product_cat?post=10720"},{"taxonomy":"product_tag","embeddable":true,"href":"https:\/\/spryup.ch\/fr\/wp-json\/wp\/v2\/product_tag?post=10720"}],"curies":[{"name":"wp","href":"https:\/\/api.w.org\/{rel}","templated":true}]}}