{"id":10743,"date":"2025-11-12T14:00:03","date_gmt":"2025-11-12T13:00:03","guid":{"rendered":"https:\/\/spryup.ch\/?post_type=product&#038;p=10743"},"modified":"2025-12-11T10:26:43","modified_gmt":"2025-12-11T09:26:43","slug":"garden-dream-vegan-repair-hair-mask","status":"publish","type":"product","link":"https:\/\/spryup.ch\/fr\/prodotto\/garden-dream-vegan-repair-hair-mask\/","title":{"rendered":"Garden Dream - Masque capillaire r\u00e9parateur vegan"},"content":{"rendered":"<p><strong>Garden Dream - Vegan Repair Hair Mask - 100% emballage bio, sans sulfates, silicones et parab\u00e8nes<\/strong><\/p>\n<p>Profond\u00e9ment r\u00e9parateur et revitalisant, le masque capillaire Garden Dream associe des agents revitalisants avanc\u00e9s \u00e0 des huiles et extraits botaniques naturels pour r\u00e9parer, hydrater et prot\u00e9ger chaque m\u00e8che.<\/p>\n<p>Formul\u00e9 avec <strong>Huile d'argan, huile de lin et huile de macadamia<\/strong>, Il nourrit et lisse intens\u00e9ment les cheveux secs ou ab\u00eem\u00e9s, leur redonnant douceur, brillance et maniabilit\u00e9.<\/p>\n<p>Un apaisement <strong>complexe de Saccharide Isomerate et d'extrait d'Aloe Barbadensis<\/strong> am\u00e9liore l'hydratation, laissant les cheveux soyeux, souples et faciles \u00e0 d\u00e9m\u00ealer.<br \/>\nAu c\u0153ur de la formule se trouvent <strong>Extrait de ch\u00e2taigne biologique<\/strong>, L'huile d'amande douce, connue pour ses propri\u00e9t\u00e9s fortifiantes et r\u00e9paratrices, est utilis\u00e9e pour r\u00e9parer les cheveux ab\u00eem\u00e9s. Gr\u00e2ce \u00e0 un processus enzymatique avanc\u00e9, il aide \u00e0 r\u00e9parer les cheveux ab\u00eem\u00e9s, \u00e0 sceller les cuticules et \u00e0 fixer l'hydratation essentielle, am\u00e9liorant ainsi la r\u00e9sistance \u00e0 la chaleur et au stress environnemental.<\/p>\n<p><strong>Infus\u00e9 de vitamine E, de panth\u00e9nol et de l\u00e9cithine<\/strong>, Ce masque revitalise en profondeur et r\u00e9tablit l'hydratation perdue tout en prot\u00e9geant contre le stress oxydatif.<\/p>\n<p><strong>La durabilit\u00e9 au c\u0153ur de l'action<\/strong><\/p>\n<p>Les emballages de Garden Dream sont fabriqu\u00e9s \u00e0 partir de mat\u00e9riaux organiques renouvelables et sont 100% bio-sourc\u00e9s, totalement exempts de p\u00e9trole. Ce choix permet de r\u00e9duire les \u00e9missions de gaz \u00e0 effet de serre d'au moins 50% par rapport aux plastiques conventionnels.<\/p>\n<p>De plus, nos pots et couvercles - fabriqu\u00e9s en Europe - sont biod\u00e9gradables et industriellement compostables, certifi\u00e9s selon la norme europ\u00e9enne EN13432. Veuillez consulter les autorit\u00e9s locales pour obtenir des conseils sur l'\u00e9limination appropri\u00e9e de ces bouteilles.<br \/>\nNos \u00e9tiquettes sont \u00e9galement biosourc\u00e9es et d\u00e9pourvues de rev\u00eatement plastique. Par cons\u00e9quent, elles peuvent naturellement s'\u00e9cailler ou se d\u00e9coller lorsqu'elles sont expos\u00e9es \u00e0 l'eau ou \u00e0 l'humidit\u00e9 - un petit signe de notre engagement sinc\u00e8re en faveur des mat\u00e9riaux durables et \u00e9cologiques.<\/p>\n<h4>INCI<\/h4>\n<p>Ingr\u00e9dients : aqua\/eau, cetearyl alcohol, glycerin, behentrimonium methosulfate, cetrimonium chloride, C15-19 alkane, aloe barbadensis leaf juice, hydrolyzed chestnut extract, argania spinosa kernel oil, linum usitatissimum (huile de graines de lin), huile de graines de macadamia ternifolia, extrait de spirulina maxima, isom\u00e9rat de saccharide, ac\u00e9tate de tocoph\u00e9ryle, panth\u00e9nol, l\u00e9cithine, tocoph\u00e9rol, palmitate d'ascorbyle, st\u00e9arate de glyc\u00e9ryle, quaternium-22, parfum\/fragrance, ceteareth-20, chlorure de guar hydroxypropyltrimonium, polyfarnes\u00e8ne hydrog\u00e9n\u00e9, propyl\u00e8ne glycol, PEG-9, benzoate de sodium, diac\u00e9tate de glutamate t\u00e9trasodique, acide citrique, citrate de sodium, sorbate de potassium, alcool benzylique, nitrate de magn\u00e9sium, m\u00e9thylchloroisothiazolinone, m\u00e9thylisothiazolinone, ac\u00e9tyloctahydronaphtal\u00e8nes t\u00e9tram\u00e9thyliques, linalol, \u00e9corce de citrus aurantium bergamia, ac\u00e9tate de lynalyle, hexam\u00e9thylindanopyranne.<\/p>","protected":false},"excerpt":{"rendered":"<p>Garden Dream - masque capillaire r\u00e9parateur v\u00e9g\u00e9talien - 100% emballage biosourc\u00e9, sans sulfates, silicones et parab\u00e8nes.<\/p>\n<p>Profond\u00e9ment r\u00e9parateur et revitalisant, le masque capillaire Garden Dream associe des agents revitalisants avanc\u00e9s \u00e0 des huiles et extraits botaniques naturels pour r\u00e9parer, hydrater et prot\u00e9ger chaque m\u00e8che.<\/p>","protected":false},"featured_media":10995,"template":"","meta":[],"product_brand":[],"product_cat":[158],"product_tag":[159],"class_list":{"0":"post-10743","1":"product","2":"type-product","3":"status-publish","4":"has-post-thumbnail","6":"product_cat-mask","7":"product_tag-vegan","9":"first","10":"instock","11":"shipping-taxable","12":"purchasable","13":"product-type-simple"},"_links":{"self":[{"href":"https:\/\/spryup.ch\/fr\/wp-json\/wp\/v2\/product\/10743","targetHints":{"allow":["GET"]}}],"collection":[{"href":"https:\/\/spryup.ch\/fr\/wp-json\/wp\/v2\/product"}],"about":[{"href":"https:\/\/spryup.ch\/fr\/wp-json\/wp\/v2\/types\/product"}],"version-history":[{"count":0,"href":"https:\/\/spryup.ch\/fr\/wp-json\/wp\/v2\/product\/10743\/revisions"}],"wp:featuredmedia":[{"embeddable":true,"href":"https:\/\/spryup.ch\/fr\/wp-json\/wp\/v2\/media\/10995"}],"wp:attachment":[{"href":"https:\/\/spryup.ch\/fr\/wp-json\/wp\/v2\/media?parent=10743"}],"wp:term":[{"taxonomy":"product_brand","embeddable":true,"href":"https:\/\/spryup.ch\/fr\/wp-json\/wp\/v2\/product_brand?post=10743"},{"taxonomy":"product_cat","embeddable":true,"href":"https:\/\/spryup.ch\/fr\/wp-json\/wp\/v2\/product_cat?post=10743"},{"taxonomy":"product_tag","embeddable":true,"href":"https:\/\/spryup.ch\/fr\/wp-json\/wp\/v2\/product_tag?post=10743"}],"curies":[{"name":"wp","href":"https:\/\/api.w.org\/{rel}","templated":true}]}}