{"id":10754,"date":"2025-11-12T15:37:23","date_gmt":"2025-11-12T14:37:23","guid":{"rendered":"https:\/\/spryup.ch\/?post_type=product&#038;p=10754"},"modified":"2026-03-04T11:27:21","modified_gmt":"2026-03-04T10:27:21","slug":"garden-oils-vegan-natural-hair-serum-spray-formulation","status":"publish","type":"product","link":"https:\/\/spryup.ch\/fr\/prodotto\/garden-oils-vegan-natural-hair-serum-spray-formulation\/","title":{"rendered":"Garden Oils - Vegan &amp; Natural Hair Serum - formulation en spray"},"content":{"rendered":"<p><strong>Garden Oils - Vegan &amp; Natural Hair Serum - formulation en spray, sans silicones ni huiles min\u00e9rales.\u00a0<\/strong><\/p>\n<p>Une huile l\u00e9g\u00e8re et sensorielle en spray, infus\u00e9e d'un m\u00e9lange d'huiles botaniques.<br \/>\nSa formule combine <strong>Huiles de macadamia, de cameline, de lin et d'olivier<\/strong> pour nourrir et lisser les cheveux en profondeur, leur redonner douceur et brillance naturelle.<\/p>\n<p>Une huile l\u00e9g\u00e8re cr\u00e9\u00e9e pour nourrir en profondeur les cheveux fins \u00e0 moyens sans les alourdir.<br \/>\n<strong>Enrichi en vitamine E<\/strong> pour une protection antioxydante, il laisse les cheveux soyeux, faciles \u00e0 coiffer et lumineux.<\/p>\n<p>Garden Oils est un produit polyvalent, excellent pour le conditionnement, le coiffage et la finition, laissant les cheveux brillants.<\/p>\n<p><strong>Comment l'utiliser ?<\/strong>Pour un r\u00e9sultat optimal, vaporiser sur les cheveux l\u00e9g\u00e8rement humides, puis peigner et coiffer \u00e0 volont\u00e9.<br \/>\nIl peut \u00e9galement \u00eatre utilis\u00e9 pour rafra\u00eechir et raviver les cheveux entre les lavages, en leur redonnant leur \u00e9clat et leur douceur naturels.<\/p>\n<p><strong>Emballage<\/strong>Le produit se pr\u00e9sente sous la forme d'un flacon en verre ambr\u00e9 muni d'un vaporisateur en plastique et d'une bo\u00eete en papier cellulosique vierge de premi\u00e8re qualit\u00e9.<br \/>\nNos \u00e9tiquettes sont biosourc\u00e9es et d\u00e9pourvues de rev\u00eatement plastique. Par cons\u00e9quent, elles peuvent naturellement s'\u00e9cailler ou se d\u00e9coller lorsqu'elles sont expos\u00e9es \u00e0 l'eau ou \u00e0 l'humidit\u00e9, ce qui est un petit signe de notre engagement sinc\u00e8re en faveur de mat\u00e9riaux durables et \u00e9cologiques.<\/p>\n<h4>INCI<\/h4>\n<p>Ingr\u00e9dients : C15-19 alkane, hydrogenated farnesene, parfum\/fragrance, linum usitatissimum ( linseed ) seed oil, macadamia ternifolia seed oil, camelina sativa seed oil, olus oil, tocopheryl acetate, citrus aurantium bergamia peel oil, huile de pelargonium graveolens, g\u00e9raniol, ac\u00e9tate de lynalyle, citral, citronellol, coumarine, t\u00e9tram\u00e9thyl ac\u00e9tyloctahydronaphtal\u00e8nes, limon\u00e8ne, linalol, hexam\u00e9thyllindanopyran, alpha-isom\u00e9thyl ionone.<\/p>","protected":false},"excerpt":{"rendered":"<p>Garden oils - s\u00e9rum capillaire v\u00e9g\u00e9talien et naturel - formulation en spray, sans silicones ni huiles min\u00e9rales.<\/p>\n<p>Une huile l\u00e9g\u00e8re et sensorielle en spray, infus\u00e9e d'un m\u00e9lange d'huiles botaniques.<br \/>\nSa formule associe les huiles de macadamia, de cameline, de lin et d'olivier pour nourrir et lisser les cheveux en profondeur, leur redonnant douceur et brillance naturelle.<\/p>","protected":false},"featured_media":10991,"template":"","meta":[],"product_brand":[],"product_cat":[158],"product_tag":[159],"class_list":{"0":"post-10754","1":"product","2":"type-product","3":"status-publish","4":"has-post-thumbnail","6":"product_cat-mask","7":"product_tag-vegan","9":"first","10":"instock","11":"shipping-taxable","12":"purchasable","13":"product-type-simple"},"_links":{"self":[{"href":"https:\/\/spryup.ch\/fr\/wp-json\/wp\/v2\/product\/10754","targetHints":{"allow":["GET"]}}],"collection":[{"href":"https:\/\/spryup.ch\/fr\/wp-json\/wp\/v2\/product"}],"about":[{"href":"https:\/\/spryup.ch\/fr\/wp-json\/wp\/v2\/types\/product"}],"version-history":[{"count":2,"href":"https:\/\/spryup.ch\/fr\/wp-json\/wp\/v2\/product\/10754\/revisions"}],"predecessor-version":[{"id":11160,"href":"https:\/\/spryup.ch\/fr\/wp-json\/wp\/v2\/product\/10754\/revisions\/11160"}],"wp:featuredmedia":[{"embeddable":true,"href":"https:\/\/spryup.ch\/fr\/wp-json\/wp\/v2\/media\/10991"}],"wp:attachment":[{"href":"https:\/\/spryup.ch\/fr\/wp-json\/wp\/v2\/media?parent=10754"}],"wp:term":[{"taxonomy":"product_brand","embeddable":true,"href":"https:\/\/spryup.ch\/fr\/wp-json\/wp\/v2\/product_brand?post=10754"},{"taxonomy":"product_cat","embeddable":true,"href":"https:\/\/spryup.ch\/fr\/wp-json\/wp\/v2\/product_cat?post=10754"},{"taxonomy":"product_tag","embeddable":true,"href":"https:\/\/spryup.ch\/fr\/wp-json\/wp\/v2\/product_tag?post=10754"}],"curies":[{"name":"wp","href":"https:\/\/api.w.org\/{rel}","templated":true}]}}