{"id":10368,"date":"2025-11-10T11:42:56","date_gmt":"2025-11-10T10:42:56","guid":{"rendered":"https:\/\/spryup.ch\/?page_id=10368"},"modified":"2026-03-15T19:43:06","modified_gmt":"2026-03-15T18:43:06","slug":"about-us","status":"publish","type":"page","link":"https:\/\/spryup.ch\/it\/about-us\/","title":{"rendered":"Chi siamo"},"content":{"rendered":"<div data-elementor-type=\"wp-page\" data-elementor-id=\"10368\" class=\"elementor elementor-10368\" data-elementor-post-type=\"page\">\n\t\t\t\t\t\t<section class=\"elementor-section elementor-top-section elementor-element elementor-element-583f6c4 elementor-section-boxed elementor-section-height-default elementor-section-height-default\" data-id=\"583f6c4\" data-element_type=\"section\" data-e-type=\"section\">\n\t\t\t\t\t\t<div class=\"elementor-container elementor-column-gap-default\">\n\t\t\t\t\t<div class=\"elementor-column elementor-col-50 elementor-top-column elementor-element elementor-element-669b4e23\" data-id=\"669b4e23\" data-element_type=\"column\" data-e-type=\"column\">\n\t\t\t<div class=\"elementor-widget-wrap elementor-element-populated\">\n\t\t\t\t\t\t<div class=\"elementor-element elementor-element-2ac44573 elementor-invisible elementor-widget elementor-widget-image\" data-id=\"2ac44573\" data-element_type=\"widget\" data-e-type=\"widget\" data-settings=\"{&quot;_animation&quot;:&quot;fadeInLeft&quot;}\" data-widget_type=\"image.default\">\n\t\t\t\t\t\t\t\t\t\t\t\t\t\t\t<img fetchpriority=\"high\" decoding=\"async\" width=\"451\" height=\"683\" src=\"https:\/\/spryup.ch\/wp-content\/uploads\/2025\/11\/Screenshot-from-2025-11-10-11-42-03.png\" class=\"attachment-1536x1536 size-1536x1536 wp-image-10382\" alt=\"\" srcset=\"https:\/\/spryup.ch\/wp-content\/uploads\/2025\/11\/Screenshot-from-2025-11-10-11-42-03.png 451w, https:\/\/spryup.ch\/wp-content\/uploads\/2025\/11\/Screenshot-from-2025-11-10-11-42-03-198x300.png 198w, https:\/\/spryup.ch\/wp-content\/uploads\/2025\/11\/Screenshot-from-2025-11-10-11-42-03-8x12.png 8w\" sizes=\"(max-width: 451px) 100vw, 451px\" title=\"\">\t\t\t\t\t\t\t\t\t\t\t\t\t\t\t<\/div>\n\t\t\t\t\t<\/div>\n\t\t<\/div>\n\t\t\t\t<div class=\"elementor-column elementor-col-50 elementor-top-column elementor-element elementor-element-2c32955f elementor-invisible\" data-id=\"2c32955f\" data-element_type=\"column\" data-e-type=\"column\" data-settings=\"{&quot;animation&quot;:&quot;fadeInRight&quot;}\">\n\t\t\t<div class=\"elementor-widget-wrap elementor-element-populated\">\n\t\t\t\t\t\t<div class=\"elementor-element elementor-element-a1f42de elementor-widget elementor-widget-heading\" data-id=\"a1f42de\" data-element_type=\"widget\" data-e-type=\"widget\" data-widget_type=\"heading.default\">\n\t\t\t\t\t<h2 class=\"elementor-heading-title elementor-size-default\">Noi di SPRY UP crediamo che la vera bellezza inizi\ndall'armonia tra natura, scienza e cura quotidiana.<\/h2>\t\t\t\t<\/div>\n\t\t\t\t<div class=\"elementor-element elementor-element-513f0a32 elementor-widget elementor-widget-text-editor\" data-id=\"513f0a32\" data-element_type=\"widget\" data-e-type=\"widget\" data-widget_type=\"text-editor.default\">\n\t\t\t\t\t\t\t\t\t<p class=\"western\" lang=\"pt-BR\"><span lang=\"en-GB\">Il nostro viaggio \u00e8 iniziato con una semplice domanda: La cura dei capelli pu\u00f2 essere davvero  efficace e, al tempo stesso, sostenibile?<\/span><\/p>\t\t\t\t\t\t\t\t<\/div>\n\t\t\t\t<div class=\"elementor-element elementor-element-a2a4b7b elementor-widget elementor-widget-text-editor\" data-id=\"a2a4b7b\" data-element_type=\"widget\" data-e-type=\"widget\" data-widget_type=\"text-editor.default\">\n\t\t\t\t\t\t\t\t\t<p class=\"western\" lang=\"pt-BR\"><span lang=\"en-GB\">Ci siamo proposti di creare una linea che dimostri di poterlo fare.<\/span><\/p><p class=\"western\" lang=\"pt-BR\"><span lang=\"en-GB\">Ogni prodotto \u00e8 100% vegano. Selezioniamo con cura ogni componente per garantire prestazioni elevate senza compromessi, combinando attivi botanici con una chimica verde e delicata.<\/span><\/p><p class=\"western\" lang=\"pt-BR\"><span lang=\"en-GB\">Anche il nostro packaging riflette questa filosofia: flaconi di origine biologica e biodegradabili, perch\u00e9 la responsabilit\u00e0 di un prodotto inizia dal suo contenuto e si completa nella sua confezione.<\/span><\/p>\t\t\t\t\t\t\t\t<\/div>\n\t\t\t\t\t<\/div>\n\t\t<\/div>\n\t\t\t\t\t<\/div>\n\t\t<\/section>\n\t\t\t\t<section class=\"elementor-section elementor-top-section elementor-element elementor-element-678d6550 elementor-section-boxed elementor-section-height-default elementor-section-height-default elementor-invisible\" data-id=\"678d6550\" data-element_type=\"section\" data-e-type=\"section\" data-settings=\"{&quot;animation&quot;:&quot;fadeIn&quot;}\">\n\t\t\t\t\t\t<div class=\"elementor-container elementor-column-gap-default\">\n\t\t\t\t\t<div class=\"elementor-column elementor-col-100 elementor-top-column elementor-element elementor-element-622e6557\" data-id=\"622e6557\" data-element_type=\"column\" data-e-type=\"column\">\n\t\t\t<div class=\"elementor-widget-wrap elementor-element-populated\">\n\t\t\t\t\t\t<div class=\"elementor-element elementor-element-400c9fb3 elementor-widget elementor-widget-jet-headline\" data-id=\"400c9fb3\" data-element_type=\"widget\" data-e-type=\"widget\" data-widget_type=\"jet-headline.default\">\n\t\t\t\t<div class=\"elementor-widget-container\">\n\t\t\t\t\t<span class=\"jet-headline jet-headline--direction-horizontal\"><span class=\"jet-headline__part jet-headline__first\"><span class=\"jet-headline__label\">Perch\u00e9<\/span><\/span><span class=\"jet-headline__space\">&nbsp;<\/span><span class=\"jet-headline__part jet-headline__second\"><span class=\"jet-headline__label\">scegliere SPRY UP<\/span><\/span><\/span>\t\t\t\t<\/div>\n\t\t\t\t<\/div>\n\t\t\t\t<section class=\"elementor-section elementor-inner-section elementor-element elementor-element-273a59f2 elementor-section-boxed elementor-section-height-default elementor-section-height-default\" data-id=\"273a59f2\" data-element_type=\"section\" data-e-type=\"section\">\n\t\t\t\t\t\t<div class=\"elementor-container elementor-column-gap-default\">\n\t\t\t\t\t<div class=\"elementor-column elementor-col-100 elementor-inner-column elementor-element elementor-element-f2aa3c\" data-id=\"f2aa3c\" data-element_type=\"column\" data-e-type=\"column\">\n\t\t\t<div class=\"elementor-widget-wrap elementor-element-populated\">\n\t\t\t\t\t\t<div class=\"elementor-element elementor-element-70c7ac3e elementor-widget elementor-widget-text-editor\" data-id=\"70c7ac3e\" data-element_type=\"widget\" data-e-type=\"widget\" data-widget_type=\"text-editor.default\">\n\t\t\t\t\t\t\t\t\t<p class=\"western\" lang=\"pt-BR\"><span lang=\"en-GB\">Non siamo un marchio di massa, anzi. Siamo un piccolo team consapevole, guidato dall'idea che meno \u00e8 meglio e che la trasparenza e la sostenibilit\u00e0 non sono tendenze ma valori da rispettare.<\/span><\/p><p class=\"western\" lang=\"pt-BR\"><span lang=\"en-GB\">I nostri prodotti sono sviluppati e realizzati con cura, seguendo principi di approvvigionamento etico, produzione a basso impatto ecologico.<\/span><\/p>\t\t\t\t\t\t\t\t<\/div>\n\t\t\t\t<div class=\"elementor-element elementor-element-3766cf7d elementor-widget elementor-widget-text-editor\" data-id=\"3766cf7d\" data-element_type=\"widget\" data-e-type=\"widget\" data-widget_type=\"text-editor.default\">\n\t\t\t\t\t\t\t\t\t<p class=\"western\" lang=\"pt-BR\"><span lang=\"en-GB\">Con SPRY UP, ogni lavaggio \u00e8 pi\u00f9 di un rituale della cura di s\u00e9: \u00e8 un piccolo atto di rispetto per il pianeta.<\/span><\/p><p class=\"western\" lang=\"pt-BR\"><span lang=\"en-GB\">Vi invitiamo a unirvi a noi in questo movimento verso un modo pi\u00f9 consapevole di prendersi cura di se stessi e della Terra che ci ospita.<\/span><\/p>\t\t\t\t\t\t\t\t<\/div>\n\t\t\t\t\t<\/div>\n\t\t<\/div>\n\t\t\t\t\t<\/div>\n\t\t<\/section>\n\t\t\t\t\t<\/div>\n\t\t<\/div>\n\t\t\t\t\t<\/div>\n\t\t<\/section>\n\t\t<div class=\"elementor-element elementor-element-c027ba4 e-con-full e-flex e-con e-parent\" data-id=\"c027ba4\" data-element_type=\"container\" data-e-type=\"container\" data-settings=\"{&quot;background_background&quot;:&quot;classic&quot;}\">\n\t\t\t\t<\/div>\n\t\t\t\t<section class=\"elementor-section elementor-top-section elementor-element elementor-element-765aea0 elementor-section-boxed elementor-section-height-default elementor-section-height-default elementor-invisible\" data-id=\"765aea0\" data-element_type=\"section\" data-e-type=\"section\" data-settings=\"{&quot;animation&quot;:&quot;fadeIn&quot;}\">\n\t\t\t\t\t\t<div class=\"elementor-container elementor-column-gap-default\">\n\t\t\t\t\t<div class=\"elementor-column elementor-col-100 elementor-top-column elementor-element elementor-element-46b9698\" data-id=\"46b9698\" data-element_type=\"column\" data-e-type=\"column\">\n\t\t\t<div class=\"elementor-widget-wrap elementor-element-populated\">\n\t\t\t\t\t\t<div class=\"elementor-element elementor-element-de0770f elementor-widget elementor-widget-jet-headline\" data-id=\"de0770f\" data-element_type=\"widget\" data-e-type=\"widget\" data-widget_type=\"jet-headline.default\">\n\t\t\t\t<div class=\"elementor-widget-container\">\n\t\t\t\t\t<span class=\"jet-headline jet-headline--direction-horizontal\"><span class=\"jet-headline__part jet-headline__first\"><span class=\"jet-headline__label\">Il nostro<\/span><\/span><span class=\"jet-headline__space\">&nbsp;<\/span><span class=\"jet-headline__part jet-headline__second\"><span class=\"jet-headline__label\">Valori<\/span><\/span><\/span>\t\t\t\t<\/div>\n\t\t\t\t<\/div>\n\t\t\t\t<section class=\"elementor-section elementor-inner-section elementor-element elementor-element-5be5402 elementor-section-boxed elementor-section-height-default elementor-section-height-default\" data-id=\"5be5402\" data-element_type=\"section\" data-e-type=\"section\">\n\t\t\t\t\t\t<div class=\"elementor-container elementor-column-gap-default\">\n\t\t\t\t\t<div class=\"elementor-column elementor-col-33 elementor-inner-column elementor-element elementor-element-fde12b7\" data-id=\"fde12b7\" data-element_type=\"column\" data-e-type=\"column\">\n\t\t\t<div class=\"elementor-widget-wrap elementor-element-populated\">\n\t\t\t\t\t\t<div class=\"elementor-element elementor-element-8de185a elementor-invisible elementor-widget elementor-widget-jet-services\" data-id=\"8de185a\" data-element_type=\"widget\" data-e-type=\"widget\" data-settings=\"{&quot;_animation&quot;:&quot;zoomIn&quot;}\" data-widget_type=\"jet-services.default\">\n\t\t\t\t<div class=\"elementor-widget-container\">\n\t\t\t\t\t<div class=\"elementor-jet-services jet-elements\"><div class=\"jet-services jet-services--header-position-top\">\n\t<div class=\"jet-services__inner\">\n\t\t\t\t<div class=\"jet-services__header\">\n\t\t\t<div class=\"jet-services__cover\"><\/div>\n\t\t<\/div>\n\t\t<div class=\"jet-services__content\"><h3 class=\"jet-services__title\"><span class=\"jet-services__title-text\">Trasparenza<\/span><\/h3><p class=\"jet-services__desc\">Crediamo nell'onest\u00e0, dagli elenchi degli ingredienti alle scelte di produzione. Ogni formula racconta in modo chiaro e semplice cosa contiene e perch\u00e9.<\/p><\/div>\n\t\t\t<\/div>\n<\/div>\n<\/div>\t\t\t\t<\/div>\n\t\t\t\t<\/div>\n\t\t\t\t\t<\/div>\n\t\t<\/div>\n\t\t\t\t<div class=\"elementor-column elementor-col-33 elementor-inner-column elementor-element elementor-element-d3f9d2d\" data-id=\"d3f9d2d\" data-element_type=\"column\" data-e-type=\"column\">\n\t\t\t<div class=\"elementor-widget-wrap elementor-element-populated\">\n\t\t\t\t\t\t<div class=\"elementor-element elementor-element-0a8403c elementor-invisible elementor-widget elementor-widget-jet-services\" data-id=\"0a8403c\" data-element_type=\"widget\" data-e-type=\"widget\" data-settings=\"{&quot;_animation&quot;:&quot;zoomIn&quot;}\" data-widget_type=\"jet-services.default\">\n\t\t\t\t<div class=\"elementor-widget-container\">\n\t\t\t\t\t<div class=\"elementor-jet-services jet-elements\"><div class=\"jet-services jet-services--header-position-top\">\n\t<div class=\"jet-services__inner\">\n\t\t\t\t<div class=\"jet-services__header\">\n\t\t\t<div class=\"jet-services__cover\"><\/div>\n\t\t<\/div>\n\t\t<div class=\"jet-services__content\"><h3 class=\"jet-services__title\"><span class=\"jet-services__title-text\">Sostenibilit\u00e0<\/span><\/h3><p class=\"jet-services__desc\">Dalla formulazione all'imballaggio, ogni fase \u00e8 progettata per ridurre l'impatto sull'ambiente. Utilizziamo materiali biologici e biodegradabili e processi eco-consapevoli per proteggere il pianeta che tutti noi condividiamo.<\/p><\/div>\n\t\t\t<\/div>\n<\/div>\n<\/div>\t\t\t\t<\/div>\n\t\t\t\t<\/div>\n\t\t\t\t\t<\/div>\n\t\t<\/div>\n\t\t\t\t<div class=\"elementor-column elementor-col-33 elementor-inner-column elementor-element elementor-element-a5dc1a8\" data-id=\"a5dc1a8\" data-element_type=\"column\" data-e-type=\"column\">\n\t\t\t<div class=\"elementor-widget-wrap elementor-element-populated\">\n\t\t\t\t\t\t<div class=\"elementor-element elementor-element-856a2bb elementor-invisible elementor-widget elementor-widget-jet-services\" data-id=\"856a2bb\" data-element_type=\"widget\" data-e-type=\"widget\" data-settings=\"{&quot;_animation&quot;:&quot;zoomIn&quot;}\" data-widget_type=\"jet-services.default\">\n\t\t\t\t<div class=\"elementor-widget-container\">\n\t\t\t\t\t<div class=\"elementor-jet-services jet-elements\"><div class=\"jet-services jet-services--header-position-top\">\n\t<div class=\"jet-services__inner\">\n\t\t\t\t<div class=\"jet-services__header\">\n\t\t\t<div class=\"jet-services__cover\"><\/div>\n\t\t<\/div>\n\t\t<div class=\"jet-services__content\"><h3 class=\"jet-services__title\"><span class=\"jet-services__title-text\">Semplicit\u00e0<\/span><\/h3><p class=\"jet-services__desc\">Manteniamo le cose pure ed essenziali. Niente additivi inutili, niente routine troppo complicate: solo una cura pulita ed efficace che lavora in armonia con i vostri capelli e la natura.<\/p><\/div>\n\t\t\t<\/div>\n<\/div>\n<\/div>\t\t\t\t<\/div>\n\t\t\t\t<\/div>\n\t\t\t\t\t<\/div>\n\t\t<\/div>\n\t\t\t\t\t<\/div>\n\t\t<\/section>\n\t\t\t\t<section class=\"elementor-section elementor-inner-section elementor-element elementor-element-1f0506b elementor-section-boxed elementor-section-height-default elementor-section-height-default\" data-id=\"1f0506b\" data-element_type=\"section\" data-e-type=\"section\">\n\t\t\t\t\t\t<div class=\"elementor-container elementor-column-gap-default\">\n\t\t\t\t\t<div class=\"elementor-column elementor-col-33 elementor-inner-column elementor-element elementor-element-4322983\" data-id=\"4322983\" data-element_type=\"column\" data-e-type=\"column\">\n\t\t\t<div class=\"elementor-widget-wrap elementor-element-populated\">\n\t\t\t\t\t\t<div class=\"elementor-element elementor-element-4111f1e elementor-invisible elementor-widget elementor-widget-jet-services\" data-id=\"4111f1e\" data-element_type=\"widget\" data-e-type=\"widget\" data-settings=\"{&quot;_animation&quot;:&quot;zoomIn&quot;}\" data-widget_type=\"jet-services.default\">\n\t\t\t\t<div class=\"elementor-widget-container\">\n\t\t\t\t\t<div class=\"elementor-jet-services jet-elements\"><div class=\"jet-services jet-services--header-position-top\">\n\t<div class=\"jet-services__inner\">\n\t\t\t\t<div class=\"jet-services__header\">\n\t\t\t<div class=\"jet-services__cover\"><\/div>\n\t\t<\/div>\n\t\t<div class=\"jet-services__content\"><h3 class=\"jet-services__title\"><span class=\"jet-services__title-text\">Rispetto per la natura<\/span><\/h3><p class=\"jet-services__desc\">La natura \u00e8 il nostro partner pi\u00f9 prezioso. Scegliamo ingredienti rinnovabili e di origine vegetale e sosteniamo metodi che preservano la biodiversit\u00e0 e l'equilibrio naturale.<\/p><\/div>\n\t\t\t<\/div>\n<\/div>\n<\/div>\t\t\t\t<\/div>\n\t\t\t\t<\/div>\n\t\t\t\t\t<\/div>\n\t\t<\/div>\n\t\t\t\t<div class=\"elementor-column elementor-col-33 elementor-inner-column elementor-element elementor-element-e05d13f\" data-id=\"e05d13f\" data-element_type=\"column\" data-e-type=\"column\">\n\t\t\t<div class=\"elementor-widget-wrap elementor-element-populated\">\n\t\t\t\t\t\t<div class=\"elementor-element elementor-element-ed3bbdf elementor-invisible elementor-widget elementor-widget-jet-services\" data-id=\"ed3bbdf\" data-element_type=\"widget\" data-e-type=\"widget\" data-settings=\"{&quot;_animation&quot;:&quot;zoomIn&quot;}\" data-widget_type=\"jet-services.default\">\n\t\t\t\t<div class=\"elementor-widget-container\">\n\t\t\t\t\t<div class=\"elementor-jet-services jet-elements\"><div class=\"jet-services jet-services--header-position-top\">\n\t<div class=\"jet-services__inner\">\n\t\t\t\t<div class=\"jet-services__header\">\n\t\t\t<div class=\"jet-services__cover\"><\/div>\n\t\t<\/div>\n\t\t<div class=\"jet-services__content\"><h3 class=\"jet-services__title\"><span class=\"jet-services__title-text\">Integrit\u00e0<\/span><\/h3><p class=\"jet-services__desc\">Non inseguiamo tendenze o promesse vuote. Il nostro impegno \u00e8 rivolto alla qualit\u00e0, alla responsabilit\u00e0 e all'autenticit\u00e0 di tutto ci\u00f2 che creiamo.<\/p><\/div>\n\t\t\t<\/div>\n<\/div>\n<\/div>\t\t\t\t<\/div>\n\t\t\t\t<\/div>\n\t\t\t\t\t<\/div>\n\t\t<\/div>\n\t\t\t\t<div class=\"elementor-column elementor-col-33 elementor-inner-column elementor-element elementor-element-0ea4e66\" data-id=\"0ea4e66\" data-element_type=\"column\" data-e-type=\"column\">\n\t\t\t<div class=\"elementor-widget-wrap\">\n\t\t\t\t\t\t\t<\/div>\n\t\t<\/div>\n\t\t\t\t\t<\/div>\n\t\t<\/section>\n\t\t\t\t\t<\/div>\n\t\t<\/div>\n\t\t\t\t\t<\/div>\n\t\t<\/section>\n\t\t\t\t<\/div>","protected":false},"excerpt":{"rendered":"<p>At SPRY UP, we believe that true beauty begins with harmony \u2014 between nature, science, and everyday care. Our journey started with a simple question: Can haircare be truly effective and genuinely sustainable? We set out to create a line that proves it can. Each product is 100% vegan. We carefully select every component to [&hellip;]<\/p>\n","protected":false},"author":3,"featured_media":0,"parent":0,"menu_order":0,"comment_status":"closed","ping_status":"closed","template":"","meta":{"footnotes":""},"class_list":["post-10368","page","type-page","status-publish","hentry"],"_links":{"self":[{"href":"https:\/\/spryup.ch\/it\/wp-json\/wp\/v2\/pages\/10368","targetHints":{"allow":["GET"]}}],"collection":[{"href":"https:\/\/spryup.ch\/it\/wp-json\/wp\/v2\/pages"}],"about":[{"href":"https:\/\/spryup.ch\/it\/wp-json\/wp\/v2\/types\/page"}],"author":[{"embeddable":true,"href":"https:\/\/spryup.ch\/it\/wp-json\/wp\/v2\/users\/3"}],"replies":[{"embeddable":true,"href":"https:\/\/spryup.ch\/it\/wp-json\/wp\/v2\/comments?post=10368"}],"version-history":[{"count":3,"href":"https:\/\/spryup.ch\/it\/wp-json\/wp\/v2\/pages\/10368\/revisions"}],"predecessor-version":[{"id":11191,"href":"https:\/\/spryup.ch\/it\/wp-json\/wp\/v2\/pages\/10368\/revisions\/11191"}],"wp:attachment":[{"href":"https:\/\/spryup.ch\/it\/wp-json\/wp\/v2\/media?parent=10368"}],"curies":[{"name":"wp","href":"https:\/\/api.w.org\/{rel}","templated":true}]}}