{"id":11103,"date":"2026-02-14T17:48:03","date_gmt":"2026-02-14T16:48:03","guid":{"rendered":"https:\/\/spryup.ch\/?page_id=11103"},"modified":"2026-02-14T17:52:47","modified_gmt":"2026-02-14T16:52:47","slug":"our-labels","status":"publish","type":"page","link":"https:\/\/spryup.ch\/it\/our-labels\/","title":{"rendered":"Le nostre etichette"},"content":{"rendered":"<div data-elementor-type=\"wp-page\" data-elementor-id=\"11103\" class=\"elementor elementor-11103\" data-elementor-post-type=\"page\">\n\t\t\t\t<div class=\"elementor-element elementor-element-74b70eeb e-flex e-con-boxed e-con e-parent\" data-id=\"74b70eeb\" data-element_type=\"container\" data-e-type=\"container\">\n\t\t\t\t\t<div class=\"e-con-inner\">\n\t\t\t\t<div class=\"elementor-element elementor-element-57d0bf3a elementor-widget elementor-widget-text-editor\" data-id=\"57d0bf3a\" data-element_type=\"widget\" data-e-type=\"widget\" data-widget_type=\"text-editor.default\">\n\t\t\t\t\t\t\t\t\t<p><\/p>\n<h2 class=\"wp-block-heading\">La bellezza dell'integrit\u00e0 grezza<\/h2>\n<p><\/p>\n<p>Il nostro impegno nei confronti del pianeta \u00e8 profondo, abbiamo quindi considerato anche l'etichetta del prodotto. Quando abbiamo progettato la linea <strong>GARDEN<\/strong> , ci siamo trovati di fronte a una scelta: perfezione estetica o onest\u00e0 ambientale. <strong>Abbiamo scelto la Terra.<\/strong><\/p>\n<p><\/p>\n<h3 class=\"wp-block-heading\">Etichetta 100%  senza plastica e biodegradabile<\/h3>\n<p><\/p>\n<p>La maggior parte delle bottiglie \u201cecologiche\u201d utilizza ancora etichette plastificate o pellicole sintetiche protettive per mantenerle immacolate. Noi abbiamo deciso di andare oltre. Le nostre etichette sono realizzate in <strong>materiali completamente biodegradabili<\/strong>, completamente privi di laminati plastici o rivestimenti protettivi.<\/p>\n<p><\/p>\n<h3 class=\"wp-block-heading\">Perch\u00e9 le nostre etichette sono \u201csensibili\u201d<\/h3>\n<p><\/p>\n<p>Poich\u00e9 le nostre etichette sono grezze e naturali, sono molto sensibili all'ambiente circostante, proprio come un vero giardino.<\/p>\n<p><\/p>\n<ul class=\"wp-block-list\"><p><\/p>\n<li><strong>Acqua e vapore:<\/strong> nell'ambiente umido della doccia, il materiale biodegradabile pu\u00f2 ammorbidirsi o staccarsi dal flacone; questo \u00e8 del tutto normale.<\/li>\n<p><\/p>\n<li><strong>Usura naturale:<\/strong> senza una pellicola di plastica che le protegga, le etichette possono facilmente presentare piccoli graffi o \u201csegni vari\u201d dovuti alla manipolazione e al trasporto. Anche questo \u00e8 da ritenersi del tutto \"normale\".<\/li>\n<p><\/p><\/ul>\n<p><\/p>\n<h3 class=\"wp-block-heading\">Abbracciare la \u201cnormalit\u00e0\u201d<\/h3>\n<p><\/p>\n<p>Se si riscontra un piccolo segno, un bordo sbiadito o un cambiamento di texture sulla etichetta del vostro flacone <strong>GARDEN<\/strong> sappiate che questo \u00e8 <strong>perfettamente normale<\/strong>.<\/p>\n<p><\/p>\n<p>Non \u00e8 un difetto del prodotto, ma la prova visibile che abbiamo rifiutato di utilizzare microplastiche inutili. \u00c8 il segno di un'etichetta che alla fine torner\u00e0 alla Terra senza lasciare traccia.<\/p>\n<p><\/p>\n<h3 class=\"wp-block-heading\">La nostra filosofia<\/h3>\n<p><\/p>\n<p>Crediamo che un'etichetta naturale e graffiata sia pi\u00f9 bella di una perfetta etichetta di plastica. Per noi, questi piccoli segni di usura rappresentano una scelta consapevole per proteggere i nostri oceani e il nostro suolo.<\/p>\n<p><\/p>\n<p><strong>Contenuto puro. Confezione onesta. Nessun compromesso.<\/strong><\/p>\n<p><\/p>\t\t\t\t\t\t\t\t<\/div>\n\t\t\t\t\t<\/div>\n\t\t\t\t<\/div>\n\t\t\t\t<\/div>","protected":false},"excerpt":{"rendered":"<p>The Beauty of Raw Integrity At SPRY UP, our commitment to the planet is skin-deep\u2014and it goes all the way to the label. When we designed the GARDEN line, we faced a choice: aesthetic perfection or environmental honesty. We chose the Earth. 100% Plastic-Free &amp; Biodegradable Most &#8220;eco-friendly&#8221; bottles still use plastic-coated labels or protective [&hellip;]<\/p>\n","protected":false},"author":6,"featured_media":0,"parent":0,"menu_order":0,"comment_status":"closed","ping_status":"closed","template":"","meta":{"footnotes":""},"class_list":["post-11103","page","type-page","status-publish","hentry"],"_links":{"self":[{"href":"https:\/\/spryup.ch\/it\/wp-json\/wp\/v2\/pages\/11103","targetHints":{"allow":["GET"]}}],"collection":[{"href":"https:\/\/spryup.ch\/it\/wp-json\/wp\/v2\/pages"}],"about":[{"href":"https:\/\/spryup.ch\/it\/wp-json\/wp\/v2\/types\/page"}],"author":[{"embeddable":true,"href":"https:\/\/spryup.ch\/it\/wp-json\/wp\/v2\/users\/6"}],"replies":[{"embeddable":true,"href":"https:\/\/spryup.ch\/it\/wp-json\/wp\/v2\/comments?post=11103"}],"version-history":[{"count":7,"href":"https:\/\/spryup.ch\/it\/wp-json\/wp\/v2\/pages\/11103\/revisions"}],"predecessor-version":[{"id":11110,"href":"https:\/\/spryup.ch\/it\/wp-json\/wp\/v2\/pages\/11103\/revisions\/11110"}],"wp:attachment":[{"href":"https:\/\/spryup.ch\/it\/wp-json\/wp\/v2\/media?parent=11103"}],"curies":[{"name":"wp","href":"https:\/\/api.w.org\/{rel}","templated":true}]}}